{"id":194,"date":"2020-08-12T07:12:07","date_gmt":"2020-08-12T05:12:07","guid":{"rendered":"https:\/\/arcadia.denkanross.de\/?page_id=194"},"modified":"2020-12-16T17:35:12","modified_gmt":"2020-12-16T16:35:12","slug":"insulin-potenzierte-therapie-ipt","status":"publish","type":"page","link":"https:\/\/arcadia.denkanross.de\/de\/krebs-therapie\/insulin-potenzierte-therapie-ipt\/","title":{"rendered":"Insulin-potenzierte Therapie (IPT)"},"content":{"rendered":"\n<div class=\"wp-block-group\"><div class=\"wp-block-group__inner-container is-layout-flow wp-block-group-is-layout-flow\">\n<h2 class=\"has-text-align-center wp-block-heading\">Insulin-potenzierte Therapie bei Krebs<\/h2>\n\n\n\n<p class=\"has-text-align-center\">Die Insulin-potenzierte Therapie (IPT) wird f\u00fcr die Behandlung von Krebs und auch anderen entz\u00fcndlichen Erkrankungen, wie zum Beispiel Infektionskrankheiten, eingesetzt, um die Hauptwirkung der Medikamente zu steigern und die Nebenwirkungen zu minimieren. Durch die Zugabe von Insulin kann, durch die dadurch erreichte Verbesserung der Aufnahme in die Gewebe, die Arzneimittel-Dosis reduziert werden, w\u00e4hrend gleichzeitig die gew\u00fcnschte Wirkung verst\u00e4rkt bzw. &#8222;potenziert&#8220; wird.<br><\/p>\n\n\n\n<p class=\"has-text-align-center\">Die Insulin-potenzierte Therapie (IPT) hat sich in den letzten 85 Jahren als \u00fcberzeugende Behandlungsoption etabliert. In der Krebstherapie wird die IPT als nebenwirkungsarme Erg\u00e4nzung oder sogar als Alternative zur Chemotherapie eingesetzt. Krebszellen oder chronisch infiziertes Gewebe (z. B. bei Borreliose) wird spezifisch und mit viel weniger unerw\u00fcnschten Nebenwirkungen zum Absterben gebracht. In der Arcadia Praxisklinik wenden wir die Insulin-potenzierte Therapie seit mehreren Jahren erfolgreich an.<\/p>\n<\/div><\/div>\n\n\n\n<div class=\"wp-block-group alignfull has-gray-background-color has-background\"><div class=\"wp-block-group__inner-container is-layout-flow wp-block-group-is-layout-flow\">\n<h3 class=\"wp-block-heading\">Krebs liebt Zucker: IPT senkt die Energieversorgung der Krebszelle<\/h3>\n\n\n\n<p>Die Insulin-potenzierte Therapie beruht auf der Tatsache, dass Krebszellen einen vermehrten Zuckerbedarf haben. F\u00fchrt man das Hormon Insulin in kleinen Mengen zu, wird der Blutzuckerspiegel gezielt und kontrolliert gesenkt. W\u00e4hrend der so entstandenen kontrollierten Unterzuckerung wird der Wirkstoff (z. B. Chemotherapeutikum) in einer angepasst niedrigeren Dosis verabreicht. In der Arcadia Praxisklinik nutzen wir dieses Prinzip und arbeiten mit langj\u00e4hriger Erfahrung in der Krebs-Behandlung mit IPT.<\/p>\n<\/div><\/div>\n\n\n\n<div class=\"wp-block-group\"><div class=\"wp-block-group__inner-container is-layout-flow wp-block-group-is-layout-flow\">\n<div class=\"wp-block-columns is-layout-flex wp-container-core-columns-is-layout-1 wp-block-columns-is-layout-flex\">\n<div class=\"wp-block-column is-layout-flow wp-block-column-is-layout-flow\">\n<h3 class=\"wp-block-heading\">Zertifizierte IPT-\u00c4rzte: Exklusives Wissen f\u00fcr die Krebsbehandlung <\/h3>\n\n\n\n<figure class=\"wp-block-image size-full\"><img loading=\"lazy\" decoding=\"async\" width=\"550\" height=\"309\" src=\"https:\/\/arcadia.denkanross.de\/wp-content\/uploads\/2020\/10\/1_Dr-Saupe-Portrait-550x309-1.jpg\" alt=\"\" class=\"wp-image-1270\" srcset=\"https:\/\/arcadia.denkanross.de\/wp-content\/uploads\/2020\/10\/1_Dr-Saupe-Portrait-550x309-1.jpg 550w, https:\/\/arcadia.denkanross.de\/wp-content\/uploads\/2020\/10\/1_Dr-Saupe-Portrait-550x309-1-300x169.jpg 300w\" sizes=\"(max-width: 550px) 100vw, 550px\" \/><figcaption>Dr. med. Henning Saupe, \u00c4rztlicher Leiter<\/figcaption><\/figure>\n<\/div>\n\n\n\n<div class=\"wp-block-column is-vertically-aligned-center is-layout-flow wp-block-column-is-layout-flow\">\n<p>IPT wurde in den 1930er Jahren von einem mexikanischen Milit\u00e4rarzt entwickelt. Sein Sohn und sp\u00e4ter auch sein Enkel Dr. Donato Garcia Perez haben die Insulin-potenzierte Therapie in der ganzen Welt bekannt gemacht und bilden in der internationalen IPT-Akademie \u00c4rzte aus.<\/p>\n\n\n\n<p> Dr. Henning Saupe \u2013 \u00c4rztlicher Leiter der Arcadia Praxisklinik \u2013 ist <a rel=\"noreferrer noopener\" href=\"http:\/\/iptldacademy.org\/officially-certified-ipt-iptld-physicians.php\" target=\"_blank\">zertifizierter IPT-Arzt und Mitglied der Internationalen Akademie f\u00fcr IPT.<\/a><\/p>\n<\/div>\n<\/div>\n<\/div><\/div>\n\n\n\n<div class=\"wp-block-group alignfull has-gray-background-color has-background\"><div class=\"wp-block-group__inner-container is-layout-flow wp-block-group-is-layout-flow\">\n<h3 class=\"wp-block-heading\">Insulin-potenzierte Therapie: F\u00fcr weniger Nebenwirkungen in der Krebstherapie<\/h3>\n\n\n\n<p>Die Insulin-potenzierte Therapie kann helfen, eine fortschreitende Krebserkrankung mit weniger Nebenwirkungen zu behandeln und damit die Lebensqualit\u00e4t des Patienten zu erhalten oder zu verbessern. IPT-erfahrene \u00c4rzte haben zudem beobachtet, dass mit IPT zum Teil bessere Ergebnisse erreicht werden k\u00f6nnen als mit normal-dosierter Chemotherapie.<\/p>\n<\/div><\/div>\n\n\n\n<div class=\"wp-block-group\"><div class=\"wp-block-group__inner-container is-layout-flow wp-block-group-is-layout-flow\">\n<h2 class=\"has-text-align-center wp-block-heading\">IPT-Behandlung in der Arcadia Praxisklinik<\/h2>\n\n\n\n<p class=\"has-text-align-center\">Die Insulin-potenzierte Therapie (IPT) wird in der Arcadia Praxisklinik gezielt f\u00fcr die Behandlung von Krebs, aber auch von anderen chronischen Erkrankungen eingesetzt. Wir bieten zwei Arten der IPT-Behandlung in unserer Praxisklinik an: Die Verwendung von niedrig dosierter \u201eklassischer\u201c Chemotherapie, oder auch die Kombination mit biologischen Antikrebsmitteln in Infusionsform. Welche Therapie f\u00fcr Sie in Frage kommt, empfehlen wir auf Basis einer ausf\u00fchrlichen Untersuchung und Diagnose.<\/p>\n<\/div><\/div>\n\n\n\n<div class=\"wp-block-group alignfull\"><div class=\"wp-block-group__inner-container is-layout-flow wp-block-group-is-layout-flow\">\n<figure class=\"wp-block-gallery alignfull columns-3 is-cropped wp-block-gallery-1 is-layout-flex wp-block-gallery-is-layout-flex\"><ul class=\"blocks-gallery-grid\"><li class=\"blocks-gallery-item\"><figure><img loading=\"lazy\" decoding=\"async\" width=\"550\" height=\"309\" src=\"https:\/\/arcadia.denkanross.de\/wp-content\/uploads\/2020\/10\/Infusionstherapie-1_550x309.jpg\" alt=\"\" data-id=\"1004\" data-full-url=\"https:\/\/arcadia.denkanross.de\/wp-content\/uploads\/2020\/10\/Infusionstherapie-1_550x309.jpg\" data-link=\"https:\/\/arcadia.denkanross.de\/krebs-therapie\/biologische-infusionstherapie\/240_f_335456733_iqy5tji7tjcjjgkehf20axay8rpftqkc\/\" class=\"wp-image-1004\" srcset=\"https:\/\/arcadia.denkanross.de\/wp-content\/uploads\/2020\/10\/Infusionstherapie-1_550x309.jpg 550w, https:\/\/arcadia.denkanross.de\/wp-content\/uploads\/2020\/10\/Infusionstherapie-1_550x309-300x169.jpg 300w\" sizes=\"(max-width: 550px) 100vw, 550px\" \/><\/figure><\/li><li class=\"blocks-gallery-item\"><figure><img loading=\"lazy\" decoding=\"async\" width=\"960\" height=\"540\" src=\"https:\/\/arcadia.denkanross.de\/wp-content\/uploads\/2020\/10\/Infusion-960x540-1.jpg\" alt=\"\" data-id=\"856\" data-full-url=\"https:\/\/arcadia.denkanross.de\/wp-content\/uploads\/2020\/10\/Infusion-960x540-1.jpg\" data-link=\"https:\/\/arcadia.denkanross.de\/infusion\/\" class=\"wp-image-856\" srcset=\"https:\/\/arcadia.denkanross.de\/wp-content\/uploads\/2020\/10\/Infusion-960x540-1.jpg 960w, https:\/\/arcadia.denkanross.de\/wp-content\/uploads\/2020\/10\/Infusion-960x540-1-300x169.jpg 300w, https:\/\/arcadia.denkanross.de\/wp-content\/uploads\/2020\/10\/Infusion-960x540-1-768x432.jpg 768w\" sizes=\"(max-width: 960px) 100vw, 960px\" \/><\/figure><\/li><li class=\"blocks-gallery-item\"><figure><img loading=\"lazy\" decoding=\"async\" width=\"960\" height=\"540\" src=\"https:\/\/arcadia.denkanross.de\/wp-content\/uploads\/2020\/10\/IPT-1_960x540.jpg\" alt=\"\" data-id=\"858\" data-full-url=\"https:\/\/arcadia.denkanross.de\/wp-content\/uploads\/2020\/10\/IPT-1_960x540.jpg\" data-link=\"https:\/\/arcadia.denkanross.de\/ipt\/\" class=\"wp-image-858\" srcset=\"https:\/\/arcadia.denkanross.de\/wp-content\/uploads\/2020\/10\/IPT-1_960x540.jpg 960w, https:\/\/arcadia.denkanross.de\/wp-content\/uploads\/2020\/10\/IPT-1_960x540-300x169.jpg 300w, https:\/\/arcadia.denkanross.de\/wp-content\/uploads\/2020\/10\/IPT-1_960x540-768x432.jpg 768w\" sizes=\"(max-width: 960px) 100vw, 960px\" \/><\/figure><\/li><\/ul><\/figure>\n<\/div><\/div>\n\n\n\n<div class=\"wp-block-group alignfull\"><div class=\"wp-block-group__inner-container is-layout-flow wp-block-group-is-layout-flow\">\n<h2 class=\"has-text-align-center wp-block-heading\">Wissenswertes zu IPT bei Krebs<\/h2>\n\n\n\n<div id=\"content-block-block_5f32f3b5f63b0\" class=\"content-block block-accordion js-accordion\">\n<div class=\"c-accordion\">\n\t\n\t\n\t\t<div class=\"c-accordion-title\" >\n\t\t\tWelche biologischen Antikrebsmittel werden mit IPT verwendet?\t\t\t<span class=\"toggle\"><\/span>\n\t\t<\/div>\n\t\t<div class=\"c-accordion-content\"><p>Nat\u00fcrliche biologische Antikrebsmittel wie z. B. Kurkuma-Extrakt (Curcumin), Artemisia-Extrakt (Artesunat), Ingwer-Extrakt (6-Shogaol), Vitamin-C, Amygdalin, Boscari Extrakt (Weihrauch-Harz), EGCG (ein Catechin aus gr\u00fcnem Tee) oder DCA werden intraven\u00f6s innerhalb einer IPT-Therapie eingesetzt.<\/p>\n<\/div>\n\n\t\n\t\t<div class=\"c-accordion-title\" >\n\t\t\tHat Chemotherapie immer Nebenwirkungen?\t\t\t<span class=\"toggle\"><\/span>\n\t\t<\/div>\n\t\t<div class=\"c-accordion-content\"><p>In der orthodoxen Standard-Chemotherapie ist letztendlich immer die allgemeine Giftigkeit der Behandlung, die zu geringe Spezifit\u00e4t der Wirkung auf die Krebszellen und die vielen Nebenwirkungen auf alle gesunden Organe, insbesondere die Blut- und Immunzellen, aber auch die Leber, die Nieren, die Verdauungsorgane und das Gehirn (\u201ebrain fog\u201c und \u201echemo-brain\u201c bezeichnen das Problem gut) der begrenzende Faktor. Solide Tumorerkrankungen k\u00f6nnen nur selten mit Chemotherapie alleine geheilt werden.<\/p>\n<p>Auch die IPT kann dies nur in seltenen F\u00e4llen. Sie kann aber helfen, eine fortschreitende Erkrankung zu stoppen, die Tumorlast zu reduzieren oder unter Kontrolle zu bringen und dabei die Lebensqualit\u00e4t erhalten.<\/p>\n<p>IPT-erfahrende \u00c4rzte haben die Auffassung und Erfahrung, dass mit IPT \u00e4hnliche oder bessere Ergebnisse erreicht werden k\u00f6nnen als mit normal-dosierter Chemotherapie, weil die verabreichte Dosis so viel geringer ist und die spezifisch krebst\u00f6tende Wirkung besser zu sein scheint.<\/p>\n<\/div>\n\n\t\n\t\t<div class=\"c-accordion-title\" >\n\t\t\tKann IPT die nebenwirkungsreiche Chemotherapie ersetzen?\t\t\t<span class=\"toggle\"><\/span>\n\t\t<\/div>\n\t\t<div class=\"c-accordion-content\"><p>Krebszellen haben bis zu 20 Mal mehr Rezeptoren (Bindungsstellen) f\u00fcr Insulin, unserem k\u00f6rpereigenen Hormon zur Blutzuckerregulation, auf ihrer Zelloberfl\u00e4che als gesunde Zellen. Sie sind dar\u00fcber hinaus spezialisiert auf Zuckerverwertung und nehmen 10-15 Mal mehr Zucker pro Zeiteinheit auf als gesunde Zellen. Diese Fixierung der Krebszellen auf Zucker wird in der IPT ausgenutzt, indem man zuerst den Blutzucker um circa 50-70 mg\/dl durch Verabreichung von Insulin senkt, um dann ein Gemisch aus Zucker und Arzneistoff rasch zu injizieren. In der \u201eZuckerkrise\u201c des niedrigen Blutzuckers \u00f6ffnen die Krebszellen und auch die chronisch entz\u00fcndeten und infizierten Zellen ihre Kan\u00e4le f\u00fcr Zucker. Deshalb reicht es aus, eine Dosis des Arzneimittels zu geben, die nur 10-30 % der normalen Dosis entspricht, um die Zellen zu sch\u00e4digen oder zu t\u00f6ten.<\/p>\n<p>Aus diesem Grunde hat die IPT kaum oder keine nennenswerten Nebenwirkungen und kann so oft durchgef\u00fchrt werden, wie sie von Nutzen ist oder ben\u00f6tigt wird, um die Krankheit dauerhaft unter Kontrolle zu bekommen oder in eine R\u00fcckbildung (Remission) zu f\u00fchren.<\/p>\n<\/div>\n\n\t\n\t<\/div>\n<\/div>\n<\/div><\/div>\n\n\n\n<div class=\"wp-block-group alignfull has-blue-background-color has-background\"><div class=\"wp-block-group__inner-container is-layout-flow wp-block-group-is-layout-flow\">\n<div class=\"wp-block-columns alignwide is-style-linkteaser cols-2 is-layout-flex wp-container-core-columns-is-layout-2 wp-block-columns-is-layout-flex\">\n<div class=\"wp-block-column is-layout-flow wp-block-column-is-layout-flow\">\n<h3 class=\"has-text-align-center has-white-color has-text-color wp-block-heading\">Erweiterte Diagnose-Verfahren<\/h3>\n\n\n\n<p class=\"has-text-align-center\">Jede Therapieempfehlung setzt eine ausf\u00fchrliche Diagnose der Krebserkrankung voraus.<\/p>\n\n\n\n<div class=\"wp-block-buttons aligncenter has-text-align-center is-style-default is-layout-flex wp-block-buttons-is-layout-flex\">\n<div class=\"wp-block-button is-style-white\"><a class=\"wp-block-button__link\" href=\"https:\/\/arcadia.denkanross.de\/integrative-krebs-behandlung\/diagnose\/\" rel=\"ghjh\">Unsere Diagnoseverfahren<\/a><\/div>\n<\/div>\n<\/div>\n\n\n\n<div class=\"wp-block-column is-layout-flow wp-block-column-is-layout-flow\">\n<h3 class=\"has-text-align-center has-white-color has-text-color wp-block-heading\">Unsere Patienten-Erfahrungen<\/h3>\n\n\n\n<p class=\"has-text-align-center\">Erfahren Sie, was unsere Patienten \u00fcber ihre Krebsbehandlung bei Arcadia erz\u00e4hlen. <\/p>\n\n\n\n<div class=\"wp-block-buttons aligncenter has-text-align-center is-layout-flex wp-block-buttons-is-layout-flex\">\n<div class=\"wp-block-button is-style-white\"><a class=\"wp-block-button__link\" href=\"https:\/\/arcadia.denkanross.de\/arcadia-praxis-klinik\/\">Unsere Patienten<\/a><\/div>\n<\/div>\n<\/div>\n<\/div>\n\n\n\n<p><\/p>\n<\/div><\/div>\n","protected":false},"excerpt":{"rendered":"<p>Insulin-potenzierte Therapie bei Krebs Die Insulin-potenzierte Therapie (IPT) wird f\u00fcr die Behandlung von Krebs und auch anderen entz\u00fcndlichen Erkrankungen, wie&hellip;<\/p>\n","protected":false},"author":2,"featured_media":0,"parent":40,"menu_order":0,"comment_status":"closed","ping_status":"closed","template":"","meta":{"_acf_changed":false,"footnotes":""},"acf":[],"_links":{"self":[{"href":"https:\/\/arcadia.denkanross.de\/de\/wp-json\/wp\/v2\/pages\/194"}],"collection":[{"href":"https:\/\/arcadia.denkanross.de\/de\/wp-json\/wp\/v2\/pages"}],"about":[{"href":"https:\/\/arcadia.denkanross.de\/de\/wp-json\/wp\/v2\/types\/page"}],"author":[{"embeddable":true,"href":"https:\/\/arcadia.denkanross.de\/de\/wp-json\/wp\/v2\/users\/2"}],"replies":[{"embeddable":true,"href":"https:\/\/arcadia.denkanross.de\/de\/wp-json\/wp\/v2\/comments?post=194"}],"version-history":[{"count":44,"href":"https:\/\/arcadia.denkanross.de\/de\/wp-json\/wp\/v2\/pages\/194\/revisions"}],"predecessor-version":[{"id":1911,"href":"https:\/\/arcadia.denkanross.de\/de\/wp-json\/wp\/v2\/pages\/194\/revisions\/1911"}],"up":[{"embeddable":true,"href":"https:\/\/arcadia.denkanross.de\/de\/wp-json\/wp\/v2\/pages\/40"}],"wp:attachment":[{"href":"https:\/\/arcadia.denkanross.de\/de\/wp-json\/wp\/v2\/media?parent=194"}],"curies":[{"name":"wp","href":"https:\/\/api.w.org\/{rel}","templated":true}]}}