{"id":275,"date":"2020-08-15T08:00:32","date_gmt":"2020-08-15T06:00:32","guid":{"rendered":"https:\/\/arcadia.denkanross.de\/?page_id=275"},"modified":"2020-12-16T17:35:41","modified_gmt":"2020-12-16T16:35:41","slug":"photodynamische-therapie-pdt","status":"publish","type":"page","link":"https:\/\/arcadia.denkanross.de\/de\/krebs-therapie\/photodynamische-therapie-pdt\/","title":{"rendered":"Photodynamische Therapie (PDT)"},"content":{"rendered":"\n<div class=\"wp-block-group\"><div class=\"wp-block-group__inner-container is-layout-flow wp-block-group-is-layout-flow\">\n<h2 class=\"has-text-align-center wp-block-heading\">Photodynamische Tumortherapie<\/h2>\n\n\n\n<p class=\"has-text-align-center\">Die Photodynamische Therapie (kurz: PDT) ist f\u00fcr die Krebsbehandlung eine ganz neue und besonders interessante Variante der Lasertherapie. PDT wird zur Tumortherapie bereits in verschiedenen Fachbereichen, sowohl kurativ als auch palliativ, eingesetzt. In Fachkreisen sieht man die Zukunft der Methode in der kurativen Therapie von fr\u00fchmalignen Gewebever\u00e4nderungen der Haut und der endoskopisch zug\u00e4nglichen Hohlorgane.<\/p>\n<\/div><\/div>\n\n\n\n<div class=\"wp-block-group alignfull has-gray-background-color has-background\"><div class=\"wp-block-group__inner-container is-layout-flow wp-block-group-is-layout-flow\">\n<div class=\"wp-block-columns is-layout-flex wp-container-core-columns-is-layout-1 wp-block-columns-is-layout-flex\">\n<div class=\"wp-block-column is-vertically-aligned-center is-layout-flow wp-block-column-is-layout-flow\">\n<h3 class=\"wp-block-heading\">Mit Licht und Sauerstoff den Krebszellen zu Leibe r\u00fccken<\/h3>\n\n\n\n<figure class=\"wp-block-image size-full\"><img loading=\"lazy\" decoding=\"async\" width=\"960\" height=\"540\" src=\"https:\/\/arcadia.denkanross.de\/wp-content\/uploads\/2020\/10\/PDT_DrH_960x540.jpg\" alt=\"\" class=\"wp-image-1343\" srcset=\"https:\/\/arcadia.denkanross.de\/wp-content\/uploads\/2020\/10\/PDT_DrH_960x540.jpg 960w, https:\/\/arcadia.denkanross.de\/wp-content\/uploads\/2020\/10\/PDT_DrH_960x540-300x169.jpg 300w, https:\/\/arcadia.denkanross.de\/wp-content\/uploads\/2020\/10\/PDT_DrH_960x540-768x432.jpg 768w\" sizes=\"(max-width: 960px) 100vw, 960px\" \/><\/figure>\n<\/div>\n\n\n\n<div class=\"wp-block-column is-vertically-aligned-top is-layout-flow wp-block-column-is-layout-flow\">\n<p>Einfach zusammengefasst ist die Photodynamische Therapie eine Lasertherapie, die in Kombination mit einer lichtempfindlichen Substanz durchgef\u00fchrt wird. Ein sogenannter Photosensitizer wird durch Infusionen in den K\u00f6rper eingebracht und reichert sich in den Tumorzellen spezifisch an. Durch die Bestrahlung mit Laserlicht der geeigneten Wellenl\u00e4ngen wird dieser so aktiviert, dass dadurch sogenannte Sauerstoffradikale (Singulett-Sauerstoff-Molek\u00fcle) gebildet werden, die Tumorzellen zerst\u00f6rt k\u00f6nnen.<\/p>\n<\/div>\n<\/div>\n<\/div><\/div>\n\n\n\n<div class=\"wp-block-group\"><div class=\"wp-block-group__inner-container is-layout-flow wp-block-group-is-layout-flow\">\n<div class=\"wp-block-columns are-vertically-aligned-top is-layout-flex wp-container-core-columns-is-layout-2 wp-block-columns-is-layout-flex\">\n<div class=\"wp-block-column is-vertically-aligned-top is-layout-flow wp-block-column-is-layout-flow\">\n<h3 class=\"has-text-align-center wp-block-heading\">Chlorophyll \u2013 der effektivste Photosensitizer gewonnen aus der Natur<\/h3>\n<\/div>\n<\/div>\n\n\n\n<p class=\"has-text-align-center\">Studien haben ergeben, dass Krebszellen einen speziellen Transportmechanismus f\u00fcr Chlorophyll haben, durch den sie ein Vielfaches mehr an Chlorophyll pro Zeiteinheit aufnehmen als ihre gesunden Nachbarzellen. Eine der effektivsten Photosensitizer ist das halbsynthetische ChlorinE6, das aus dem gr\u00fcnen Farbstoff Chlorophyll hergestellt wird. Durch einen pharmakologischen Prozess wird dem aus Gras gewonnenen Chlorophyll ein Teil des Molek\u00fcls entfernt. Dadurch \u00e4ndert sich das Licht-Absorptionsverhalten des Stoffes. Durch Bestrahlungen mit Laserlicht der geeigneten Wellenl\u00e4ngen wird dieser aktiviert, so dass dadurch Singulett-Sauerstoff-Molek\u00fcle gebildet werden, die Tumorzellen wirksam zerst\u00f6ren k\u00f6nnen. Diese Sauerstoffradikale existieren nur f\u00fcr Sekunden und wandeln sich dann direkt in normalen Sauerstoff um. Der Vorteil liegt auf der Hand: Nach der PDT Behandlung verbleiben keine Gifte im K\u00f6rper, die die Genesung verhindern k\u00f6nnten.<\/p>\n<\/div><\/div>\n\n\n\n<div class=\"wp-block-group alignfull has-gray-background-color has-background\"><div class=\"wp-block-group__inner-container is-layout-flow wp-block-group-is-layout-flow\">\n<div class=\"wp-block-columns are-vertically-aligned-top is-layout-flex wp-container-core-columns-is-layout-3 wp-block-columns-is-layout-flex\">\n<div class=\"wp-block-column is-vertically-aligned-top is-layout-flow wp-block-column-is-layout-flow\">\n<h3 class=\"wp-block-heading\">Mit PDT nebenwirkungsarm Krebserkrankungen behandeln<\/h3>\n\n\n\n<figure class=\"wp-block-image size-full\"><img loading=\"lazy\" decoding=\"async\" width=\"960\" height=\"540\" src=\"https:\/\/arcadia.denkanross.de\/wp-content\/uploads\/2020\/10\/PDT-HN_960x540.jpg\" alt=\"\" class=\"wp-image-1345\" srcset=\"https:\/\/arcadia.denkanross.de\/wp-content\/uploads\/2020\/10\/PDT-HN_960x540.jpg 960w, https:\/\/arcadia.denkanross.de\/wp-content\/uploads\/2020\/10\/PDT-HN_960x540-300x169.jpg 300w, https:\/\/arcadia.denkanross.de\/wp-content\/uploads\/2020\/10\/PDT-HN_960x540-768x432.jpg 768w\" sizes=\"(max-width: 960px) 100vw, 960px\" \/><\/figure>\n<\/div>\n\n\n\n<div class=\"wp-block-column is-vertically-aligned-top is-layout-flow wp-block-column-is-layout-flow\">\n<p>Die PDT Behandlung in der Arcadia Praxisklinik l\u00e4uft wie folgt ab: Unsere Patienten bekommen intraven\u00f6s den Photosensitizer verabreicht, der sich im Tumorgewebe anlagert. Im Anschluss findet eine Bestrahlung mit Laserlicht statt. Die Behandlung dauert nach Einbringen des Laser-Lichtleiterkabels in den Tumor weniger als eine halbe Stunde und verursacht keinen nennenswerten Nebenwirkungen oder Schmerzen. Nach erfolgter Therapie dauert es mehrere Wochen, bis das Immunsystem die toten Zellen beseitigt und abtransportiert. Eine Nachkontrolle mit entsprechenden Untersuchungsverfahren, z.B. Ultraschall ist nach 1-2 Monaten angeraten.<\/p>\n\n\n\n<p><\/p>\n<\/div>\n<\/div>\n<\/div><\/div>\n\n\n\n<div class=\"wp-block-group\"><div class=\"wp-block-group__inner-container is-layout-flow wp-block-group-is-layout-flow\">\n<h2 class=\"has-text-align-center wp-block-heading\">PDT-Behandlung in der Arcadia Praxisklinik<\/h2>\n\n\n\n<p class=\"has-text-align-center\">Die Photodynamische Therapie (PDT) wird in der Arcadia Praxisklinik seit einiger Zeit f\u00fcr die Krebsbehandlung eingesetzt. Ob PDT f\u00fcr Sie und Ihre Krebsbehandlung geeignet ist, k\u00f6nnen wir erst auf Basis einer ausf\u00fchrlichen Untersuchung und Diagnose feststellen. Nehmen Sie gerne dazu mit uns Kontakt auf.<\/p>\n<\/div><\/div>\n\n\n\n<div class=\"wp-block-group alignfull has-blue-background-color has-background\"><div class=\"wp-block-group__inner-container is-layout-flow wp-block-group-is-layout-flow\">\n<div class=\"wp-block-columns alignwide is-style-linkteaser cols-2 is-layout-flex wp-container-core-columns-is-layout-4 wp-block-columns-is-layout-flex\">\n<div class=\"wp-block-column is-layout-flow wp-block-column-is-layout-flow\">\n<h3 class=\"has-text-align-center has-white-color has-text-color wp-block-heading\">Erweiterte Diagnose-Verfahren<\/h3>\n\n\n\n<p class=\"has-text-align-center\">Jede Therapieempfehlung setzt eine ausf\u00fchrliche Diagnose der Krebserkrankung voraus.<\/p>\n\n\n\n<div class=\"wp-block-buttons aligncenter has-text-align-center is-style-default is-layout-flex wp-block-buttons-is-layout-flex\">\n<div class=\"wp-block-button is-style-white\"><a class=\"wp-block-button__link\" href=\"https:\/\/arcadia.denkanross.de\/integrative-krebs-behandlung\/diagnose\/\" rel=\"ghjh\">Unsere Diagnoseverfahren<\/a><\/div>\n<\/div>\n<\/div>\n\n\n\n<div class=\"wp-block-column is-layout-flow wp-block-column-is-layout-flow\">\n<h3 class=\"has-text-align-center has-white-color has-text-color wp-block-heading\">Sie haben Fragen zu PDT?<\/h3>\n\n\n\n<p class=\"has-text-align-center\">Sie haben Fragen zur Photodynamische Therapie f\u00fcr die Krebsbehandlung bei Arcadia? Wir geben Ihnen gerne mehr Informationen.<\/p>\n\n\n\n<div class=\"wp-block-buttons aligncenter has-text-align-center is-layout-flex wp-block-buttons-is-layout-flex\">\n<div class=\"wp-block-button is-style-white\"><a class=\"wp-block-button__link\" href=\"https:\/\/arcadia.denkanross.de\/kontakt\/\">Kontakt aufnehmen<\/a><\/div>\n<\/div>\n<\/div>\n<\/div>\n\n\n\n<p><\/p>\n<\/div><\/div>\n","protected":false},"excerpt":{"rendered":"<p>Photodynamische Tumortherapie Die Photodynamische Therapie (kurz: PDT) ist f\u00fcr die Krebsbehandlung eine ganz neue und besonders interessante Variante der Lasertherapie.&hellip;<\/p>\n","protected":false},"author":2,"featured_media":0,"parent":40,"menu_order":0,"comment_status":"closed","ping_status":"closed","template":"","meta":{"_acf_changed":false,"footnotes":""},"acf":[],"_links":{"self":[{"href":"https:\/\/arcadia.denkanross.de\/de\/wp-json\/wp\/v2\/pages\/275"}],"collection":[{"href":"https:\/\/arcadia.denkanross.de\/de\/wp-json\/wp\/v2\/pages"}],"about":[{"href":"https:\/\/arcadia.denkanross.de\/de\/wp-json\/wp\/v2\/types\/page"}],"author":[{"embeddable":true,"href":"https:\/\/arcadia.denkanross.de\/de\/wp-json\/wp\/v2\/users\/2"}],"replies":[{"embeddable":true,"href":"https:\/\/arcadia.denkanross.de\/de\/wp-json\/wp\/v2\/comments?post=275"}],"version-history":[{"count":21,"href":"https:\/\/arcadia.denkanross.de\/de\/wp-json\/wp\/v2\/pages\/275\/revisions"}],"predecessor-version":[{"id":1912,"href":"https:\/\/arcadia.denkanross.de\/de\/wp-json\/wp\/v2\/pages\/275\/revisions\/1912"}],"up":[{"embeddable":true,"href":"https:\/\/arcadia.denkanross.de\/de\/wp-json\/wp\/v2\/pages\/40"}],"wp:attachment":[{"href":"https:\/\/arcadia.denkanross.de\/de\/wp-json\/wp\/v2\/media?parent=275"}],"curies":[{"name":"wp","href":"https:\/\/api.w.org\/{rel}","templated":true}]}}