{"id":331,"date":"2020-08-15T16:21:00","date_gmt":"2020-08-15T14:21:00","guid":{"rendered":"https:\/\/arcadia.denkanross.de\/?page_id=331"},"modified":"2020-11-05T19:06:09","modified_gmt":"2020-11-05T18:06:09","slug":"persoenliches-coaching","status":"publish","type":"page","link":"https:\/\/arcadia.denkanross.de\/de\/krebs-therapie\/persoenliches-coaching\/","title":{"rendered":"Pers\u00f6nliches Coaching"},"content":{"rendered":"\n<div class=\"wp-block-group\"><div class=\"wp-block-group__inner-container is-layout-flow wp-block-group-is-layout-flow\">\n<h2 class=\"has-text-align-center wp-block-heading\">Pers\u00f6nliches Coaching in der Krebstherapie<\/h2>\n\n\n\n<p class=\"has-text-align-center\">Eine Krebserkrankung ist f\u00fcr die meisten Betroffenen ein bedeutsames, einschneidendes Erlebnis. Oft aber auch eine Chance, das Leben noch einmal ganz neu zu betrachten. Dabei tauchen nicht selten innere Konflikte im Bewusstsein auf, die es zu bearbeiten gilt. Eine L\u00f6sung dieser inneren Konflikte kann dabei  sehr oft den weiteren Verlauf der Erkrankung positiv beeinflussen \u2013 sogar eine unerwartete Remission oder gar \u201eHeilung\u201c f\u00f6rdern.<\/p>\n<\/div><\/div>\n\n\n\n<div class=\"wp-block-group alignfull has-gray-background-color has-background\"><div class=\"wp-block-group__inner-container is-layout-flow wp-block-group-is-layout-flow\">\n<div class=\"wp-block-columns are-vertically-aligned-top is-layout-flex wp-container-core-columns-is-layout-1 wp-block-columns-is-layout-flex\">\n<div class=\"wp-block-column is-vertically-aligned-top is-layout-flow wp-block-column-is-layout-flow\">\n<h3 class=\"wp-block-heading\">Aus pers\u00f6nlichen Krisen und Konflikten gest\u00e4rkt hervorgehen<\/h3>\n\n\n\n<figure class=\"wp-block-image size-full\"><img loading=\"lazy\" decoding=\"async\" width=\"550\" height=\"310\" src=\"https:\/\/arcadia.denkanross.de\/wp-content\/uploads\/2020\/10\/Taraxacum-550x310-1.jpg\" alt=\"\" class=\"wp-image-910\" srcset=\"https:\/\/arcadia.denkanross.de\/wp-content\/uploads\/2020\/10\/Taraxacum-550x310-1.jpg 550w, https:\/\/arcadia.denkanross.de\/wp-content\/uploads\/2020\/10\/Taraxacum-550x310-1-300x169.jpg 300w\" sizes=\"(max-width: 550px) 100vw, 550px\" \/><\/figure>\n<\/div>\n\n\n\n<div class=\"wp-block-column is-vertically-aligned-top is-layout-flow wp-block-column-is-layout-flow\">\n<p>Lebenskrisen, Schicksalsschl\u00e4ge, Stress und Niederlagen geh\u00f6ren zu unserem Leben einfach dazu. Doch manche Menschen meistern und \u00fcberwinden diese scheinbar besser als andere. Sie besitzen ein besonderes Talent, wieder in ihre Kraft zu kommen. Man nennt dies Resilienz. Sie gehen aus Krisen sogar gest\u00e4rkt hervor. Tiefpunkte nutzen sie f\u00fcr pers\u00f6nliches Wachstum, Entwicklung und Neuausrichtung. All das ist auch eine Frage der Einstellung und der inneren Klarheit. Unterbewusste innere Konflikte k\u00f6nnen dem Heilungsprozess dabei im Weg stehen. Durch Annehmen dessen, was ist, und durch ein Neuausrichten des Bewusstseins, k\u00f6nnen Heilungskr\u00e4fte geweckt und verst\u00e4rkt werden.<\/p>\n<\/div>\n<\/div>\n<\/div><\/div>\n\n\n\n<div class=\"wp-block-group\"><div class=\"wp-block-group__inner-container is-layout-flow wp-block-group-is-layout-flow\">\n<div class=\"wp-block-columns are-vertically-aligned-top is-layout-flex wp-container-core-columns-is-layout-2 wp-block-columns-is-layout-flex\">\n<div class=\"wp-block-column is-vertically-aligned-top is-layout-flow wp-block-column-is-layout-flow\">\n<h3 class=\"wp-block-heading\">Die inneren Konflikte und \u00c4ngste l\u00f6sen, kann die Heilung positiv beeinflussen <\/h3>\n\n\n\n<figure class=\"wp-block-image size-full\"><img loading=\"lazy\" decoding=\"async\" width=\"550\" height=\"309\" src=\"https:\/\/arcadia.denkanross.de\/wp-content\/uploads\/2020\/10\/AdobeStock_175551575_550x309.jpg\" alt=\"\" class=\"wp-image-1349\" srcset=\"https:\/\/arcadia.denkanross.de\/wp-content\/uploads\/2020\/10\/AdobeStock_175551575_550x309.jpg 550w, https:\/\/arcadia.denkanross.de\/wp-content\/uploads\/2020\/10\/AdobeStock_175551575_550x309-300x169.jpg 300w\" sizes=\"(max-width: 550px) 100vw, 550px\" \/><\/figure>\n<\/div>\n\n\n\n<div class=\"wp-block-column is-vertically-aligned-top is-layout-flow wp-block-column-is-layout-flow\">\n<p>Diagnose Krebs. F\u00fcr viele beginnt damit nicht nur eine lange Odyssee von \u00c4rzten und Kliniken, sondern auch eine bange Zeit des Wartens und Zweifelns. Oft alleingelassen mit Sorgen um die eigene Zukunft, aber auch um die der Familie. Daraus resultiert oft Hoffnungslosigkeit und die Frage nach dem Sinn des Lebens. \u00c4ngste und Selbstzweifel f\u00fchren dabei oft zu inneren Konflikten. Diese aufzul\u00f6sen und in positive Energie umzuwandeln, kann den Heilungsprozess entscheidend verbessern.<\/p>\n<\/div>\n<\/div>\n<\/div><\/div>\n\n\n\n<div class=\"wp-block-group alignfull has-gray-background-color has-background\"><div class=\"wp-block-group__inner-container is-layout-flow wp-block-group-is-layout-flow\">\n<div class=\"wp-block-columns are-vertically-aligned-top is-layout-flex wp-container-core-columns-is-layout-3 wp-block-columns-is-layout-flex\">\n<div class=\"wp-block-column is-vertically-aligned-top is-layout-flow wp-block-column-is-layout-flow\">\n<h3 class=\"wp-block-heading\">Die Krebserkrankung als Chance f\u00fcr einen neuen Lebensweg<\/h3>\n\n\n\n<figure class=\"wp-block-image size-full\"><img loading=\"lazy\" decoding=\"async\" width=\"550\" height=\"309\" src=\"https:\/\/arcadia.denkanross.de\/wp-content\/uploads\/2020\/10\/Coaching-550x309-1.jpg\" alt=\"\" class=\"wp-image-820\" srcset=\"https:\/\/arcadia.denkanross.de\/wp-content\/uploads\/2020\/10\/Coaching-550x309-1.jpg 550w, https:\/\/arcadia.denkanross.de\/wp-content\/uploads\/2020\/10\/Coaching-550x309-1-300x169.jpg 300w\" sizes=\"(max-width: 550px) 100vw, 550px\" \/><\/figure>\n<\/div>\n\n\n\n<div class=\"wp-block-column is-vertically-aligned-top is-layout-flow wp-block-column-is-layout-flow\">\n<p>Allen Patienten in der Arcadia Praxisklinik bieten wir die Gelegenheit f\u00fcr ein pers\u00f6nliches Coaching. Daf\u00fcr steht ihnen ein ausgebildeter und erfahrener Coach zur Seite. Neben intensiven Gespr\u00e4chen geh\u00f6ren u.a. zu den Coaching-Techniken sogenannte Innenwelt-Reisen in Tiefenentspannung, Visualisierung, Affirmations-Training, Elemente der NLP (neuro-linguistisches Programmieren) bis hin zu <a href=\"https:\/\/tipping-methode.de\">Vergebungs-Arbeit nach Colin Tipping.<\/a><\/p>\n\n\n\n<p><\/p>\n<\/div>\n<\/div>\n<\/div><\/div>\n\n\n\n<div class=\"wp-block-group\"><div class=\"wp-block-group__inner-container is-layout-flow wp-block-group-is-layout-flow\">\n<h2 class=\"has-text-align-center wp-block-heading\">Pers\u00f6nliches Coaching in der Arcadia Praxisklinik<\/h2>\n\n\n\n<p class=\"has-text-align-center\">Wir bieten unseren Patienten in der Arcadia Praxisklinik die M\u00f6glichkeit, ihr Leben und ihre inneren Fragen mit einem pers\u00f6nlichen Coach zu betrachten, um gemeinsam neue L\u00f6sungswege aus der Krise zu finden. Ziel ist die Aufl\u00f6sung innerer Konflikte, eine positive Lebenseinstellung und damit auch ein neuer Weg zur pers\u00f6nlichen Genesung. <\/p>\n<\/div><\/div>\n\n\n\n<div class=\"wp-block-group alignfull has-blue-background-color has-background\"><div class=\"wp-block-group__inner-container is-layout-flow wp-block-group-is-layout-flow\">\n<div class=\"wp-block-columns alignwide is-style-linkteaser cols-2 is-layout-flex wp-container-core-columns-is-layout-4 wp-block-columns-is-layout-flex\">\n<div class=\"wp-block-column is-layout-flow wp-block-column-is-layout-flow\">\n<h3 class=\"has-text-align-center has-white-color has-text-color wp-block-heading\">Unsere Diagnose-Verfahren<\/h3>\n\n\n\n<p class=\"has-text-align-center\">Jede Therapieempfehlung setzt eine ausf\u00fchrliche Diagnose der Krebserkrankung voraus.<\/p>\n\n\n\n<div class=\"wp-block-buttons aligncenter has-text-align-center is-style-default is-layout-flex wp-block-buttons-is-layout-flex\">\n<div class=\"wp-block-button is-style-white\"><a class=\"wp-block-button__link\" href=\"https:\/\/arcadia.denkanross.de\/integrative-krebs-behandlung\/diagnose\/\" rel=\"ghjh\">Zu den Diagnoseverfahren<\/a><\/div>\n<\/div>\n<\/div>\n\n\n\n<div class=\"wp-block-column is-layout-flow wp-block-column-is-layout-flow\">\n<h3 class=\"has-text-align-center has-white-color has-text-color wp-block-heading\">Unsere Patienten-Erfahrungen<\/h3>\n\n\n\n<p class=\"has-text-align-center\">Erfahren Sie, was unsere Patienten \u00fcber ihre Krebsbehandlung bei Arcadia erz\u00e4hlen. <\/p>\n\n\n\n<div class=\"wp-block-buttons aligncenter has-text-align-center is-layout-flex wp-block-buttons-is-layout-flex\">\n<div class=\"wp-block-button is-style-white\"><a class=\"wp-block-button__link\" href=\"https:\/\/arcadia.denkanross.de\/arcadia-praxis-klinik\/\">Das sagen unsere Patienten<\/a><\/div>\n<\/div>\n<\/div>\n<\/div>\n<\/div><\/div>\n","protected":false},"excerpt":{"rendered":"<p>Pers\u00f6nliches Coaching in der Krebstherapie Eine Krebserkrankung ist f\u00fcr die meisten Betroffenen ein bedeutsames, einschneidendes Erlebnis. Oft aber auch eine&hellip;<\/p>\n","protected":false},"author":2,"featured_media":0,"parent":40,"menu_order":0,"comment_status":"closed","ping_status":"closed","template":"","meta":{"_acf_changed":false,"footnotes":""},"acf":[],"_links":{"self":[{"href":"https:\/\/arcadia.denkanross.de\/de\/wp-json\/wp\/v2\/pages\/331"}],"collection":[{"href":"https:\/\/arcadia.denkanross.de\/de\/wp-json\/wp\/v2\/pages"}],"about":[{"href":"https:\/\/arcadia.denkanross.de\/de\/wp-json\/wp\/v2\/types\/page"}],"author":[{"embeddable":true,"href":"https:\/\/arcadia.denkanross.de\/de\/wp-json\/wp\/v2\/users\/2"}],"replies":[{"embeddable":true,"href":"https:\/\/arcadia.denkanross.de\/de\/wp-json\/wp\/v2\/comments?post=331"}],"version-history":[{"count":28,"href":"https:\/\/arcadia.denkanross.de\/de\/wp-json\/wp\/v2\/pages\/331\/revisions"}],"predecessor-version":[{"id":1455,"href":"https:\/\/arcadia.denkanross.de\/de\/wp-json\/wp\/v2\/pages\/331\/revisions\/1455"}],"up":[{"embeddable":true,"href":"https:\/\/arcadia.denkanross.de\/de\/wp-json\/wp\/v2\/pages\/40"}],"wp:attachment":[{"href":"https:\/\/arcadia.denkanross.de\/de\/wp-json\/wp\/v2\/media?parent=331"}],"curies":[{"name":"wp","href":"https:\/\/api.w.org\/{rel}","templated":true}]}}