{"id":34,"date":"2020-08-05T10:28:45","date_gmt":"2020-08-05T08:28:45","guid":{"rendered":"http:\/\/arcadia.denkanross.de\/?page_id=34"},"modified":"2020-12-22T15:51:08","modified_gmt":"2020-12-22T14:51:08","slug":"startseite","status":"publish","type":"page","link":"https:\/\/arcadia.denkanross.de\/de\/","title":{"rendered":"Startseite"},"content":{"rendered":"\n<div id=\"content-block-block_5f32a3093e0e6\" class=\"content-block block-slider alignfull\">\n\n\t<div class=\"c-slider js-slider\">\n\n\t\t\t\t\t<div class=\"c-slider-slide\">\n\n\t\t\t\t<div class=\"c-slider-slide-inner container\">\n\t\t\t\t\t\t\t\t\t<div class=\"c-slider-headline-small mb-1\">The Arcadia way to health<\/div>\n\t\t\t\t\t\t\t\t\t\t\t\t\t<div class=\"c-slider-headline h1\"><b>Wir behandeln den<br \/>\r\nganzen Menschen<\/b><\/div>\n\t\t\t\t\t\t\t\t\t\t\t\t\t<div class=\"c-slider-subheadline mb-2\">Arcadia Praxisklinik Bad Emstal<br \/>\r\nZentrum f\u00fcr integrative Medizin und Krebstherapie<\/div>\n\t\t\t\t\t\t\t\t\t\t\t\t\t<a class=\"o-button\" href=\"https:\/\/arcadia.denkanross.de\/arcadia-praxis-klinik\/\" >Das sagen unsere Patienten<\/a>\n\t\t\t\t\t\t\t\t<\/div>\n\n\t\t\t\t\t\t\t\t\t<img loading=\"lazy\" decoding=\"async\" width=\"1920\" height=\"960\" src=\"https:\/\/arcadia.denkanross.de\/wp-content\/uploads\/2020\/08\/Titel-Frau-1920x960-1.jpg\" class=\"c-slider-image\" alt=\"\" srcset=\"https:\/\/arcadia.denkanross.de\/wp-content\/uploads\/2020\/08\/Titel-Frau-1920x960-1.jpg 1920w, https:\/\/arcadia.denkanross.de\/wp-content\/uploads\/2020\/08\/Titel-Frau-1920x960-1-300x150.jpg 300w, https:\/\/arcadia.denkanross.de\/wp-content\/uploads\/2020\/08\/Titel-Frau-1920x960-1-1024x512.jpg 1024w, https:\/\/arcadia.denkanross.de\/wp-content\/uploads\/2020\/08\/Titel-Frau-1920x960-1-768x384.jpg 768w, https:\/\/arcadia.denkanross.de\/wp-content\/uploads\/2020\/08\/Titel-Frau-1920x960-1-1536x768.jpg 1536w\" sizes=\"(max-width: 1920px) 100vw, 1920px\" \/>\t\t\t\t\t\t\t<\/div>\n\t\t\t\t\t<div class=\"c-slider-slide\">\n\n\t\t\t\t<div class=\"c-slider-slide-inner container\">\n\t\t\t\t\t\t\t\t\t<div class=\"c-slider-headline-small mb-1\">The Arcadia way to health<\/div>\n\t\t\t\t\t\t\t\t\t\t\t\t\t<div class=\"c-slider-headline h1\"><b>Bei uns steht der<br \/>\r\nMensch im Mittelpunkt<\/b><\/div>\n\t\t\t\t\t\t\t\t\t\t\t\t\t<div class=\"c-slider-subheadline mb-2\">Arcadia Praxisklinik Bad Emstal<br \/>\r\nZentrum f\u00fcr integrative Medizin und Krebstherapie<\/div>\n\t\t\t\t\t\t\t\t\t\t\t\t\t<a class=\"o-button\" href=\"https:\/\/arcadia.denkanross.de\/integrative-krebs-behandlung\/\" >Integrative Krebsbehandlung<\/a>\n\t\t\t\t\t\t\t\t<\/div>\n\n\t\t\t\t\t\t\t\t\t<img loading=\"lazy\" decoding=\"async\" width=\"1920\" height=\"960\" src=\"https:\/\/arcadia.denkanross.de\/wp-content\/uploads\/2020\/09\/Titel-Paar_1920x960.jpg\" class=\"c-slider-image\" alt=\"\" srcset=\"https:\/\/arcadia.denkanross.de\/wp-content\/uploads\/2020\/09\/Titel-Paar_1920x960.jpg 1920w, https:\/\/arcadia.denkanross.de\/wp-content\/uploads\/2020\/09\/Titel-Paar_1920x960-300x150.jpg 300w, https:\/\/arcadia.denkanross.de\/wp-content\/uploads\/2020\/09\/Titel-Paar_1920x960-1024x512.jpg 1024w, https:\/\/arcadia.denkanross.de\/wp-content\/uploads\/2020\/09\/Titel-Paar_1920x960-768x384.jpg 768w, https:\/\/arcadia.denkanross.de\/wp-content\/uploads\/2020\/09\/Titel-Paar_1920x960-1536x768.jpg 1536w\" sizes=\"(max-width: 1920px) 100vw, 1920px\" \/>\t\t\t\t\t\t\t<\/div>\n\t\t\t\t\t<div class=\"c-slider-slide\">\n\n\t\t\t\t<div class=\"c-slider-slide-inner container\">\n\t\t\t\t\t\t\t\t\t<div class=\"c-slider-headline-small mb-1\">The Arcadia way to health<\/div>\n\t\t\t\t\t\t\t\t\t\t\t\t\t<div class=\"c-slider-headline h1\"><b>Wir wollen, dass Sie gesund werden<\/b><\/div>\n\t\t\t\t\t\t\t\t\t\t\t\t\t<div class=\"c-slider-subheadline mb-2\">Arcadia Praxisklinik Bad Emstal<br \/>\r\nZentrum f\u00fcr integrative Medizin und Krebstherapie<\/div>\n\t\t\t\t\t\t\t\t\t\t\t\t\t<a class=\"o-button\" href=\"https:\/\/arcadia.denkanross.de\/therapie-team\/\" >Unser Therapie-Team<\/a>\n\t\t\t\t\t\t\t\t<\/div>\n\n\t\t\t\t\t\t\t\t\t<img loading=\"lazy\" decoding=\"async\" width=\"1920\" height=\"960\" src=\"https:\/\/arcadia.denkanross.de\/wp-content\/uploads\/2020\/09\/Titel-Mann-1920x960-1.jpg\" class=\"c-slider-image\" alt=\"\" srcset=\"https:\/\/arcadia.denkanross.de\/wp-content\/uploads\/2020\/09\/Titel-Mann-1920x960-1.jpg 1920w, https:\/\/arcadia.denkanross.de\/wp-content\/uploads\/2020\/09\/Titel-Mann-1920x960-1-300x150.jpg 300w, https:\/\/arcadia.denkanross.de\/wp-content\/uploads\/2020\/09\/Titel-Mann-1920x960-1-1024x512.jpg 1024w, https:\/\/arcadia.denkanross.de\/wp-content\/uploads\/2020\/09\/Titel-Mann-1920x960-1-768x384.jpg 768w, https:\/\/arcadia.denkanross.de\/wp-content\/uploads\/2020\/09\/Titel-Mann-1920x960-1-1536x768.jpg 1536w\" sizes=\"(max-width: 1920px) 100vw, 1920px\" \/>\t\t\t\t\t\t\t<\/div>\n\t\t\n\t<\/div>\n\n<\/div>\n\n\n\n<div class=\"wp-block-group\"><div class=\"wp-block-group__inner-container is-layout-flow wp-block-group-is-layout-flow\">\n<h2 class=\"has-text-align-center wp-block-heading\">Integrative Krebsbehandlung in der Arcadia Praxisklinik \u2013 seit \u00fcber 15 Jahren<\/h2>\n\n\n\n<p class=\"has-text-align-center\">Die Arcadia Praxisklinik in Bad Emstal ist ein Behandlungszentrum f\u00fcr integrative Medizin und Krebstherapie. Hier verbinden wir neueste Erkenntnisse aus der wissenschaftlichen Forschung und der erfahrungsbasierten Naturheilkunde mit unserer langj\u00e4hrigen Praxis in der Behandlung von an Krebs Erkrankten. Wir behandeln den ganzen Menschen, nicht nur die Erkrankung. Ihre Gesundheit ist unsere Mission \u2013 seit \u00fcber 15 Jahren!<\/p>\n\n\n\n<p class=\"has-text-align-center\"><a href=\"https:\/\/arcadia.denkanross.de\/integrative-krebs-behandlung\/\" data-type=\"page\" data-id=\"38\">Erfahren Sie mehr \u00fcber den Arcadia way to health<\/a><\/p>\n<\/div><\/div>\n\n\n\n<div class=\"wp-block-group alignfull has-gray-background-color has-background\"><div class=\"wp-block-group__inner-container is-layout-flow wp-block-group-is-layout-flow\">\n<h2 class=\"has-text-align-center wp-block-heading\">Wie wir bei Arcadia Krebs behandeln<\/h2>\n\n\n\n<p class=\"has-text-align-center\">In der Arcadia Praxisklinik behandeln wir nach einem ganzheitlichen Ansatz. Unser integratives Behandlungskonzept setzt eine detaillierte Diagnostik und einen individuellen Therapieplan voraus. <\/p>\n\n\n\n<div class=\"wp-block-group alignwide\"><div class=\"wp-block-group__inner-container is-layout-flow wp-block-group-is-layout-flow\">\n<div class=\"wp-block-columns alignfull is-style-card is-layout-flex wp-container-core-columns-is-layout-1 wp-block-columns-is-layout-flex\">\n<div class=\"wp-block-column is-layout-flow wp-block-column-is-layout-flow\">\n<figure class=\"wp-block-image size-large\"><img loading=\"lazy\" decoding=\"async\" width=\"550\" height=\"309\" src=\"https:\/\/arcadia.denkanross.de\/wp-content\/uploads\/2020\/10\/AdobeStock_314120171_550x309-1.jpg\" alt=\"\" class=\"wp-image-979\" srcset=\"https:\/\/arcadia.denkanross.de\/wp-content\/uploads\/2020\/10\/AdobeStock_314120171_550x309-1.jpg 550w, https:\/\/arcadia.denkanross.de\/wp-content\/uploads\/2020\/10\/AdobeStock_314120171_550x309-1-300x169.jpg 300w\" sizes=\"(max-width: 550px) 100vw, 550px\" \/><\/figure>\n\n\n\n<h3 class=\"wp-block-heading\">Integrative Krebstherapie<\/h3>\n\n\n\n<p>Unsere, das Immunsystem aktivierenden, entgiftungsf\u00f6rdernden und revitalisierenden, Behandlungsmethoden in der Krebstherapie helfen, die Therapieergebnisse zu verbessern und die Lebensqualit\u00e4t der Patienten zu erhalten.<\/p>\n\n\n\n<p><a href=\"https:\/\/arcadia.denkanross.de\/integrative-krebs-behandlung\/\" data-type=\"page\" data-id=\"38\"><strong>Mehr zum integrativen Behandlungsansatz<\/strong><\/a><\/p>\n<\/div>\n\n\n\n<div class=\"wp-block-column is-layout-flow wp-block-column-is-layout-flow\">\n<figure class=\"wp-block-image size-full\"><img loading=\"lazy\" decoding=\"async\" width=\"550\" height=\"309\" src=\"https:\/\/arcadia.denkanross.de\/wp-content\/uploads\/2020\/10\/Examination-550x309-1.jpg\" alt=\"\" class=\"wp-image-834\" srcset=\"https:\/\/arcadia.denkanross.de\/wp-content\/uploads\/2020\/10\/Examination-550x309-1.jpg 550w, https:\/\/arcadia.denkanross.de\/wp-content\/uploads\/2020\/10\/Examination-550x309-1-300x169.jpg 300w\" sizes=\"(max-width: 550px) 100vw, 550px\" \/><\/figure>\n\n\n\n<h3 class=\"wp-block-heading\">Innovative Diagnostik<\/h3>\n\n\n\n<p>Die erweiterten Diagnoseverfahren der Arcadia Praxisklinik erm\u00f6glichen Ihnen einen &#8222;zweiten Blick&#8220; auf die Krebserkrankung, ihren Verlauf und Ihre k\u00f6rperliche Verfassung. <\/p>\n\n\n\n<p><strong><a href=\"https:\/\/arcadia.denkanross.de\/integrative-krebs-behandlung\/diagnose\/\" data-type=\"page\" data-id=\"393\">Zu den Diagnoseverfahren<\/a><\/strong><\/p>\n<\/div>\n\n\n\n<div class=\"wp-block-column is-layout-flow wp-block-column-is-layout-flow\">\n<figure class=\"wp-block-image size-full\"><img loading=\"lazy\" decoding=\"async\" width=\"550\" height=\"309\" src=\"https:\/\/arcadia.denkanross.de\/wp-content\/uploads\/2020\/10\/Arcadia-Test-550x309-1.jpg\" alt=\"\" class=\"wp-image-786\" srcset=\"https:\/\/arcadia.denkanross.de\/wp-content\/uploads\/2020\/10\/Arcadia-Test-550x309-1.jpg 550w, https:\/\/arcadia.denkanross.de\/wp-content\/uploads\/2020\/10\/Arcadia-Test-550x309-1-300x169.jpg 300w\" sizes=\"(max-width: 550px) 100vw, 550px\" \/><\/figure>\n\n\n\n<h3 class=\"wp-block-heading\">Individueller Therapieplan<\/h3>\n\n\n\n<p>Die Resultate Ihrer medizinischen Untersuchung und unsere erweiterten Diagnoseverfahren sind die Grundlage f\u00fcr den individuellen  Therapieplan. Alle Behandlungen werden darauf abgestimmt.<\/p>\n\n\n\n<p><strong><a href=\"https:\/\/arcadia.denkanross.de\/krebs-therapie\/\" data-type=\"page\" data-id=\"40\">Mehr zum individuellen Therapieplan<\/a><\/strong><\/p>\n<\/div>\n<\/div>\n<\/div><\/div>\n<\/div><\/div>\n\n\n\n<div class=\"wp-block-group alignwide has-gray-background-color has-background\"><div class=\"wp-block-group__inner-container is-layout-flow wp-block-group-is-layout-flow\">\n<div class=\"wp-block-columns alignwide is-layout-flex wp-container-core-columns-is-layout-2 wp-block-columns-is-layout-flex\">\n<div class=\"wp-block-column is-layout-flow wp-block-column-is-layout-flow\">\n<h2 class=\"wp-block-heading\">Anwendungen zur Krebstherapie<\/h2>\n\n\n\n<p>Auf Grundlage einer exakten Diagnose erstellen wir f\u00fcr unsere Patienten einen individuellen Therapieplan, der das Wiedererlangen ihrer Gesundheit zum Ziel hat. F\u00fcr eine ganzheitliche Krebstherapie bieten wir verschiedene Anwendungen in der Arcadia Praxisklinik an: Immer optimal auf unsere Patienten und ihre Krebserkrankung abgestimmt.<\/p>\n<\/div>\n\n\n\n<div class=\"wp-block-column is-layout-flow wp-block-column-is-layout-flow\">\n<div class=\"wp-block-buttons is-style-linklist white is-layout-flex wp-block-buttons-is-layout-flex\">\n<div class=\"wp-block-button\"><a class=\"wp-block-button__link\" href=\"https:\/\/arcadia.denkanross.de\/krebs-therapie\/hyperthermie\/\">Hyperthermie<\/a><\/div>\n\n\n\n<div class=\"wp-block-button\"><a class=\"wp-block-button__link\" href=\"https:\/\/arcadia.denkanross.de\/krebs-therapie\/insulin-potenzierte-therapie-ipt\/\">Insulin-potenzierte Therapie (IPT)<\/a><\/div>\n\n\n\n<div class=\"wp-block-button\"><a class=\"wp-block-button__link\" href=\"https:\/\/arcadia.denkanross.de\/krebs-therapie\/photodynamische-therapie-pdt\/\">Photo-Dynamische-Therapie (PDT)<\/a><\/div>\n\n\n\n<div class=\"wp-block-button\"><a class=\"wp-block-button__link\" href=\"https:\/\/arcadia.denkanross.de\/krebs-therapie\/magnetfeldtherapie\/\">Magnetfeldtherapie<\/a><\/div>\n\n\n\n<div class=\"wp-block-button\"><a class=\"wp-block-button__link\" href=\"https:\/\/arcadia.denkanross.de\/krebs-therapie\/biologische-infusionstherapie\/\">Biologische Infusionstherapie<\/a><\/div>\n\n\n\n<div class=\"wp-block-button\"><a class=\"wp-block-button__link\" href=\"https:\/\/arcadia.denkanross.de\/krebs-therapie\/ernaehrung-krebs\/\">Ern\u00e4hrung bei Krebs<\/a><\/div>\n\n\n\n<div class=\"wp-block-button\"><a class=\"wp-block-button__link\" href=\"https:\/\/arcadia.denkanross.de\/krebs-therapie\/physiotherapie-osteopathie\/\">Physiotherapie &amp; Wellness<\/a><\/div>\n\n\n\n<div class=\"wp-block-button\"><a class=\"wp-block-button__link\" href=\"https:\/\/arcadia.denkanross.de\/krebs-therapie\/energiearbeit\/\">Energetische Behandlungen<\/a><\/div>\n\n\n\n<div class=\"wp-block-button\"><a class=\"wp-block-button__link\" href=\"https:\/\/arcadia.denkanross.de\/krebs-therapie\/persoenliches-coaching\/\">Pers\u00f6nliches Coaching<\/a><\/div>\n<\/div>\n<\/div>\n<\/div>\n<\/div><\/div>\n\n\n\n<div class=\"wp-block-group alignfull\"><div class=\"wp-block-group__inner-container is-layout-flow wp-block-group-is-layout-flow\">\n<div class=\"wp-block-cover alignfull\" style=\"background-image:url(https:\/\/arcadia.denkanross.de\/wp-content\/uploads\/2020\/10\/Emstal-Panorama.jpg);min-height:500px;background-position:50% 40%;aspect-ratio:unset;\"><div class=\"wp-block-cover__inner-container is-layout-flow wp-block-cover-is-layout-flow\">\n<h2 class=\"has-text-align-center has-blue-color has-text-color wp-block-heading\">Krebsbehandlung in heilsamer Umgebung.<br>Im Herzen von Deutschland.<\/h2>\n\n\n\n<p class=\"has-text-align-center has-blue-color has-text-color\">Seit \u00fcber 15 Jahren behandeln wir Menschen aus der ganzen Welt erfolgreich nach dem &#8222;Arcadia way to health&#8220;.<\/p>\n\n\n\n<div class=\"wp-block-buttons aligncenter is-layout-flex wp-block-buttons-is-layout-flex\">\n<div class=\"wp-block-button\"><a class=\"wp-block-button__link\" href=\"https:\/\/arcadia.denkanross.de\/arcadia-praxis-klinik\/\">Aufenthalt bei Arcadia<\/a><\/div>\n\n\n\n<div class=\"wp-block-button\"><a class=\"wp-block-button__link\" href=\"https:\/\/arcadia.denkanross.de\/kontakt\/\">Wie k\u00f6nnen wir Ihnen helfen?<\/a><\/div>\n<\/div>\n<\/div><\/div>\n\n\n\n<p><\/p>\n<\/div><\/div>\n\n\n\n<div class=\"wp-block-group alignfull mt-0 has-gray-background-color has-background\"><div class=\"wp-block-group__inner-container is-layout-flow wp-block-group-is-layout-flow\">\n<h2 class=\"has-text-align-center wp-block-heading\">Unsere Patienten-Geschichten<\/h2>\n\n\n\n<p class=\"has-text-align-center\">Erfahren Sie, was unsere Patienten und auch ihre Angeh\u00f6rigen \u00fcber Arcadia und ihren &#8222;way to health&#8220; denken und sagen. Sie teilen ihre Erfahrungen gerne mit anderen Krebskranken und Angeh\u00f6rigen.<\/p>\n\n\n\n<figure class=\"wp-block-embed is-type-video is-provider-youtube wp-block-embed-youtube wp-embed-aspect-16-9 wp-has-aspect-ratio\"><div class=\"wp-block-embed__wrapper\">\n<div class=\"BorlabsCookie _brlbs-cb-youtube\"><div class=\"_brlbs-content-blocker\"> <div class=\"_brlbs-embed _brlbs-video-youtube\"> <img decoding=\"async\" class=\"_brlbs-thumbnail\" src=\"https:\/\/arcadia.denkanross.de\/wp-content\/plugins\/borlabs-cookie\/assets\/images\/cb-no-thumbnail.png\" alt=\"YouTube\"> <div class=\"_brlbs-caption\"> <p>Mit dem Laden des Videos akzeptieren Sie die Datenschutzerkl\u00e4rung von YouTube.<br><a href=\"https:\/\/policies.google.com\/privacy\" target=\"_blank\" rel=\"nofollow noopener noreferrer\">Mehr erfahren<\/a><\/p> <p><a class=\"_brlbs-btn _brlbs-icon-play-white\" href=\"#\" data-borlabs-cookie-unblock role=\"button\">Video laden<\/a><\/p> <p><label><input type=\"checkbox\" name=\"unblockAll\" value=\"1\" checked> <small>YouTube immer entsperren<\/small><\/label><\/p> <\/div> <\/div> <\/div><div class=\"borlabs-hide\" data-borlabs-cookie-type=\"content-blocker\" data-borlabs-cookie-id=\"youtube\"><script type=\"text\/template\">PGlmcmFtZSB0aXRsZT0iQmFyYmFyYSBKb2FuIFN0YXZvbGEg4oCTIGEgcGF0aWVudCYjMDM5O3Mgc3RvcnkgQXJjYWRpYSBQcmF4aXNrbGluaWsiIHdpZHRoPSI5NjAiIGhlaWdodD0iNTQwIiBzcmM9Imh0dHBzOi8vd3d3LnlvdXR1YmUtbm9jb29raWUuY29tL2VtYmVkL1FnQmRKd2hlOHJNP2ZlYXR1cmU9b2VtYmVkIiBmcmFtZWJvcmRlcj0iMCIgYWxsb3c9ImFjY2VsZXJvbWV0ZXI7IGF1dG9wbGF5OyBjbGlwYm9hcmQtd3JpdGU7IGVuY3J5cHRlZC1tZWRpYTsgZ3lyb3Njb3BlOyBwaWN0dXJlLWluLXBpY3R1cmUiIGFsbG93ZnVsbHNjcmVlbj48L2lmcmFtZT4=<\/script><\/div><\/div>\n<\/div><\/figure>\n<\/div><\/div>\n\n\n\n<div class=\"wp-block-group alignfull mt-0 has-blue-background-color has-background\"><div class=\"wp-block-group__inner-container is-layout-flow wp-block-group-is-layout-flow\">\n<div class=\"wp-block-columns alignwide is-style-linkteaser cols-3 is-layout-flex wp-container-core-columns-is-layout-3 wp-block-columns-is-layout-flex\">\n<div class=\"wp-block-column is-layout-flow wp-block-column-is-layout-flow\">\n<h3 class=\"has-white-color has-text-color wp-block-heading\">Unsere Patienten-Erfahrungen<\/h3>\n\n\n\n<p>Erfahren Sie, was unsere Patienten \u00fcber ihre Krebsbehandlung bei Arcadia erz\u00e4hlen.<\/p>\n\n\n\n<div class=\"wp-block-buttons aligncenter has-text-align-center is-layout-flex wp-block-buttons-is-layout-flex\">\n<div class=\"wp-block-button is-style-white\"><a class=\"wp-block-button__link\" href=\"https:\/\/arcadia.denkanross.de\/arcadia-praxis-klinik\/\"><strong>Unsere Patienten<\/strong><\/a><\/div>\n<\/div>\n<\/div>\n\n\n\n<div class=\"wp-block-column is-layout-flow wp-block-column-is-layout-flow\">\n<h3 class=\"has-white-color has-text-color wp-block-heading\">Sie w\u00fcnschen sich eine 2. Meinung?<\/h3>\n\n\n\n<p>Sie haben eine Krebsdiagnose und w\u00fcnschen sich eine weitere Expertenmeinung?<\/p>\n\n\n\n<div class=\"wp-block-buttons aligncenter has-text-align-center is-layout-flex wp-block-buttons-is-layout-flex\">\n<div class=\"wp-block-button is-style-white\"><a class=\"wp-block-button__link\" href=\"https:\/\/arcadia.denkanross.de\/integrative-krebs-behandlung\/diagnose\/\"><strong>Termin vereinbaren<\/strong><\/a><\/div>\n<\/div>\n<\/div>\n\n\n\n<div class=\"wp-block-column is-layout-flow wp-block-column-is-layout-flow\">\n<h3 class=\"has-white-color has-text-color wp-block-heading\">Sie haben Fragen zur Krebstherapie?<\/h3>\n\n\n\n<p>Die wichtigsten Antworten auf Fragen zur Krebsbehandlung in unserem Haus auf einen Blick.<\/p>\n\n\n\n<div class=\"wp-block-buttons has-text-align-center is-layout-flex wp-block-buttons-is-layout-flex\">\n<div class=\"wp-block-button is-style-white\"><a class=\"wp-block-button__link\" href=\"https:\/\/arcadia.denkanross.de\/krebs-therapie\/\"><strong>Krebstherapie bei Arcadia<\/strong><\/a><\/div>\n<\/div>\n<\/div>\n<\/div>\n\n\n\n<p><\/p>\n<\/div><\/div>\n\n\n\n<div class=\"wp-block-group alignfull has-gray-background-color has-background\"><div class=\"wp-block-group__inner-container is-layout-flow wp-block-group-is-layout-flow\">\n<div class=\"wp-block-columns alignwide is-layout-flex wp-container-core-columns-is-layout-4 wp-block-columns-is-layout-flex\">\n<div class=\"wp-block-column is-layout-flow wp-block-column-is-layout-flow\">\n<h2 class=\"wp-block-heading\">Sie haben Interesse an einer Behandlung in unserem Haus?<\/h2>\n\n\n\n<p>Sie haben Fragen zur Krebstherapie in unserer Praxisklinik oder m\u00f6chten einen Termin mit unseren \u00c4rzten vereinbaren? Wir nehmen uns Zeit f\u00fcr eine <strong>individuelle Arztberatung \u2013 per Telefon, Video<\/strong> oder auch bei uns direkt in Bad Emstal. Bitte reservieren Sie einen Termin \u00fcber das Kontaktformular. Wir melden uns umgehend zur\u00fcck.<\/p>\n\n\n\n<p><strong><strong>Telefon-Service f\u00fcr unsere G\u00e4ste:<\/strong><\/strong><br>Montag bis Freitag von 8:30-12.30 Uhr<br>und 13.00-16.30 Uhr (au\u00dfer am Mittwoch)<\/p>\n<\/div>\n\n\n\n<div class=\"wp-block-column is-layout-flow wp-block-column-is-layout-flow\">\n<div class=\"wpcf7 no-js\" id=\"wpcf7-f113-o1\" lang=\"de-DE\" dir=\"ltr\">\n<div class=\"screen-reader-response\"><p role=\"status\" aria-live=\"polite\" aria-atomic=\"true\"><\/p> <ul><\/ul><\/div>\n<form action=\"\/de\/wp-json\/wp\/v2\/pages\/34#wpcf7-f113-o1\" method=\"post\" class=\"wpcf7-form init\" aria-label=\"Kontaktformular\" novalidate=\"novalidate\" data-status=\"init\">\n<div style=\"display: none;\">\n<input type=\"hidden\" name=\"_wpcf7\" value=\"113\" \/>\n<input type=\"hidden\" name=\"_wpcf7_version\" value=\"5.9.6\" \/>\n<input type=\"hidden\" name=\"_wpcf7_locale\" value=\"de_DE\" \/>\n<input type=\"hidden\" name=\"_wpcf7_unit_tag\" value=\"wpcf7-f113-o1\" \/>\n<input type=\"hidden\" name=\"_wpcf7_container_post\" value=\"0\" \/>\n<input type=\"hidden\" name=\"_wpcf7_posted_data_hash\" value=\"\" \/>\n<\/div>\n<div class=\"c-card\">\n\t<div class=\"c-form-row\">\n\t\t<div class=\"c-form-group col-md-6\">\n\t\t\t<p><label for=\"firstname\">Vorname*<\/label><span class=\"wpcf7-form-control-wrap\" data-name=\"firstname\"><input size=\"40\" maxlength=\"80\" class=\"wpcf7-form-control wpcf7-text wpcf7-validates-as-required input-text form-control\" aria-required=\"true\" aria-invalid=\"false\" value=\"\" type=\"text\" name=\"firstname\" \/><\/span>\n\t\t\t<\/p>\n\t\t<\/div>\n\t\t<div class=\"c-form-group col-md-6\">\n\t\t\t<p><label for=\"lastname\">Nachname*<\/label><span class=\"wpcf7-form-control-wrap\" data-name=\"lastname\"><input size=\"40\" maxlength=\"80\" class=\"wpcf7-form-control wpcf7-text wpcf7-validates-as-required input-text form-control\" aria-required=\"true\" aria-invalid=\"false\" value=\"\" type=\"text\" name=\"lastname\" \/><\/span>\n\t\t\t<\/p>\n\t\t<\/div>\n\t<\/div>\n\t<div class=\"c-form-row\">\n\t\t<div class=\"c-form-group col-md-6\">\n\t\t\t<p><label for=\"email\">E-Mail*<\/label><span class=\"wpcf7-form-control-wrap\" data-name=\"email\"><input size=\"40\" maxlength=\"80\" class=\"wpcf7-form-control wpcf7-email wpcf7-validates-as-required wpcf7-text wpcf7-validates-as-email input-text form-control\" aria-required=\"true\" aria-invalid=\"false\" value=\"\" type=\"email\" name=\"email\" \/><\/span>\n\t\t\t<\/p>\n\t\t<\/div>\n\t\t<div class=\"c-form-group col-md-6\">\n\t\t\t<p><label for=\"phone\">Telefon<\/label><span class=\"wpcf7-form-control-wrap\" data-name=\"phone\"><input size=\"40\" maxlength=\"80\" class=\"wpcf7-form-control wpcf7-text input-text form-control\" aria-invalid=\"false\" value=\"\" type=\"text\" name=\"phone\" \/><\/span>\n\t\t\t<\/p>\n\t\t<\/div>\n\t<\/div>\n\t<div class=\"c-form-group\">\n\t\t<p><label for=\"Betreff\">Betreff<\/label><span class=\"wpcf7-form-control-wrap\" data-name=\"Betreff\"><select class=\"wpcf7-form-control wpcf7-select\" aria-invalid=\"false\" name=\"Betreff\"><option value=\"Kontaktanfrage\">Kontaktanfrage<\/option><option value=\"R\u00fcckruf\">R\u00fcckruf<\/option><option value=\"Terminanfrage\">Terminanfrage<\/option><\/select><\/span>\n\t\t<\/p>\n\t<\/div>\n\t<div class=\"c-form-group\">\n\t\t<p><label for=\"nachricht\">Nachricht<\/label><span class=\"wpcf7-form-control-wrap\" data-name=\"nachricht\"><textarea cols=\"1\" rows=\"3\" maxlength=\"400\" class=\"wpcf7-form-control wpcf7-textarea input-text form-control\" aria-invalid=\"false\" name=\"nachricht\"><\/textarea><\/span>\n\t\t<\/p>\n\t<\/div>\n\t<div class=\"c-form-group\">\n\t\t<div class=\"form-check\">\n\t\t\t<p><span class=\"wpcf7-form-control-wrap\" data-name=\"acceptance-344\"><span class=\"wpcf7-form-control wpcf7-acceptance\"><span class=\"wpcf7-list-item\"><label><input type=\"checkbox\" name=\"acceptance-344\" value=\"1\" aria-invalid=\"false\" \/><span class=\"wpcf7-list-item-label\">Ich habe die Datenschutzerkl\u00e4rung zur Kenntnis genommen. Ich stimme zu, dass meine Angaben und Daten zur Beantwortung meiner Anfrage elektronisch erhoben und gespeichert werden. Wir werden Ihre Daten ausschlie\u00dflich zur Kommunikation mit Ihnen verwenden und danach umgehend l\u00f6schen. Eine weitere oder l\u00e4ngerfristige Speicherung findet nicht statt. Ihre Daten werden nicht an Dritte weitergegeben. Weitere Informationen hierzu finden Sie in unserer <a href=\"#datenschutz\/\" target=\"_blank\">Datenschutzerkl\u00e4rung<\/a>.<\/span><\/label><\/span><\/span><\/span>\n\t\t\t<\/p>\n\t\t<\/div>\n\t<\/div>\n\t<p class=\"has-small-font-size\">*Pflichtangaben\n\t<\/p>\n\t<div class=\"d-flex my-1\">\n\t\t<p><input class=\"wpcf7-form-control wpcf7-submit has-spinner o-button\" type=\"submit\" value=\"Jetzt abschicken!\" \/>\n\t\t<\/p>\n\t<\/div>\n<\/div><div class=\"wpcf7-response-output\" aria-hidden=\"true\"><\/div>\n<\/form>\n<\/div>\n\n<\/div>\n<\/div>\n<\/div><\/div>\n","protected":false},"excerpt":{"rendered":"<p>Integrative Krebsbehandlung in der Arcadia Praxisklinik \u2013 seit \u00fcber 15 Jahren Die Arcadia Praxisklinik in Bad Emstal ist ein Behandlungszentrum&hellip;<\/p>\n","protected":false},"author":1,"featured_media":0,"parent":0,"menu_order":0,"comment_status":"closed","ping_status":"closed","template":"","meta":{"_acf_changed":false,"footnotes":""},"acf":[],"_links":{"self":[{"href":"https:\/\/arcadia.denkanross.de\/de\/wp-json\/wp\/v2\/pages\/34"}],"collection":[{"href":"https:\/\/arcadia.denkanross.de\/de\/wp-json\/wp\/v2\/pages"}],"about":[{"href":"https:\/\/arcadia.denkanross.de\/de\/wp-json\/wp\/v2\/types\/page"}],"author":[{"embeddable":true,"href":"https:\/\/arcadia.denkanross.de\/de\/wp-json\/wp\/v2\/users\/1"}],"replies":[{"embeddable":true,"href":"https:\/\/arcadia.denkanross.de\/de\/wp-json\/wp\/v2\/comments?post=34"}],"version-history":[{"count":122,"href":"https:\/\/arcadia.denkanross.de\/de\/wp-json\/wp\/v2\/pages\/34\/revisions"}],"predecessor-version":[{"id":1918,"href":"https:\/\/arcadia.denkanross.de\/de\/wp-json\/wp\/v2\/pages\/34\/revisions\/1918"}],"wp:attachment":[{"href":"https:\/\/arcadia.denkanross.de\/de\/wp-json\/wp\/v2\/media?parent=34"}],"curies":[{"name":"wp","href":"https:\/\/api.w.org\/{rel}","templated":true}]}}