{"id":36,"date":"2020-08-05T10:47:07","date_gmt":"2020-08-05T08:47:07","guid":{"rendered":"http:\/\/arcadia.denkanross.de\/?page_id=36"},"modified":"2020-12-14T14:21:40","modified_gmt":"2020-12-14T13:21:40","slug":"arcadia-praxis-klinik","status":"publish","type":"page","link":"https:\/\/arcadia.denkanross.de\/de\/arcadia-praxis-klinik\/","title":{"rendered":"Aufenthalt"},"content":{"rendered":"\n<div class=\"wp-block-group\"><div class=\"wp-block-group__inner-container is-layout-flow wp-block-group-is-layout-flow\">\n<h2 class=\"has-text-align-center wp-block-heading\">Der Aufenthalt bei Arcadia<\/h2>\n\n\n\n<p class=\"has-text-align-center\">Der &#8222;Arcadia way to health&#8220; ist eine besondere Behandlungsphilosophie, daher ist der Aufenthalt bei uns auch nicht ein gew\u00f6hnlicher Klinikaufenthalt. Wir wollen, dass sich unsere Patienten und auch ihre Angeh\u00f6rigen bei uns richtig wohlf\u00fchlen, denn auch &#8222;das Drumherum&#8220; beeinflusst ma\u00dfgeblich den Behandlungserfolg. Wir begr\u00fc\u00dfen Patienten aus der ganzen Welt, die nicht nur von ihrer Genesung gerne berichten, sondern auch von ihrem Aufenthalt bei uns.<\/p>\n<\/div><\/div>\n\n\n\n<div class=\"wp-block-group alignfull\"><div class=\"wp-block-group__inner-container is-layout-flow wp-block-group-is-layout-flow\">\n<figure class=\"wp-block-gallery alignfull columns-3 is-cropped wp-block-gallery-1 is-layout-flex wp-block-gallery-is-layout-flex\"><ul class=\"blocks-gallery-grid\"><li class=\"blocks-gallery-item\"><figure><img loading=\"lazy\" decoding=\"async\" width=\"960\" height=\"540\" src=\"https:\/\/arcadia.denkanross.de\/wp-content\/uploads\/2020\/10\/Pension-960x540-1.jpg\" alt=\"\" data-id=\"886\" data-full-url=\"https:\/\/arcadia.denkanross.de\/wp-content\/uploads\/2020\/10\/Pension-960x540-1.jpg\" data-link=\"https:\/\/arcadia.denkanross.de\/pension\/\" class=\"wp-image-886\" srcset=\"https:\/\/arcadia.denkanross.de\/wp-content\/uploads\/2020\/10\/Pension-960x540-1.jpg 960w, https:\/\/arcadia.denkanross.de\/wp-content\/uploads\/2020\/10\/Pension-960x540-1-300x169.jpg 300w, https:\/\/arcadia.denkanross.de\/wp-content\/uploads\/2020\/10\/Pension-960x540-1-768x432.jpg 768w\" sizes=\"(max-width: 960px) 100vw, 960px\" \/><\/figure><\/li><li class=\"blocks-gallery-item\"><figure><img loading=\"lazy\" decoding=\"async\" width=\"960\" height=\"540\" src=\"https:\/\/arcadia.denkanross.de\/wp-content\/uploads\/2020\/10\/Arcadia-Eastside-960x540-1.jpg\" alt=\"\" data-id=\"742\" data-full-url=\"https:\/\/arcadia.denkanross.de\/wp-content\/uploads\/2020\/10\/Arcadia-Eastside-960x540-1.jpg\" data-link=\"https:\/\/arcadia.denkanross.de\/arcadia-eastside\/\" class=\"wp-image-742\" srcset=\"https:\/\/arcadia.denkanross.de\/wp-content\/uploads\/2020\/10\/Arcadia-Eastside-960x540-1.jpg 960w, https:\/\/arcadia.denkanross.de\/wp-content\/uploads\/2020\/10\/Arcadia-Eastside-960x540-1-300x169.jpg 300w, https:\/\/arcadia.denkanross.de\/wp-content\/uploads\/2020\/10\/Arcadia-Eastside-960x540-1-768x432.jpg 768w\" sizes=\"(max-width: 960px) 100vw, 960px\" \/><\/figure><\/li><li class=\"blocks-gallery-item\"><figure><img loading=\"lazy\" decoding=\"async\" width=\"960\" height=\"540\" src=\"https:\/\/arcadia.denkanross.de\/wp-content\/uploads\/2020\/10\/Bra\u0308utigam-Kurpark-960x540-1.jpg\" alt=\"\" data-id=\"816\" data-full-url=\"https:\/\/arcadia.denkanross.de\/wp-content\/uploads\/2020\/10\/Bra\u0308utigam-Kurpark-960x540-1.jpg\" data-link=\"https:\/\/arcadia.denkanross.de\/braeutigam-kurpark\/\" class=\"wp-image-816\" srcset=\"https:\/\/arcadia.denkanross.de\/wp-content\/uploads\/2020\/10\/Bra\u0308utigam-Kurpark-960x540-1.jpg 960w, https:\/\/arcadia.denkanross.de\/wp-content\/uploads\/2020\/10\/Bra\u0308utigam-Kurpark-960x540-1-300x169.jpg 300w, https:\/\/arcadia.denkanross.de\/wp-content\/uploads\/2020\/10\/Bra\u0308utigam-Kurpark-960x540-1-768x432.jpg 768w\" sizes=\"(max-width: 960px) 100vw, 960px\" \/><\/figure><\/li><li class=\"blocks-gallery-item\"><figure><img loading=\"lazy\" decoding=\"async\" width=\"960\" height=\"540\" src=\"https:\/\/arcadia.denkanross.de\/wp-content\/uploads\/2020\/10\/Fritzlar-Markt-960x540-1.jpg\" alt=\"\" data-id=\"840\" data-full-url=\"https:\/\/arcadia.denkanross.de\/wp-content\/uploads\/2020\/10\/Fritzlar-Markt-960x540-1.jpg\" data-link=\"https:\/\/arcadia.denkanross.de\/fritzlar-markt\/\" class=\"wp-image-840\" srcset=\"https:\/\/arcadia.denkanross.de\/wp-content\/uploads\/2020\/10\/Fritzlar-Markt-960x540-1.jpg 960w, https:\/\/arcadia.denkanross.de\/wp-content\/uploads\/2020\/10\/Fritzlar-Markt-960x540-1-300x169.jpg 300w, https:\/\/arcadia.denkanross.de\/wp-content\/uploads\/2020\/10\/Fritzlar-Markt-960x540-1-768x432.jpg 768w\" sizes=\"(max-width: 960px) 100vw, 960px\" \/><\/figure><\/li><li class=\"blocks-gallery-item\"><figure><img loading=\"lazy\" decoding=\"async\" width=\"960\" height=\"540\" src=\"https:\/\/arcadia.denkanross.de\/wp-content\/uploads\/2020\/10\/Kurpark-960x540-2.jpg\" alt=\"\" data-id=\"866\" data-full-url=\"https:\/\/arcadia.denkanross.de\/wp-content\/uploads\/2020\/10\/Kurpark-960x540-2.jpg\" data-link=\"https:\/\/arcadia.denkanross.de\/kurpark-3\/\" class=\"wp-image-866\" srcset=\"https:\/\/arcadia.denkanross.de\/wp-content\/uploads\/2020\/10\/Kurpark-960x540-2.jpg 960w, https:\/\/arcadia.denkanross.de\/wp-content\/uploads\/2020\/10\/Kurpark-960x540-2-300x169.jpg 300w, https:\/\/arcadia.denkanross.de\/wp-content\/uploads\/2020\/10\/Kurpark-960x540-2-768x432.jpg 768w\" sizes=\"(max-width: 960px) 100vw, 960px\" \/><\/figure><\/li><\/ul><\/figure>\n\n\n\n<p><\/p>\n<\/div><\/div>\n\n\n\n<div class=\"wp-block-group\"><div class=\"wp-block-group__inner-container is-layout-flow wp-block-group-is-layout-flow\">\n<blockquote class=\"wp-block-quote is-layout-flow wp-block-quote-is-layout-flow\"><p>\u201eDieser Ort ist pure Liebe. Jeder Mitarbeiter strahlt sie aus und tr\u00e4gt dazu bei, dass man sich hier nicht nur sehr professionell behandelt, sondern auch sicher und voller Hoffnung f\u00fchlt. Die Behandlung ist ein Ruundumpaket auf allen Ebenen, sodass k\u00f6rperlich und energetisch eine Ver\u00e4nderung stattfindet. Hier steht das Gesundwerden im Vordergrund und nicht die Krankheit.\u201c<\/p><cite>Julia Kaysersberg, Deutschland<\/cite><\/blockquote>\n\n\n\n<hr class=\"wp-block-separator is-style-wide my-3\"\/>\n\n\n\n<p class=\"has-text-align-center\">Bei Google bewertet: <img loading=\"lazy\" decoding=\"async\" width=\"150\" height=\"26\" class=\"wp-image-1055\" style=\"width: 150px;\" src=\"https:\/\/arcadia.denkanross.de\/wp-content\/uploads\/2020\/10\/Stars.png\" alt=\"\"><\/p>\n\n\n\n<p class=\"has-text-align-center\"><a href=\"https:\/\/www.google.com\/search?q=arcadia+klinik+bad+emstal&amp;rlz=1C1CHBF_deDE826DE826&amp;oq=arc&amp;aqs=chrome.1.69i60j69i59j0j69i60l5.5325j0j1&amp;sourceid=chrome&amp;ie=UTF-8#lrd=0x47bb6bf6228a9e07:0x1659d255281227a2,1,,,\" target=\"_blank\" rel=\"noreferrer noopener\">Weitere Rezensionen<\/a><\/p>\n<\/div><\/div>\n\n\n\n<div class=\"wp-block-group alignfull has-gray-background-color has-background\"><div class=\"wp-block-group__inner-container is-layout-flow wp-block-group-is-layout-flow\">\n<div class=\"wp-block-columns are-vertically-aligned-top is-layout-flex wp-container-core-columns-is-layout-1 wp-block-columns-is-layout-flex\">\n<div class=\"wp-block-column is-vertically-aligned-top is-layout-flow wp-block-column-is-layout-flow\">\n<h3 class=\"has-text-align-left wp-block-heading\">Ankommen und durchatmen im Rundum-Wohlf\u00fchl-Zuhause<\/h3>\n\n\n\n<figure class=\"wp-block-image size-full\"><img loading=\"lazy\" decoding=\"async\" width=\"550\" height=\"309\" src=\"https:\/\/arcadia.denkanross.de\/wp-content\/uploads\/2020\/10\/Common-Lounge-550x309-1.jpg\" alt=\"\" class=\"wp-image-818\" srcset=\"https:\/\/arcadia.denkanross.de\/wp-content\/uploads\/2020\/10\/Common-Lounge-550x309-1.jpg 550w, https:\/\/arcadia.denkanross.de\/wp-content\/uploads\/2020\/10\/Common-Lounge-550x309-1-300x169.jpg 300w\" sizes=\"(max-width: 550px) 100vw, 550px\" \/><\/figure>\n<\/div>\n\n\n\n<div class=\"wp-block-column is-vertically-aligned-top is-layout-flow wp-block-column-is-layout-flow\">\n<p>Unsere Patienten \u2013 gerne auch mit Begleitung \u2013 leben in einem Apartmenthaus mit direkter Verbindung zur Praxisklinik. Zum Rundum-Service geh\u00f6rt u. a. die Vollpension mit spezieller Anti-Krebs-Di\u00e4t, ein W\u00e4scheservice, Zugang zum Kurpark, einer kleinen Bibliothek und dem Kunstraum. Insgesamt stehen 11 Zimmer bzw. Apartments \u2013 darunter auch Familienzimmer \u2013 f\u00fcr den Aufenthalt bei Arcadia bereit.<\/p>\n<\/div>\n<\/div>\n<\/div><\/div>\n\n\n\n<div class=\"wp-block-group\"><div class=\"wp-block-group__inner-container is-layout-flow wp-block-group-is-layout-flow\">\n<div class=\"wp-block-columns are-vertically-aligned-top is-layout-flex wp-container-core-columns-is-layout-2 wp-block-columns-is-layout-flex\">\n<div class=\"wp-block-column is-vertically-aligned-top is-layout-flow wp-block-column-is-layout-flow\">\n<h3 class=\"wp-block-heading\">Gute medizinische Behandlung in angenehmer Atmosph\u00e4re <\/h3>\n\n\n\n<figure class=\"wp-block-image size-full\"><img loading=\"lazy\" decoding=\"async\" width=\"550\" height=\"310\" src=\"https:\/\/arcadia.denkanross.de\/wp-content\/uploads\/2020\/10\/Arcadia-Stairways-550x310-1.jpg\" alt=\"\" class=\"wp-image-778\" srcset=\"https:\/\/arcadia.denkanross.de\/wp-content\/uploads\/2020\/10\/Arcadia-Stairways-550x310-1.jpg 550w, https:\/\/arcadia.denkanross.de\/wp-content\/uploads\/2020\/10\/Arcadia-Stairways-550x310-1-300x169.jpg 300w\" sizes=\"(max-width: 550px) 100vw, 550px\" \/><\/figure>\n<\/div>\n\n\n\n<div class=\"wp-block-column is-vertically-aligned-top is-layout-flow wp-block-column-is-layout-flow\">\n<p>Die Behandlungsr\u00e4ume in der Arcadia Praxisklinik sind modern, hochwertig und einladend ausgestattet. Die Atmosph\u00e4re ist hell, freundlich und famili\u00e4r \u2013 mit einer typischen Klinik oder Praxis hat das wenig zu tun. Die \u00c4rzte, Therapeuten und das Pflegepersonal in der Arcadia Praxisklinik sind nah an den Patienten \u2013 direkt vor Ort und immer offen f\u00fcr Fragen und W\u00fcnsche. F\u00fcr die Krebstherapien nutzen wir innovative Medizin- und Diagnosetechnik in Verbindung mit Heilmitteln und Therapien aus der Natur.<\/p>\n<\/div>\n<\/div>\n<\/div><\/div>\n\n\n\n<div class=\"wp-block-group alignfull has-gray-background-color has-background\"><div class=\"wp-block-group__inner-container is-layout-flow wp-block-group-is-layout-flow\">\n<div class=\"wp-block-columns are-vertically-aligned-top is-style-default is-layout-flex wp-container-core-columns-is-layout-3 wp-block-columns-is-layout-flex\">\n<div class=\"wp-block-column is-vertically-aligned-top is-layout-flow wp-block-column-is-layout-flow\">\n<h3 class=\"wp-block-heading\">Idyllisch und m\u00e4rchenhaft sch\u00f6n gelegen \u2013 mitten in Deutschland<\/h3>\n\n\n\n<figure class=\"wp-block-image size-full\"><img loading=\"lazy\" decoding=\"async\" width=\"550\" height=\"309\" src=\"https:\/\/arcadia.denkanross.de\/wp-content\/uploads\/2020\/10\/Schlosspark-Fonta\u0308ne-550x310-1.jpg\" alt=\"\" class=\"wp-image-894\" srcset=\"https:\/\/arcadia.denkanross.de\/wp-content\/uploads\/2020\/10\/Schlosspark-Fonta\u0308ne-550x310-1.jpg 550w, https:\/\/arcadia.denkanross.de\/wp-content\/uploads\/2020\/10\/Schlosspark-Fonta\u0308ne-550x310-1-300x169.jpg 300w\" sizes=\"(max-width: 550px) 100vw, 550px\" \/><\/figure>\n<\/div>\n\n\n\n<div class=\"wp-block-column is-vertically-aligned-top is-layout-flow wp-block-column-is-layout-flow\">\n<p class=\"has-text-align-left\">Die Arcadia Praxisklinik liegt im nordhessischen Bad Emstal bei Kassel, mitten in einem sch\u00f6nen Kurpark mit Rosengarten. Der zertifizierte Luftkurort Bad Emstal ist umgeben von W\u00e4ldern und Wiesen in ruhiger, frischer Natur. Die n\u00e4chste gr\u00f6\u00dfere Stadt ist Kassel und nur rund 20 km entfernt. Kassel bietet neben vielf\u00e4ltigen Einkaufsm\u00f6glichkeiten ein gro\u00dfes kulturelles Angebot. Besucher aus der ganzen Welt kommen um den einzigartigen Bergpark, das Schloss Wilhelmsh\u00f6he, die Br\u00fcder Grimm Welt und auch die Documenta zu besuchen. Gerne organisieren wir auch einen Kassel-Besuch.<\/p>\n<\/div>\n<\/div>\n<\/div><\/div>\n\n\n\n<p><a href=\"https:\/\/arcadia.denkanross.de\/wp-admin\/edit.php?post_type=page\"><\/a><\/p>\n\n\n\n<div class=\"wp-block-cover alignfull\" style=\"background-image:url(https:\/\/arcadia.denkanross.de\/wp-content\/uploads\/2020\/10\/Emstal-Panorama.jpg);background-position:50% 30%;min-height:500px;aspect-ratio:unset;\"><div class=\"wp-block-cover__inner-container is-layout-flow wp-block-cover-is-layout-flow\">\n<h2 class=\"has-text-align-center has-blue-color has-text-color wp-block-heading\">Krebsbehandlung in heilsamer Umgebung.<br>Im Herzen von Deutschland.<\/h2>\n\n\n\n<p class=\"has-text-align-center has-blue-color has-text-color\">Seit \u00fcber 15 Jahren behandeln wir Menschen aus der ganzen Welt erfolgreich nach dem &#8222;Arcadia way to health&#8220;.<\/p>\n\n\n\n<div class=\"wp-block-buttons aligncenter is-layout-flex wp-block-buttons-is-layout-flex\">\n<div class=\"wp-block-button is-style-default\"><a class=\"wp-block-button__link\" href=\"https:\/\/arcadia.denkanross.de\/krebs-therapie\/\">Unsere Behandlungen<\/a><\/div>\n\n\n\n<div class=\"wp-block-button\"><a class=\"wp-block-button__link\" href=\"https:\/\/arcadia.denkanross.de\/therapie-team\/\">Unser Behandlungsteam<\/a><\/div>\n<\/div>\n<\/div><\/div>\n\n\n\n<div class=\"wp-block-group alignfull has-gray-background-color has-background\"><div class=\"wp-block-group__inner-container is-layout-flow wp-block-group-is-layout-flow\">\n<p><a href=\"https:\/\/arcadia.denkanross.de\/wp-admin\/edit.php?post_type=page\"><\/a><\/p>\n\n\n\n<h2 class=\"has-text-align-center wp-block-heading\">Das sagen unsere Patienten \u00fcber ihren Aufenthalt<\/h2>\n\n\n\n<p class=\"has-text-align-center\">Erfahren Sie, was unsere Patienten und auch ihre Angeh\u00f6rigen \u00fcber Arcadia und ihren &#8222;way to health&#8220; denken und sagen. Sie teilen ihre Erfahrungen gerne mit anderen Krebskranken und Angeh\u00f6rigen.<\/p>\n\n\n\n<div id=\"content-block-block_5f803e9f90568\" class=\"content-block block-yt-playlist\">\n<div class=\"c-yt-playlist js-yt-playlist\">\n\t<div class=\"c-yt-playlist-video embed-responsive embed-responsive-16by9\">\n\t\t<div class=\"BorlabsCookie _brlbs-cb-youtube\"><div class=\"_brlbs-content-blocker\"> <div class=\"_brlbs-embed _brlbs-video-youtube\"> <img class=\"_brlbs-thumbnail\" src=\"https:\/\/arcadia.denkanross.de\/wp-content\/plugins\/borlabs-cookie\/assets\/images\/cb-no-thumbnail.png\" alt=\"YouTube\"> <div class=\"_brlbs-caption\"> <p>Mit dem Laden des Videos akzeptieren Sie die Datenschutzerkl\u00e4rung von YouTube.<br><a href=\"https:\/\/policies.google.com\/privacy\" target=\"_blank\" rel=\"nofollow noopener noreferrer\">Mehr erfahren<\/a><\/p> <p><a class=\"_brlbs-btn _brlbs-icon-play-white\" href=\"#\" data-borlabs-cookie-unblock role=\"button\">Video laden<\/a><\/p> <p><label><input type=\"checkbox\" name=\"unblockAll\" value=\"1\" checked> <small>YouTube immer entsperren<\/small><\/label><\/p> <\/div> <\/div> <\/div><div class=\"borlabs-hide\" data-borlabs-cookie-type=\"content-blocker\" data-borlabs-cookie-id=\"youtube\"><script type=\"text\/template\">PGlmcmFtZSBsb2FkaW5nPSJsYXp5IiB3aWR0aD0iNTYwIiBoZWlnaHQ9IjMxNSIgc3JjPSJodHRwczovL3d3dy55b3V0dWJlLW5vY29va2llLmNvbS9lbWJlZC9FSDJiTUh1WGJrSSIgZnJhbWVib3JkZXI9IjAiIGFsbG93PSJhdXRvcGxheTsgZW5jcnlwdGVkLW1lZGlhIiBhbGxvd2Z1bGxzY3JlZW4+PC9pZnJhbWU+<\/script><\/div><\/div>\n\n\t<\/div>\n\n\n\t<ul class=\"c-yt-playlist-wrap\">\n\t\n\t\t<li class=\"c-yt-playlist-item\"><a class=\"js-yt-link\" href=\"#\" data-yt=\"EH2bMHuXbkI\"><img decoding=\"async\" alt=\"arcadia youtube video\" src=\"https:\/\/img.youtube.com\/vi\/EH2bMHuXbkI\/0.jpg\"><\/a><\/li>\n\n\t\n\t\t<li class=\"c-yt-playlist-item\"><a class=\"js-yt-link\" href=\"#\" data-yt=\"jySaXjyZaD0\"><img decoding=\"async\" alt=\"arcadia youtube video\" src=\"https:\/\/img.youtube.com\/vi\/jySaXjyZaD0\/0.jpg\"><\/a><\/li>\n\n\t\n\t\t<li class=\"c-yt-playlist-item\"><a class=\"js-yt-link\" href=\"#\" data-yt=\"rMW7ny0WPos\"><img decoding=\"async\" alt=\"arcadia youtube video\" src=\"https:\/\/img.youtube.com\/vi\/rMW7ny0WPos\/0.jpg\"><\/a><\/li>\n\n\t\t<\/ul>\n\n\t<\/div>\n<\/div>\n<\/div><\/div>\n\n\n\n<div class=\"wp-block-group alignfull\"><div class=\"wp-block-group__inner-container is-layout-flow wp-block-group-is-layout-flow\">\n<div class=\"wp-block-columns alignwide is-layout-flex wp-container-core-columns-is-layout-4 wp-block-columns-is-layout-flex\">\n<div class=\"wp-block-column is-layout-flow wp-block-column-is-layout-flow\">\n<h2 class=\"wp-block-heading\">Sie haben Interesse an einer Behandlung in unserem Haus? <\/h2>\n\n\n\n<p>Sie haben Fragen zur Krebstherapie in unserer Praxisklinik oder m\u00f6chten einen Termin mit unseren \u00c4rzten vereinbaren? Wir nehmen uns Zeit f\u00fcr eine <strong>individuelle Arztberatung \u2013 per Telefon, Video<\/strong> oder auch bei uns direkt in Bad Emstal. Bitte reservieren Sie einen Termin \u00fcber das Kontaktformular. Wir melden uns umgehend zur\u00fcck.<\/p>\n\n\n\n<p><strong>Telefon-Service f\u00fcr unsere G\u00e4ste:<\/strong><br>Montag bis Freitag von 8:30-12.30 Uhr <br>und 13.00-16.30 Uhr (au\u00dfer am Mittwoch)<\/p>\n<\/div>\n\n\n\n<div class=\"wp-block-column is-layout-flow wp-block-column-is-layout-flow\">\n<div class=\"wpcf7 no-js\" id=\"wpcf7-f113-o1\" lang=\"de-DE\" dir=\"ltr\">\n<div class=\"screen-reader-response\"><p role=\"status\" aria-live=\"polite\" aria-atomic=\"true\"><\/p> <ul><\/ul><\/div>\n<form action=\"\/de\/wp-json\/wp\/v2\/pages\/36#wpcf7-f113-o1\" method=\"post\" class=\"wpcf7-form init\" aria-label=\"Kontaktformular\" novalidate=\"novalidate\" data-status=\"init\">\n<div style=\"display: none;\">\n<input type=\"hidden\" name=\"_wpcf7\" value=\"113\" \/>\n<input type=\"hidden\" name=\"_wpcf7_version\" value=\"5.9.6\" \/>\n<input type=\"hidden\" name=\"_wpcf7_locale\" value=\"de_DE\" \/>\n<input type=\"hidden\" name=\"_wpcf7_unit_tag\" value=\"wpcf7-f113-o1\" \/>\n<input type=\"hidden\" name=\"_wpcf7_container_post\" value=\"0\" \/>\n<input type=\"hidden\" name=\"_wpcf7_posted_data_hash\" value=\"\" \/>\n<\/div>\n<div class=\"c-card\">\n\t<div class=\"c-form-row\">\n\t\t<div class=\"c-form-group col-md-6\">\n\t\t\t<p><label for=\"firstname\">Vorname*<\/label><span class=\"wpcf7-form-control-wrap\" data-name=\"firstname\"><input size=\"40\" maxlength=\"80\" class=\"wpcf7-form-control wpcf7-text wpcf7-validates-as-required input-text form-control\" aria-required=\"true\" aria-invalid=\"false\" value=\"\" type=\"text\" name=\"firstname\" \/><\/span>\n\t\t\t<\/p>\n\t\t<\/div>\n\t\t<div class=\"c-form-group col-md-6\">\n\t\t\t<p><label for=\"lastname\">Nachname*<\/label><span class=\"wpcf7-form-control-wrap\" data-name=\"lastname\"><input size=\"40\" maxlength=\"80\" class=\"wpcf7-form-control wpcf7-text wpcf7-validates-as-required input-text form-control\" aria-required=\"true\" aria-invalid=\"false\" value=\"\" type=\"text\" name=\"lastname\" \/><\/span>\n\t\t\t<\/p>\n\t\t<\/div>\n\t<\/div>\n\t<div class=\"c-form-row\">\n\t\t<div class=\"c-form-group col-md-6\">\n\t\t\t<p><label for=\"email\">E-Mail*<\/label><span class=\"wpcf7-form-control-wrap\" data-name=\"email\"><input size=\"40\" maxlength=\"80\" class=\"wpcf7-form-control wpcf7-email wpcf7-validates-as-required wpcf7-text wpcf7-validates-as-email input-text form-control\" aria-required=\"true\" aria-invalid=\"false\" value=\"\" type=\"email\" name=\"email\" \/><\/span>\n\t\t\t<\/p>\n\t\t<\/div>\n\t\t<div class=\"c-form-group col-md-6\">\n\t\t\t<p><label for=\"phone\">Telefon<\/label><span class=\"wpcf7-form-control-wrap\" data-name=\"phone\"><input size=\"40\" maxlength=\"80\" class=\"wpcf7-form-control wpcf7-text input-text form-control\" aria-invalid=\"false\" value=\"\" type=\"text\" name=\"phone\" \/><\/span>\n\t\t\t<\/p>\n\t\t<\/div>\n\t<\/div>\n\t<div class=\"c-form-group\">\n\t\t<p><label for=\"Betreff\">Betreff<\/label><span class=\"wpcf7-form-control-wrap\" data-name=\"Betreff\"><select class=\"wpcf7-form-control wpcf7-select\" aria-invalid=\"false\" name=\"Betreff\"><option value=\"Kontaktanfrage\">Kontaktanfrage<\/option><option value=\"R\u00fcckruf\">R\u00fcckruf<\/option><option value=\"Terminanfrage\">Terminanfrage<\/option><\/select><\/span>\n\t\t<\/p>\n\t<\/div>\n\t<div class=\"c-form-group\">\n\t\t<p><label for=\"nachricht\">Nachricht<\/label><span class=\"wpcf7-form-control-wrap\" data-name=\"nachricht\"><textarea cols=\"1\" rows=\"3\" maxlength=\"400\" class=\"wpcf7-form-control wpcf7-textarea input-text form-control\" aria-invalid=\"false\" name=\"nachricht\"><\/textarea><\/span>\n\t\t<\/p>\n\t<\/div>\n\t<div class=\"c-form-group\">\n\t\t<div class=\"form-check\">\n\t\t\t<p><span class=\"wpcf7-form-control-wrap\" data-name=\"acceptance-344\"><span class=\"wpcf7-form-control wpcf7-acceptance\"><span class=\"wpcf7-list-item\"><label><input type=\"checkbox\" name=\"acceptance-344\" value=\"1\" aria-invalid=\"false\" \/><span class=\"wpcf7-list-item-label\">Ich habe die Datenschutzerkl\u00e4rung zur Kenntnis genommen. Ich stimme zu, dass meine Angaben und Daten zur Beantwortung meiner Anfrage elektronisch erhoben und gespeichert werden. Wir werden Ihre Daten ausschlie\u00dflich zur Kommunikation mit Ihnen verwenden und danach umgehend l\u00f6schen. Eine weitere oder l\u00e4ngerfristige Speicherung findet nicht statt. Ihre Daten werden nicht an Dritte weitergegeben. Weitere Informationen hierzu finden Sie in unserer <a href=\"#datenschutz\/\" target=\"_blank\">Datenschutzerkl\u00e4rung<\/a>.<\/span><\/label><\/span><\/span><\/span>\n\t\t\t<\/p>\n\t\t<\/div>\n\t<\/div>\n\t<p class=\"has-small-font-size\">*Pflichtangaben\n\t<\/p>\n\t<div class=\"d-flex my-1\">\n\t\t<p><input class=\"wpcf7-form-control wpcf7-submit has-spinner o-button\" type=\"submit\" value=\"Jetzt abschicken!\" \/>\n\t\t<\/p>\n\t<\/div>\n<\/div><div class=\"wpcf7-response-output\" aria-hidden=\"true\"><\/div>\n<\/form>\n<\/div>\n\n<\/div>\n<\/div>\n<\/div><\/div>\n\n\n\n<p><\/p>\n","protected":false},"excerpt":{"rendered":"<p>Der Aufenthalt bei Arcadia Der &#8222;Arcadia way to health&#8220; ist eine besondere Behandlungsphilosophie, daher ist der Aufenthalt bei uns auch&hellip;<\/p>\n","protected":false},"author":1,"featured_media":0,"parent":0,"menu_order":0,"comment_status":"closed","ping_status":"closed","template":"","meta":{"_acf_changed":false,"footnotes":""},"acf":[],"_links":{"self":[{"href":"https:\/\/arcadia.denkanross.de\/de\/wp-json\/wp\/v2\/pages\/36"}],"collection":[{"href":"https:\/\/arcadia.denkanross.de\/de\/wp-json\/wp\/v2\/pages"}],"about":[{"href":"https:\/\/arcadia.denkanross.de\/de\/wp-json\/wp\/v2\/types\/page"}],"author":[{"embeddable":true,"href":"https:\/\/arcadia.denkanross.de\/de\/wp-json\/wp\/v2\/users\/1"}],"replies":[{"embeddable":true,"href":"https:\/\/arcadia.denkanross.de\/de\/wp-json\/wp\/v2\/comments?post=36"}],"version-history":[{"count":60,"href":"https:\/\/arcadia.denkanross.de\/de\/wp-json\/wp\/v2\/pages\/36\/revisions"}],"predecessor-version":[{"id":1923,"href":"https:\/\/arcadia.denkanross.de\/de\/wp-json\/wp\/v2\/pages\/36\/revisions\/1923"}],"wp:attachment":[{"href":"https:\/\/arcadia.denkanross.de\/de\/wp-json\/wp\/v2\/media?parent=36"}],"curies":[{"name":"wp","href":"https:\/\/api.w.org\/{rel}","templated":true}]}}