{"id":38,"date":"2020-08-05T10:47:33","date_gmt":"2020-08-05T08:47:33","guid":{"rendered":"http:\/\/arcadia.denkanross.de\/?page_id=38"},"modified":"2020-12-14T14:22:29","modified_gmt":"2020-12-14T13:22:29","slug":"integrative-krebs-behandlung","status":"publish","type":"page","link":"https:\/\/arcadia.denkanross.de\/de\/integrative-krebs-behandlung\/","title":{"rendered":"Integrative Krebsbehandlung"},"content":{"rendered":"\n<div class=\"wp-block-group\"><div class=\"wp-block-group__inner-container is-layout-flow wp-block-group-is-layout-flow\">\n<h2 class=\"has-text-align-center wp-block-heading\">Die integrative Krebsbehandlung<\/h2>\n\n\n\n<p class=\"has-text-align-center\">In der Arcadia Praxisklinik verfolgen wir einen integrativen Ansatz zur Krebstherapie und zur Behandlung von chronischen Erkrankungen. Wir behandeln den gesamten Menschen, ganz individuell und pers\u00f6nlich, mit dem langfristigen Ziel nachhaltig eine gute Lebensqualit\u00e4t zu erzielen oder gesund zu werden. Unser Anspruch ist es Heilungserfolge stetig zu verbessern, die Lebensqualit\u00e4t zu steigern und langfristig zu erhalten und auch R\u00fcckf\u00e4llen vorzubeugen. Seit \u00fcber 15 Jahren behandeln wir Menschen aus der ganzen Welt erfolgreich nach dem &#8222;Arcadia way to health&#8220;.<\/p>\n<\/div><\/div>\n\n\n\n<div class=\"wp-block-group alignfull has-gray-background-color has-background\"><div class=\"wp-block-group__inner-container is-layout-flow wp-block-group-is-layout-flow\">\n<div class=\"wp-block-columns is-layout-flex wp-container-core-columns-is-layout-1 wp-block-columns-is-layout-flex\">\n<div class=\"wp-block-column is-layout-flow wp-block-column-is-layout-flow\">\n<h3 class=\"wp-block-heading\">Integrative Medizin mit Wissenschaft und Erfahrung<\/h3>\n\n\n\n<figure class=\"wp-block-image size-full\"><img loading=\"lazy\" decoding=\"async\" width=\"550\" height=\"309\" src=\"https:\/\/arcadia.denkanross.de\/wp-content\/uploads\/2020\/10\/AdobeStock_314120171_550x309-1.jpg\" alt=\"\" class=\"wp-image-979\" srcset=\"https:\/\/arcadia.denkanross.de\/wp-content\/uploads\/2020\/10\/AdobeStock_314120171_550x309-1.jpg 550w, https:\/\/arcadia.denkanross.de\/wp-content\/uploads\/2020\/10\/AdobeStock_314120171_550x309-1-300x169.jpg 300w\" sizes=\"(max-width: 550px) 100vw, 550px\" \/><\/figure>\n<\/div>\n\n\n\n<div class=\"wp-block-column is-layout-flow wp-block-column-is-layout-flow\">\n<p>Integrative Medizin verbindet modernste, evidenzbasierte Behandlungskonzepte mit der Jahrtausende alten Erfahrung der Naturheilkunde. Ziel ist die Wiederherstellung der Selbstheilungskr\u00e4fte und die St\u00e4rkung des Immunsystems. In der Arcadia Praxisklinik setzen wir auf integrative Medizin: Entgiftungsf\u00f6rdernde und vitalisierende Ma\u00dfnahmen zur Krebstherapie helfen, Behandlungsergebnisse zu verbessern und die Lebensqualit\u00e4t der Patienten zu erhalten.<\/p>\n<\/div>\n<\/div>\n\n\n\n<p><\/p>\n<\/div><\/div>\n\n\n\n<div class=\"wp-block-group\"><div class=\"wp-block-group__inner-container is-layout-flow wp-block-group-is-layout-flow\">\n<h3 class=\"has-text-align-center wp-block-heading\">Jede Krebserkrankung ist individuell und einzigartig<\/h3>\n\n\n\n<p class=\"has-text-align-center\">Von den \u00fcber 500 verschiedenen Krebsarten \u2013 die in der medizinischen Literatur teils unterschiedlich genannt werden \u2013 gibt es nach neuesten Erkenntnissen mehr als 100.000 verschiedene genetische Variationen. Vermutlich hat jeder Mensch, der an Krebs erkrankt ist, seine &#8222;eigene Krebserkrankung&#8220;. Daher ist es besonders wichtig, auf individuelle Besonderheiten einzugehen und die Krebsbehandlung auf den \u201eganzen Menschen\u201c und seine Bed\u00fcrfnisse auszurichten. Das machen wir in der Arcadia Praxisklinik bereits seit vielen Jahren.<\/p>\n<\/div><\/div>\n\n\n\n<div class=\"wp-block-group alignfull has-gray-background-color has-background\"><div class=\"wp-block-group__inner-container is-layout-flow wp-block-group-is-layout-flow\">\n<div class=\"wp-block-columns is-layout-flex wp-container-core-columns-is-layout-2 wp-block-columns-is-layout-flex\">\n<div class=\"wp-block-column is-layout-flow wp-block-column-is-layout-flow\">\n<h3 class=\"wp-block-heading\">Selbstheilungskr\u00e4fte kommen nicht ganz von selbst<\/h3>\n\n\n\n<figure class=\"wp-block-image size-full\"><img loading=\"lazy\" decoding=\"async\" width=\"550\" height=\"310\" src=\"https:\/\/arcadia.denkanross.de\/wp-content\/uploads\/2020\/10\/AdobeStock_307984466_550x310-1.jpg\" alt=\"\" class=\"wp-image-981\" srcset=\"https:\/\/arcadia.denkanross.de\/wp-content\/uploads\/2020\/10\/AdobeStock_307984466_550x310-1.jpg 550w, https:\/\/arcadia.denkanross.de\/wp-content\/uploads\/2020\/10\/AdobeStock_307984466_550x310-1-300x169.jpg 300w\" sizes=\"(max-width: 550px) 100vw, 550px\" \/><\/figure>\n<\/div>\n\n\n\n<div class=\"wp-block-column is-layout-flow wp-block-column-is-layout-flow\">\n<p>F\u00fcr die Integrative Medizin gibt es keine allgemeing\u00fcltige &#8222;Checkliste&#8220; nach dem Motto \u201eone size fits all\u201c (eine Gr\u00f6\u00dfe passt allen). Daher raten wir dringend von einer Selbstbehandlung ab. Es k\u00f6nnen sich durchaus Medikamente gegenseitig schw\u00e4chen oder auch unerw\u00fcnschte Wechselwirkungen haben. In der Arcadia Praxisklinik bieten wir wissenschaftlich untersuchte und dokumentierte Therapien an, die auf die individuelle Krebserkrankung unserer Patienten ausgerichtet sind. Mit unserer langj\u00e4hrigen Erfahrung stehen wir Patienten und Angeh\u00f6rigen mit Rat und Tat zur Seite.<\/p>\n<\/div>\n<\/div>\n\n\n\n<p><\/p>\n<\/div><\/div>\n\n\n\n<div class=\"wp-block-group\"><div class=\"wp-block-group__inner-container is-layout-flow wp-block-group-is-layout-flow\">\n<h2 class=\"has-text-align-center wp-block-heading\">Unsere Ziele in der Krebsbehandlung<\/h2>\n\n\n\n<div class=\"wp-block-columns are-vertically-aligned-top is-layout-flex wp-container-core-columns-is-layout-3 wp-block-columns-is-layout-flex\">\n<div class=\"wp-block-column is-vertically-aligned-top is-layout-flow wp-block-column-is-layout-flow\">\n<h3 class=\"has-text-align-center wp-block-heading\"> Behandlungserfolge von Krebs optimieren<\/h3>\n\n\n\n<ul><li>die k\u00f6rpereigenen Selbstheilungskr\u00e4fte aktivieren<br><\/li><li>die Heilungschancen der konventionellen Therapie Operation, Chemotherapie, Bestrahlung erh\u00f6hen<\/li><\/ul>\n<\/div>\n\n\n\n<div class=\"wp-block-column is-vertically-aligned-top is-layout-flow wp-block-column-is-layout-flow\">\n<h3 class=\"has-text-align-center wp-block-heading\">Lebensqualit\u00e4t bei Krebs verbessern<\/h3>\n\n\n\n<ul><li>die Nebenwirkungen der herk\u00f6mmlichen Therapien mildern<br><\/li><li>das Immunsystem des Patienten wiederherstellen und st\u00e4rken<br><\/li><li>ein &#8222;gutes Leben mit Krebs&#8220; <br>erm\u00f6glichen<\/li><\/ul>\n\n\n\n<p><\/p>\n<\/div>\n\n\n\n<div class=\"wp-block-column is-vertically-aligned-top is-layout-flow wp-block-column-is-layout-flow\">\n<h3 class=\"has-text-align-center wp-block-heading\">Nachhaltig gesund und krebsfrei bleiben<\/h3>\n\n\n\n<ul><li>ein gesundes Immunsystem aufbauen und erhalten<br><\/li><li>den K\u00f6rper wirksam entgiften<br><\/li><li>den pers\u00f6nlichen Lebensstil auf \u201eHeilung\u201c ausrichten<\/li><\/ul>\n<\/div>\n<\/div>\n<\/div><\/div>\n\n\n\n<div class=\"wp-block-group alignfull\"><div class=\"wp-block-group__inner-container is-layout-flow wp-block-group-is-layout-flow\">\n<figure class=\"wp-block-gallery alignfull columns-3 is-cropped wp-block-gallery-1 is-layout-flex wp-block-gallery-is-layout-flex\"><ul class=\"blocks-gallery-grid\"><li class=\"blocks-gallery-item\"><figure><img loading=\"lazy\" decoding=\"async\" width=\"960\" height=\"540\" src=\"https:\/\/arcadia.denkanross.de\/wp-content\/uploads\/2020\/10\/Metabolism-960x540-1.jpg\" alt=\"\" data-id=\"880\" data-full-url=\"https:\/\/arcadia.denkanross.de\/wp-content\/uploads\/2020\/10\/Metabolism-960x540-1.jpg\" data-link=\"https:\/\/arcadia.denkanross.de\/metabolism\/\" class=\"wp-image-880\" srcset=\"https:\/\/arcadia.denkanross.de\/wp-content\/uploads\/2020\/10\/Metabolism-960x540-1.jpg 960w, https:\/\/arcadia.denkanross.de\/wp-content\/uploads\/2020\/10\/Metabolism-960x540-1-300x169.jpg 300w, https:\/\/arcadia.denkanross.de\/wp-content\/uploads\/2020\/10\/Metabolism-960x540-1-768x432.jpg 768w\" sizes=\"(max-width: 960px) 100vw, 960px\" \/><\/figure><\/li><li class=\"blocks-gallery-item\"><figure><img loading=\"lazy\" decoding=\"async\" width=\"960\" height=\"540\" src=\"https:\/\/arcadia.denkanross.de\/wp-content\/uploads\/2020\/10\/Auditorium-960x540-1.jpg\" alt=\"\" data-id=\"792\" data-full-url=\"https:\/\/arcadia.denkanross.de\/wp-content\/uploads\/2020\/10\/Auditorium-960x540-1.jpg\" data-link=\"https:\/\/arcadia.denkanross.de\/auditorium\/\" class=\"wp-image-792\" srcset=\"https:\/\/arcadia.denkanross.de\/wp-content\/uploads\/2020\/10\/Auditorium-960x540-1.jpg 960w, https:\/\/arcadia.denkanross.de\/wp-content\/uploads\/2020\/10\/Auditorium-960x540-1-300x169.jpg 300w, https:\/\/arcadia.denkanross.de\/wp-content\/uploads\/2020\/10\/Auditorium-960x540-1-768x432.jpg 768w\" sizes=\"(max-width: 960px) 100vw, 960px\" \/><\/figure><\/li><li class=\"blocks-gallery-item\"><figure><img loading=\"lazy\" decoding=\"async\" width=\"960\" height=\"540\" src=\"https:\/\/arcadia.denkanross.de\/wp-content\/uploads\/2020\/10\/AuraChakren-960x540-1.jpg\" alt=\"\" data-id=\"796\" data-full-url=\"https:\/\/arcadia.denkanross.de\/wp-content\/uploads\/2020\/10\/AuraChakren-960x540-1.jpg\" data-link=\"https:\/\/arcadia.denkanross.de\/aurachakra\/\" class=\"wp-image-796\" srcset=\"https:\/\/arcadia.denkanross.de\/wp-content\/uploads\/2020\/10\/AuraChakren-960x540-1.jpg 960w, https:\/\/arcadia.denkanross.de\/wp-content\/uploads\/2020\/10\/AuraChakren-960x540-1-300x169.jpg 300w, https:\/\/arcadia.denkanross.de\/wp-content\/uploads\/2020\/10\/AuraChakren-960x540-1-768x432.jpg 768w\" sizes=\"(max-width: 960px) 100vw, 960px\" \/><\/figure><\/li><\/ul><\/figure>\n<\/div><\/div>\n\n\n\n<div class=\"wp-block-group alignfull has-gray-background-color has-background\"><div class=\"wp-block-group__inner-container is-layout-flow wp-block-group-is-layout-flow\">\n<h2 class=\"has-text-align-center wp-block-heading\">Die integrative Krebstherapie bei Arcadia<\/h2>\n\n\n\n<p class=\"has-text-align-center\">Abh\u00e4ngig von der Art und dem Stadium der Krebserkrankung kann die Therapie in unserer Praxisklinik f\u00fcr sich oder erg\u00e4nzend zu einer konventionellen Krebstherapie erfolgen. Bevor wir mit der Therapie starten, beginnen wir mit einer ausf\u00fchrlichen Untersuchung, stellen gemeinsam einen Behandlungsplan auf und erkl\u00e4ren detailliert die ausgew\u00e4hlten Anwendungen.<\/p>\n\n\n\n<div class=\"wp-block-group alignwide\"><div class=\"wp-block-group__inner-container is-layout-flow wp-block-group-is-layout-flow\">\n<div class=\"wp-block-columns alignwide is-style-card is-layout-flex wp-container-core-columns-is-layout-4 wp-block-columns-is-layout-flex\">\n<div class=\"wp-block-column is-layout-flow wp-block-column-is-layout-flow\">\n<figure class=\"wp-block-image size-full\"><img loading=\"lazy\" decoding=\"async\" width=\"550\" height=\"309\" src=\"https:\/\/arcadia.denkanross.de\/wp-content\/uploads\/2020\/10\/Examination-550x309-1.jpg\" alt=\"\" class=\"wp-image-834\" srcset=\"https:\/\/arcadia.denkanross.de\/wp-content\/uploads\/2020\/10\/Examination-550x309-1.jpg 550w, https:\/\/arcadia.denkanross.de\/wp-content\/uploads\/2020\/10\/Examination-550x309-1-300x169.jpg 300w\" sizes=\"(max-width: 550px) 100vw, 550px\" \/><\/figure>\n\n\n\n<h3 class=\"wp-block-heading\">Ausf\u00fchrliche Diagnose<\/h3>\n\n\n\n<p>Unsere ausgew\u00e4hlten Diagnoseverfahren in der Arcadia Praxisklinik erm\u00f6glichen uns eine &#8222;zweiten Blick&#8220; auf die Krebserkrankung, ihren Verlauf und die k\u00f6rperliche Verfassung des Patienten. <\/p>\n\n\n\n<p><strong><a href=\"https:\/\/arcadia.denkanross.de\/integrative-krebs-behandlung\/diagnose\/\" data-type=\"page\" data-id=\"393\">Zu den Diagnoseverfahren<\/a><\/strong><\/p>\n<\/div>\n\n\n\n<div class=\"wp-block-column is-layout-flow wp-block-column-is-layout-flow\">\n<figure class=\"wp-block-image size-full\"><img loading=\"lazy\" decoding=\"async\" width=\"550\" height=\"309\" src=\"https:\/\/arcadia.denkanross.de\/wp-content\/uploads\/2020\/10\/Arcadia-Test-550x309-1.jpg\" alt=\"\" class=\"wp-image-786\" srcset=\"https:\/\/arcadia.denkanross.de\/wp-content\/uploads\/2020\/10\/Arcadia-Test-550x309-1.jpg 550w, https:\/\/arcadia.denkanross.de\/wp-content\/uploads\/2020\/10\/Arcadia-Test-550x309-1-300x169.jpg 300w\" sizes=\"(max-width: 550px) 100vw, 550px\" \/><\/figure>\n\n\n\n<h3 class=\"wp-block-heading\">Individueller Therapieplan<\/h3>\n\n\n\n<p>Die Resultate der Diagnoseverfahren sind die Grundlage f\u00fcr den individuellen pers\u00f6nlichen Therapieplan. Alle Behandlungen werden darauf abgestimmt.<\/p>\n\n\n\n<p><strong><a href=\"https:\/\/arcadia.denkanross.de\/krebs-therapie\/\" data-type=\"page\" data-id=\"40\">Mehr zum individuellen Therapieplan<\/a><\/strong><\/p>\n<\/div>\n\n\n\n<div class=\"wp-block-column is-layout-flow wp-block-column-is-layout-flow\">\n<figure class=\"wp-block-image size-full\"><img loading=\"lazy\" decoding=\"async\" width=\"550\" height=\"309\" src=\"https:\/\/arcadia.denkanross.de\/wp-content\/uploads\/2020\/10\/Take-care-of-yourself_550x309-1.jpg\" alt=\"\" class=\"wp-image-992\" srcset=\"https:\/\/arcadia.denkanross.de\/wp-content\/uploads\/2020\/10\/Take-care-of-yourself_550x309-1.jpg 550w, https:\/\/arcadia.denkanross.de\/wp-content\/uploads\/2020\/10\/Take-care-of-yourself_550x309-1-300x169.jpg 300w\" sizes=\"(max-width: 550px) 100vw, 550px\" \/><\/figure>\n\n\n\n<h3 class=\"wp-block-heading\">Pr\u00e4ventive Ma\u00dfnahmen<\/h3>\n\n\n\n<p>Vorbeugen ist immer besser als das Behandeln. Nutzen Sie die Gelegenheit Ihre Gesundheit durch unsere vielf\u00e4ltigen Testmethoden \u00fcberpr\u00fcfen zu lassen. In der Arcadia Praxisklinik bieten wir Ihnen auch spezielle Angebote zur medizinischen Vorbeugung von Erkrankungen an.<\/p>\n\n\n\n<p><strong><a href=\"https:\/\/arcadia.denkanross.de\/integrative-krebs-behandlung\/praevention\/\" data-type=\"page\" data-id=\"412\">Mehr zu unseren Vorsorgeprogrammen<\/a><\/strong><\/p>\n<\/div>\n<\/div>\n<\/div><\/div>\n<\/div><\/div>\n\n\n\n<div class=\"wp-block-group alignfull\"><div class=\"wp-block-group__inner-container is-layout-flow wp-block-group-is-layout-flow\">\n<div class=\"wp-block-columns alignwide is-layout-flex wp-container-core-columns-is-layout-5 wp-block-columns-is-layout-flex\">\n<div class=\"wp-block-column is-layout-flow wp-block-column-is-layout-flow\">\n<h2 class=\"wp-block-heading\">Vereinbaren Sie Ihren pers\u00f6nlichen Beratungstermin <\/h2>\n\n\n\n<p>Sie haben Fragen zur Krebstherapie in unserer Praxisklinik oder m\u00f6chten eine zweite Meinung zu Ihrer Diagnose? Wir nehmen uns Zeit f\u00fcr eine <strong>individuelle Arztberatung \u2013 per Telefon, Video<\/strong> oder auch bei uns direkt in Bad Emstal. Bitte reservieren Sie einen Termin \u00fcber das Kontaktformular. Wir melden uns umgehend zur\u00fcck.<\/p>\n\n\n\n<p><strong>Telefon-Service f\u00fcr unsere G\u00e4ste:<\/strong><br>Montag bis Freitag von 8:30-12.30 Uhr <br>und 13.00-16.30 Uhr (au\u00dfer am Mittwoch)<\/p>\n<\/div>\n\n\n\n<div class=\"wp-block-column is-layout-flow wp-block-column-is-layout-flow\">\n<div class=\"wpcf7 no-js\" id=\"wpcf7-f113-o1\" lang=\"de-DE\" dir=\"ltr\">\n<div class=\"screen-reader-response\"><p role=\"status\" aria-live=\"polite\" aria-atomic=\"true\"><\/p> <ul><\/ul><\/div>\n<form action=\"\/de\/wp-json\/wp\/v2\/pages\/38#wpcf7-f113-o1\" method=\"post\" class=\"wpcf7-form init\" aria-label=\"Kontaktformular\" novalidate=\"novalidate\" data-status=\"init\">\n<div style=\"display: none;\">\n<input type=\"hidden\" name=\"_wpcf7\" value=\"113\" \/>\n<input type=\"hidden\" name=\"_wpcf7_version\" value=\"5.9.6\" \/>\n<input type=\"hidden\" name=\"_wpcf7_locale\" value=\"de_DE\" \/>\n<input type=\"hidden\" name=\"_wpcf7_unit_tag\" value=\"wpcf7-f113-o1\" \/>\n<input type=\"hidden\" name=\"_wpcf7_container_post\" value=\"0\" \/>\n<input type=\"hidden\" name=\"_wpcf7_posted_data_hash\" value=\"\" \/>\n<\/div>\n<div class=\"c-card\">\n\t<div class=\"c-form-row\">\n\t\t<div class=\"c-form-group col-md-6\">\n\t\t\t<p><label for=\"firstname\">Vorname*<\/label><span class=\"wpcf7-form-control-wrap\" data-name=\"firstname\"><input size=\"40\" maxlength=\"80\" class=\"wpcf7-form-control wpcf7-text wpcf7-validates-as-required input-text form-control\" aria-required=\"true\" aria-invalid=\"false\" value=\"\" type=\"text\" name=\"firstname\" \/><\/span>\n\t\t\t<\/p>\n\t\t<\/div>\n\t\t<div class=\"c-form-group col-md-6\">\n\t\t\t<p><label for=\"lastname\">Nachname*<\/label><span class=\"wpcf7-form-control-wrap\" data-name=\"lastname\"><input size=\"40\" maxlength=\"80\" class=\"wpcf7-form-control wpcf7-text wpcf7-validates-as-required input-text form-control\" aria-required=\"true\" aria-invalid=\"false\" value=\"\" type=\"text\" name=\"lastname\" \/><\/span>\n\t\t\t<\/p>\n\t\t<\/div>\n\t<\/div>\n\t<div class=\"c-form-row\">\n\t\t<div class=\"c-form-group col-md-6\">\n\t\t\t<p><label for=\"email\">E-Mail*<\/label><span class=\"wpcf7-form-control-wrap\" data-name=\"email\"><input size=\"40\" maxlength=\"80\" class=\"wpcf7-form-control wpcf7-email wpcf7-validates-as-required wpcf7-text wpcf7-validates-as-email input-text form-control\" aria-required=\"true\" aria-invalid=\"false\" value=\"\" type=\"email\" name=\"email\" \/><\/span>\n\t\t\t<\/p>\n\t\t<\/div>\n\t\t<div class=\"c-form-group col-md-6\">\n\t\t\t<p><label for=\"phone\">Telefon<\/label><span class=\"wpcf7-form-control-wrap\" data-name=\"phone\"><input size=\"40\" maxlength=\"80\" class=\"wpcf7-form-control wpcf7-text input-text form-control\" aria-invalid=\"false\" value=\"\" type=\"text\" name=\"phone\" \/><\/span>\n\t\t\t<\/p>\n\t\t<\/div>\n\t<\/div>\n\t<div class=\"c-form-group\">\n\t\t<p><label for=\"Betreff\">Betreff<\/label><span class=\"wpcf7-form-control-wrap\" data-name=\"Betreff\"><select class=\"wpcf7-form-control wpcf7-select\" aria-invalid=\"false\" name=\"Betreff\"><option value=\"Kontaktanfrage\">Kontaktanfrage<\/option><option value=\"R\u00fcckruf\">R\u00fcckruf<\/option><option value=\"Terminanfrage\">Terminanfrage<\/option><\/select><\/span>\n\t\t<\/p>\n\t<\/div>\n\t<div class=\"c-form-group\">\n\t\t<p><label for=\"nachricht\">Nachricht<\/label><span class=\"wpcf7-form-control-wrap\" data-name=\"nachricht\"><textarea cols=\"1\" rows=\"3\" maxlength=\"400\" class=\"wpcf7-form-control wpcf7-textarea input-text form-control\" aria-invalid=\"false\" name=\"nachricht\"><\/textarea><\/span>\n\t\t<\/p>\n\t<\/div>\n\t<div class=\"c-form-group\">\n\t\t<div class=\"form-check\">\n\t\t\t<p><span class=\"wpcf7-form-control-wrap\" data-name=\"acceptance-344\"><span class=\"wpcf7-form-control wpcf7-acceptance\"><span class=\"wpcf7-list-item\"><label><input type=\"checkbox\" name=\"acceptance-344\" value=\"1\" aria-invalid=\"false\" \/><span class=\"wpcf7-list-item-label\">Ich habe die Datenschutzerkl\u00e4rung zur Kenntnis genommen. Ich stimme zu, dass meine Angaben und Daten zur Beantwortung meiner Anfrage elektronisch erhoben und gespeichert werden. Wir werden Ihre Daten ausschlie\u00dflich zur Kommunikation mit Ihnen verwenden und danach umgehend l\u00f6schen. Eine weitere oder l\u00e4ngerfristige Speicherung findet nicht statt. Ihre Daten werden nicht an Dritte weitergegeben. Weitere Informationen hierzu finden Sie in unserer <a href=\"#datenschutz\/\" target=\"_blank\">Datenschutzerkl\u00e4rung<\/a>.<\/span><\/label><\/span><\/span><\/span>\n\t\t\t<\/p>\n\t\t<\/div>\n\t<\/div>\n\t<p class=\"has-small-font-size\">*Pflichtangaben\n\t<\/p>\n\t<div class=\"d-flex my-1\">\n\t\t<p><input class=\"wpcf7-form-control wpcf7-submit has-spinner o-button\" type=\"submit\" value=\"Jetzt abschicken!\" \/>\n\t\t<\/p>\n\t<\/div>\n<\/div><div class=\"wpcf7-response-output\" aria-hidden=\"true\"><\/div>\n<\/form>\n<\/div>\n\n<\/div>\n<\/div>\n<\/div><\/div>\n","protected":false},"excerpt":{"rendered":"<p>Die integrative Krebsbehandlung In der Arcadia Praxisklinik verfolgen wir einen integrativen Ansatz zur Krebstherapie und zur Behandlung von chronischen Erkrankungen.&hellip;<\/p>\n","protected":false},"author":1,"featured_media":0,"parent":0,"menu_order":0,"comment_status":"closed","ping_status":"closed","template":"","meta":{"_acf_changed":false,"footnotes":""},"acf":[],"_links":{"self":[{"href":"https:\/\/arcadia.denkanross.de\/de\/wp-json\/wp\/v2\/pages\/38"}],"collection":[{"href":"https:\/\/arcadia.denkanross.de\/de\/wp-json\/wp\/v2\/pages"}],"about":[{"href":"https:\/\/arcadia.denkanross.de\/de\/wp-json\/wp\/v2\/types\/page"}],"author":[{"embeddable":true,"href":"https:\/\/arcadia.denkanross.de\/de\/wp-json\/wp\/v2\/users\/1"}],"replies":[{"embeddable":true,"href":"https:\/\/arcadia.denkanross.de\/de\/wp-json\/wp\/v2\/comments?post=38"}],"version-history":[{"count":55,"href":"https:\/\/arcadia.denkanross.de\/de\/wp-json\/wp\/v2\/pages\/38\/revisions"}],"predecessor-version":[{"id":1709,"href":"https:\/\/arcadia.denkanross.de\/de\/wp-json\/wp\/v2\/pages\/38\/revisions\/1709"}],"wp:attachment":[{"href":"https:\/\/arcadia.denkanross.de\/de\/wp-json\/wp\/v2\/media?parent=38"}],"curies":[{"name":"wp","href":"https:\/\/api.w.org\/{rel}","templated":true}]}}