{"id":393,"date":"2020-08-16T08:48:29","date_gmt":"2020-08-16T06:48:29","guid":{"rendered":"https:\/\/arcadia.denkanross.de\/?page_id=393"},"modified":"2020-12-14T14:23:13","modified_gmt":"2020-12-14T13:23:13","slug":"diagnose","status":"publish","type":"page","link":"https:\/\/arcadia.denkanross.de\/de\/integrative-krebs-behandlung\/diagnose\/","title":{"rendered":"Diagnoseverfahren"},"content":{"rendered":"\n<div class=\"wp-block-group\"><div class=\"wp-block-group__inner-container is-layout-flow wp-block-group-is-layout-flow\">\n<h2 class=\"has-text-align-center wp-block-heading\">Krebs-Diagnose und diagnostische Verfahren<\/h2>\n\n\n\n<p class=\"has-text-align-center\">Bevor wir Krebspatienten in der Arcadia Praxisklinik individuell medizinisch beraten k\u00f6nnen, ben\u00f6tigen wir alle bisherigen Unterlagen, Ergebnisse und Berichte zum Krankheitsverlauf. Die Krebstherapie, aber auch die Behandlung chronischer Erkrankungen wie z. B. Borreliose, beginnt in der Arcadia Praxisklinik immer mit einem ausf\u00fchrlichen Gespr\u00e4ch und einer umfangreichen Diagnostik. Daf\u00fcr nutzen wir modernste Verfahren, die wir hier kurz vorstellen. <\/p>\n<\/div><\/div>\n\n\n\n<div class=\"wp-block-group alignfull\"><div class=\"wp-block-group__inner-container is-layout-flow wp-block-group-is-layout-flow\">\n<figure class=\"wp-block-gallery alignfull columns-3 is-cropped wp-block-gallery-1 is-layout-flex wp-block-gallery-is-layout-flex\"><ul class=\"blocks-gallery-grid\"><li class=\"blocks-gallery-item\"><figure><img loading=\"lazy\" decoding=\"async\" width=\"960\" height=\"540\" src=\"https:\/\/arcadia.denkanross.de\/wp-content\/uploads\/2020\/10\/Life-Blood-Analysis-960x540-1.jpg\" alt=\"\" data-id=\"842\" data-full-url=\"https:\/\/arcadia.denkanross.de\/wp-content\/uploads\/2020\/10\/Life-Blood-Analysis-960x540-1.jpg\" data-link=\"https:\/\/arcadia.denkanross.de\/gesunde-blutzellen-dunkelfeld\/\" class=\"wp-image-842\" srcset=\"https:\/\/arcadia.denkanross.de\/wp-content\/uploads\/2020\/10\/Life-Blood-Analysis-960x540-1.jpg 960w, https:\/\/arcadia.denkanross.de\/wp-content\/uploads\/2020\/10\/Life-Blood-Analysis-960x540-1-300x169.jpg 300w, https:\/\/arcadia.denkanross.de\/wp-content\/uploads\/2020\/10\/Life-Blood-Analysis-960x540-1-768x432.jpg 768w\" sizes=\"(max-width: 960px) 100vw, 960px\" \/><\/figure><\/li><li class=\"blocks-gallery-item\"><figure><img loading=\"lazy\" decoding=\"async\" width=\"960\" height=\"540\" src=\"https:\/\/arcadia.denkanross.de\/wp-content\/uploads\/2020\/10\/Sono-960x540-1.jpg\" alt=\"\" data-id=\"902\" data-full-url=\"https:\/\/arcadia.denkanross.de\/wp-content\/uploads\/2020\/10\/Sono-960x540-1.jpg\" data-link=\"https:\/\/arcadia.denkanross.de\/sono\/\" class=\"wp-image-902\" srcset=\"https:\/\/arcadia.denkanross.de\/wp-content\/uploads\/2020\/10\/Sono-960x540-1.jpg 960w, https:\/\/arcadia.denkanross.de\/wp-content\/uploads\/2020\/10\/Sono-960x540-1-300x169.jpg 300w, https:\/\/arcadia.denkanross.de\/wp-content\/uploads\/2020\/10\/Sono-960x540-1-768x432.jpg 768w\" sizes=\"(max-width: 960px) 100vw, 960px\" \/><\/figure><\/li><li class=\"blocks-gallery-item\"><figure><img loading=\"lazy\" decoding=\"async\" width=\"960\" height=\"540\" src=\"https:\/\/arcadia.denkanross.de\/wp-content\/uploads\/2020\/10\/Thermal-Imaging-960x540-1.jpg\" alt=\"\" data-id=\"912\" data-full-url=\"https:\/\/arcadia.denkanross.de\/wp-content\/uploads\/2020\/10\/Thermal-Imaging-960x540-1.jpg\" data-link=\"https:\/\/arcadia.denkanross.de\/thermal-imaging\/\" class=\"wp-image-912\" srcset=\"https:\/\/arcadia.denkanross.de\/wp-content\/uploads\/2020\/10\/Thermal-Imaging-960x540-1.jpg 960w, https:\/\/arcadia.denkanross.de\/wp-content\/uploads\/2020\/10\/Thermal-Imaging-960x540-1-300x169.jpg 300w, https:\/\/arcadia.denkanross.de\/wp-content\/uploads\/2020\/10\/Thermal-Imaging-960x540-1-768x432.jpg 768w\" sizes=\"(max-width: 960px) 100vw, 960px\" \/><\/figure><\/li><\/ul><\/figure>\n<\/div><\/div>\n\n\n\n<div class=\"wp-block-group alignfull has-gray-background-color has-background\"><div class=\"wp-block-group__inner-container is-layout-flow wp-block-group-is-layout-flow\">\n<h3 class=\"has-text-align-center wp-block-heading\">Die Diagnoseverfahren in der Arcadia Praxisklinik<\/h3>\n\n\n\n<div id=\"content-block-block_5f38d71120546\" class=\"content-block block-accordion js-accordion\">\n<div class=\"c-accordion\">\n\t\n\t\n\t\t<div class=\"c-accordion-title\" >\n\t\t\tSpezifische Bluttests\t\t\t<span class=\"toggle\"><\/span>\n\t\t<\/div>\n\t\t<div class=\"c-accordion-content\"><p>Grundlage unserer medizinischen Tests sind die Untersuchungsergebnisse eines ausf\u00fchrlichen Bluttests. Dazu geh\u00f6ren:<\/p>\n<ul>\n<li>Gro\u00dfes Blutbild<\/li>\n<li>Leber- Nieren-, Schilddr\u00fcsen-Werte<\/li>\n<li>Blutgerinnung<\/li>\n<li>Elektrolyte (Salze)<\/li>\n<li>Vitamin-D3, Selen, Eisen<\/li>\n<li>Entz\u00fcndungswerte<\/li>\n<li>spezifische Tumormarker (wenn m\u00f6glich)<\/li>\n<\/ul>\n<p>Unsere erweiterte Diagnostik untersucht dar\u00fcberhinaus:<\/p>\n<ul>\n<li>Schwermetalle im Blut<\/li>\n<li>Mineral-Vollblutanalyse<\/li>\n<li>bei speziellen Fragestellungen die Bestimmung von weiblichen Geschlechtshormonen im Urin<\/li>\n<li>Lebendblut-Analyse im Dunkelfeld-Mikroskop<\/li>\n<\/ul>\n<\/div>\n\n\t\n\t\t<div class=\"c-accordion-title\" >\n\t\t\tMikrobiom-Analyse &#8211; Untersuchung der Darmflora\t\t\t<span class=\"toggle\"><\/span>\n\t\t<\/div>\n\t\t<div class=\"c-accordion-content\"><p>Zur Eingangsdiagnostik geh\u00f6rt bei uns die ausf\u00fchrliche Untersuchung Ihrer Darmflora.<\/p>\n<p>Dabei verwenden wir den auf einer Genanalyse beruhenden Darm-Mikrobiom-Test, den ausf\u00fchrlichsten Test den es auf dem Gebiet der Stuhluntersuchung gibt.<\/p>\n<p><img loading=\"lazy\" decoding=\"async\" class=\"alignnone size-medium wp-image-1498\" src=\"https:\/\/arcadia.denkanross.de\/wp-content\/uploads\/2020\/11\/Mikrobiom-960x540-1-300x169.jpg\" alt=\"\" width=\"300\" height=\"169\" srcset=\"https:\/\/arcadia.denkanross.de\/wp-content\/uploads\/2020\/11\/Mikrobiom-960x540-1-300x169.jpg 300w, https:\/\/arcadia.denkanross.de\/wp-content\/uploads\/2020\/11\/Mikrobiom-960x540-1-768x432.jpg 768w, https:\/\/arcadia.denkanross.de\/wp-content\/uploads\/2020\/11\/Mikrobiom-960x540-1.jpg 960w\" sizes=\"(max-width: 300px) 100vw, 300px\" \/><\/p>\n<p>&nbsp;<\/p>\n<\/div>\n\n\t\n\t\t<div class=\"c-accordion-title\" >\n\t\t\tUltraschalluntersuchung der inneren Organe\t\t\t<span class=\"toggle\"><\/span>\n\t\t<\/div>\n\t\t<div class=\"c-accordion-content\"><p>Eine internistische Untersuchung der inneren Organe mit Sonographie (UIltraschall) geh\u00f6rt ebenfalls zu unserer Eingangsdiagnostik, mit der wir auch den Verlauf Ihrer Erkrankung bzw. Behandlungen \u00fcberwachen.<\/p>\n<p>Die Ultraschalluntersuchung der inneren Organe umfasst: Leber, Nieren, Milz, Blutgef\u00e4\u00dfe, Schilddr\u00fcse, Prostata, Lymphknoten, Pankreas, Gallenblase, Harnblase, u.a.<\/p>\n<\/div>\n\n\t\n\t\t<div class=\"c-accordion-title\" >\n\t\t\tInfrarot-Thermographie zur \u00dcberwachung der Brustgesundheit\t\t\t<span class=\"toggle\"><\/span>\n\t\t<\/div>\n\t\t<div class=\"c-accordion-content\"><p>Die Infrarot-Thermographie ist ein \u00e4u\u00dferst sanftes und sicheres diagnostisches Verfahren f\u00fcr die Untersuchung der weiblichen Brust. In den letzten Jahren hat es aufgrund erheblicher technologischer Fortschritte einen enormen Schub erfahren. Moderne Kameras machen Bilder mit \u00fcber 100.000 Messpunkten, die sehr pr\u00e4zise W\u00e4rmebilder der gesamten K\u00f6rperoberfl\u00e4che aufnehmen k\u00f6nnen. Mit dieser Thermographie k\u00f6nnen nun Erkrankungen oder Funktionsst\u00f6rungen im Bereich Onkologie, Orthop\u00e4die, Innere Medizin, Angiologie und Zahnmedizin sichtbar gemacht werden. Wir verwenden die Infrarot-Thermographie in der Arcadia Praxisklinik f\u00fcr das Brustgesundheits-Screening bis hin zur Brustkrebs-Kontrolle oder -Nachsorge.<\/p>\n<p>Die Thermographie hat sich dabei als wichtige Erg\u00e4nzung von Ultraschall- und MRT-Untersuchungen erwiesen und kann auch als <strong>Alternative zur R\u00f6ntgen-Mammographie<\/strong> genutzt werden. <strong>Sie verursacht keinerlei Stress f\u00fcr den K\u00f6rper und kann jederzeit wiederholt werden, denn sie hat keinerlei Nebenwirkungen. Frauen jeden Alters, auch schwangere und stillende M\u00fctter, sowie Gesunde k\u00f6nnen von dieser sicheren diagnostischen Methode profitieren.<\/strong><\/p>\n<p>Direkt nach dem Verfahren k\u00f6nnen die Ergebnisse der Brust-Untersuchung besprochen werden, ein Ausdruck der Untersuchungsergebnisse wird f\u00fcr den Hausarzt oder Therapeuten bereitgestellt.<\/p>\n<\/div>\n\n\t\n\t\t<div class=\"c-accordion-title\" >\n\t\t\tHerzraten-Variabilit\u00e4ts-Test (auch HRV-Stresstest genannt)\t\t\t<span class=\"toggle\"><\/span>\n\t\t<\/div>\n\t\t<div class=\"c-accordion-content\"><p>Gesundheit, Wohlbefinden und Fitness werden ma\u00dfgeblich vom Zustand des sogenannten autonomen Nervensystems beeinflusst. Letzteres umfasst das sympathische System (unser \u201einterner Beschleuniger\u201c) und das parasympathische System (unsere \u201einterne Bremse\u201c). Die Qualit\u00e4t unseres parasympathischen Systems ist f\u00fcr unsere Gesundheit au\u00dferordentlich wichtig, da die Regenerationsf\u00e4higkeit unseres K\u00f6rpers stark davon abh\u00e4ngt. Wenn unser parasympathisches System, d.h. unsere innere Bremse, unseren K\u00f6rper nicht regulieren kann, k\u00f6nnen sich chronische Krankheiten wie Bluthochdruck, Herzerkrankungen, Diabetes und Krebs entwickeln. Auch unsere geistigen F\u00e4higkeiten leiden: Wir werden sehr empfindlich gegen\u00fcber Stress von au\u00dfen, sind unausgewogen, reizbar oder werden depressiv.<\/p>\n<p>Deshalb \u00fcberpr\u00fcfen wir die Fitness des vegetativen Nervensystems mit einem HRV-Scan. Dieser Test wird mit einem speziellen EKG durchgef\u00fchrt, das an einem Computer angeschlossen ist. Er dauert nur wenige Minuten, und die Ergebnisse k\u00f6nnen sofort berechnet und mit unseren Patienten besprochen werden. Wir k\u00f6nnen sagen, wie flexibel das vegetative Nervensystem auf allt\u00e4gliche Belastungen reagiert und wie gut die \u201einnere Bremse\u201c funktioniert.<\/p>\n<p><strong>Welche Auswirkungen kann eine schlecht funktionierende \u201einnere Bremse\u201c haben?\u2028<\/strong><\/p>\n<p>Eine schlecht funktionierende \u201einnere Bremse\u201c ist h\u00e4ufig die Ursache chronischer Erkrankungen. \u00c4u\u00dfere Einfl\u00fcsse wie \u00fcberm\u00e4\u00dfiger Stress sowie Vernachl\u00e4ssigung des autonomen Kontrollsystems k\u00f6nnen zu einer vorzeitigen Alterung f\u00fchren. Mit einfache \u00dcbungen l\u00e4sst sich innerer Stress effektiv abbauen.<\/p>\n<\/div>\n\n\t\n\t\t<div class=\"c-accordion-title\" >\n\t\t\tBio-Impedanz-Analyse oder auch BIA-Messung\t\t\t<span class=\"toggle\"><\/span>\n\t\t<\/div>\n\t\t<div class=\"c-accordion-content\"><p>Mit der Bioelektrischen Impedanz-Analyse BIA k\u00f6nnen wir uns schnell ein aussagef\u00e4higes Bild von der Zusammensetzung des menschlichen K\u00f6rpers machen. Diese Untersuchung hat sich in den letzten 30 Jahren als Standard bei der K\u00f6rpergewichtskontrolle in der Ern\u00e4hrungsmedizin herausgestellt.<\/p>\n<p>Um den Gesundheitszustand des K\u00f6rpers zu beurteilen, ist die Kenntnis der Verteilung von au\u00dfer- und innerzellul\u00e4rem Wasser, von Fett und Muskelmasse wichtig. Verschiebungen in den Beziehungen zwischen ihnen erm\u00f6glichen wichtige Aussagen \u00fcber den Ern\u00e4hrungszustand.<\/p>\n<p>Die BIA-Analyse ist sehr hilfreich bei der Beurteilung des Ern\u00e4hrungs- und Funktionszustandes des K\u00f6rpers sowie bei der Beobachtung des Krankheitsverlaufs der Behandlung.<\/p>\n<\/div>\n\n\t\n\t\t<div class=\"c-accordion-title\" >\n\t\t\tLebendblut-Analyse mit Dunkelfeldmikroskopie\t\t\t<span class=\"toggle\"><\/span>\n\t\t<\/div>\n\t\t<div class=\"c-accordion-content\"><p><strong>Die Dunkelfeldmikroskopie wird am Anfang und am Ende jedes Aufenthaltes durchgef\u00fchrt.<\/strong><\/p>\n<p>Wir verwenden die Dunkelfeldmikroskopie, um die Gesamt-Vitalit\u00e4t zu testen. Sie ist eine spezielle Variante der Lichtmikroskopie, die es erm\u00f6glicht, Blut und alle seine Komponenten ohne vorherige F\u00e4rbung oder Konservierung zu betrachten. Mit der Dunkelfeldmikroskopie kann menschliches Blut \u201elebendig\u201c untersucht werden. Das ist \u00e4u\u00dferst wertvoll, weil damit ein direkter Einblick in die Lebensvorg\u00e4nge unseres K\u00f6rper erm\u00f6glicht wird.\u2028Normalerweise schwimmen rote Blutk\u00f6rperchen frei beweglich im Serum, weil sie eine starke negative Ladung haben und sich somit absto\u00dfen.<\/p>\n<p>Bei chronischen Krankheiten, Entz\u00fcndungen und bei Krebs verklumpen die roten Blutk\u00f6rperchen gerne und bilden das sogenannte M\u00fcnzrollen- oder Rolleaux-Ph\u00e4nomen. Dies ist ein Indikator f\u00fcr verminderte Vitalit\u00e4t; die negative Ladung in den Zellmembranen ist geschw\u00e4cht. Nach erfolgreicher Behandlung verschwindet dieses Ph\u00e4nomen gew\u00f6hnlich.\u2028Die Gr\u00f6\u00dfe und Mobilit\u00e4t der wei\u00dfen Blutk\u00f6rperchen ist von gro\u00dfer Bedeutung, da sie uns die Vitalit\u00e4t unseres Immunsystems zeigt. Sie kann mit Dunkelfeldmikroskopie auf eindrucksvolle Weise betrachtet werden. Das Bild des Mikroskops wird in Echtzeit auf einen gro\u00dfen Bildschirm geleitet, um es zusammen mit dem Patienten besprechen zu k\u00f6nnen.<\/p>\n<p>Zus\u00e4tzlich k\u00f6nnen Aussagen \u00fcber Proteinf\u00e4llung im Blut, z. B. als Hinweis auf entz\u00fcndliche Prozesse, saure Kristallablagerungen oder andere Stoffwechselendprodukte (sogenannte \u201eSchlackenstoffe\u201c) gemacht werden. Die Dunkelfeldmikroskopie ist eine gute Erg\u00e4nzung zu den zahlreichen Labortests, die wir durchf\u00fchren, da sie die \u201eGesamtvitalit\u00e4t\u201c auf einen Blick zeigt.<\/p>\n<p>&nbsp;<\/p>\n<\/div>\n\n\t\n\t<\/div>\n<\/div>\n<\/div><\/div>\n\n\n\n<div class=\"wp-block-group alignfull\"><div class=\"wp-block-group__inner-container is-layout-flow wp-block-group-is-layout-flow\">\n<h2 class=\"has-text-align-center wp-block-heading\">Warum uns die Diagnostik so wichtig ist<\/h2>\n\n\n\n<p class=\"has-text-align-center\">Unsere erweiterten Diagnoseverfahren in der Arcadia Praxisklinik erm\u00f6glichen uns einen &#8222;zweiten Blick&#8220; auf die Krebserkrankung, ihren Verlauf und die k\u00f6rperliche Verfassung des Patienten. Nicht selten k\u00f6nnen wir dadurch &#8222;das Blatt wenden&#8220; oder auch detaillierte Information erhalten und damit die Behandlungsergebnisse, sowie das Wohlbefinden des Patienten deutlich verbessern.<\/p>\n\n\n\n<div class=\"wp-block-group alignwide\"><div class=\"wp-block-group__inner-container is-layout-flow wp-block-group-is-layout-flow\">\n<div class=\"wp-block-columns alignwide is-style-card is-layout-flex wp-container-core-columns-is-layout-1 wp-block-columns-is-layout-flex\">\n<div class=\"wp-block-column is-layout-flow wp-block-column-is-layout-flow\">\n<figure class=\"wp-block-image size-full\"><img loading=\"lazy\" decoding=\"async\" width=\"550\" height=\"309\" src=\"https:\/\/arcadia.denkanross.de\/wp-content\/uploads\/2020\/10\/Second-Opinion-550x309-2.jpg\" alt=\"\" class=\"wp-image-984\" srcset=\"https:\/\/arcadia.denkanross.de\/wp-content\/uploads\/2020\/10\/Second-Opinion-550x309-2.jpg 550w, https:\/\/arcadia.denkanross.de\/wp-content\/uploads\/2020\/10\/Second-Opinion-550x309-2-300x169.jpg 300w\" sizes=\"(max-width: 550px) 100vw, 550px\" \/><\/figure>\n\n\n\n<h3 class=\"wp-block-heading\">Eine Grundlage f\u00fcr eine zweite \u00e4rztliche Meinung<\/h3>\n\n\n\n<p>Mit den Ergebnissen der zus\u00e4tzlichen Untersuchungen, erlauben wir uns eine zweite Meinung. Diese kann die vorliegende Diagnose best\u00e4tigen und eine Therapieempfehlung liefern, aber auch einen neuen Ansatz. <\/p>\n<\/div>\n\n\n\n<div class=\"wp-block-column is-layout-flow wp-block-column-is-layout-flow\">\n<figure class=\"wp-block-image size-full\"><img loading=\"lazy\" decoding=\"async\" width=\"550\" height=\"309\" src=\"https:\/\/arcadia.denkanross.de\/wp-content\/uploads\/2020\/10\/Arcadia-Test-550x309-1.jpg\" alt=\"\" class=\"wp-image-786\" srcset=\"https:\/\/arcadia.denkanross.de\/wp-content\/uploads\/2020\/10\/Arcadia-Test-550x309-1.jpg 550w, https:\/\/arcadia.denkanross.de\/wp-content\/uploads\/2020\/10\/Arcadia-Test-550x309-1-300x169.jpg 300w\" sizes=\"(max-width: 550px) 100vw, 550px\" \/><\/figure>\n\n\n\n<h3 class=\"wp-block-heading\">Die Basis f\u00fcr eine individuelle Therapie<\/h3>\n\n\n\n<p>Die Resultate der Diagnoseverfahren sind die Grundlage f\u00fcr den individuellen, pers\u00f6nlichen Therapieplan. Alle Behandlungen werden darauf abgestimmt, Fortschritte k\u00f6nnen regelm\u00e4\u00dfig mit den Verfahren \u00fcberpr\u00fcft und optimiert werden.<\/p>\n<\/div>\n\n\n\n<div class=\"wp-block-column is-layout-flow wp-block-column-is-layout-flow\">\n<figure class=\"wp-block-image size-full\"><img loading=\"lazy\" decoding=\"async\" width=\"550\" height=\"309\" src=\"https:\/\/arcadia.denkanross.de\/wp-content\/uploads\/2020\/10\/Examination-550x309-1.jpg\" alt=\"\" class=\"wp-image-834\" srcset=\"https:\/\/arcadia.denkanross.de\/wp-content\/uploads\/2020\/10\/Examination-550x309-1.jpg 550w, https:\/\/arcadia.denkanross.de\/wp-content\/uploads\/2020\/10\/Examination-550x309-1-300x169.jpg 300w\" sizes=\"(max-width: 550px) 100vw, 550px\" \/><\/figure>\n\n\n\n<h3 class=\"wp-block-heading\">Die Gesundheit auf den Pr\u00fcfstand stellen<\/h3>\n\n\n\n<p>Die Verfahren eignen sich ideal auch als Krebsvorsorge, um regelm\u00e4\u00dfig den Gesundheitszustand zu pr\u00fcfen. Das ist nicht nur pr\u00e4ventiv sinnvoll, sondern gibt auch Sicherheit nach einer \u00fcberstandenen Krebserkrankung.<\/p>\n\n\n\n<p><\/p>\n<\/div>\n<\/div>\n<\/div><\/div>\n<\/div><\/div>\n\n\n\n<div class=\"wp-block-group alignfull has-gray-background-color has-background\"><div class=\"wp-block-group__inner-container is-layout-flow wp-block-group-is-layout-flow\">\n<div class=\"wp-block-columns alignwide is-layout-flex wp-container-core-columns-is-layout-2 wp-block-columns-is-layout-flex\">\n<div class=\"wp-block-column is-layout-flow wp-block-column-is-layout-flow\">\n<h2 class=\"wp-block-heading\">Stellen Sie Ihre Gesundheit jetzt auf den Pr\u00fcfstand <\/h2>\n\n\n\n<p>Sie m\u00f6chten eine zweite Meinung zu Ihrer Krebsdiagnose oder Ihren Gesundheitszustand pr\u00fcfen lassen? Bitte reservieren Sie einen Termin \u00fcber unser Kontaktformular. Wir melden uns umgehend zur\u00fcck.<\/p>\n\n\n\n<p><strong>Telefon-Service f\u00fcr unsere G\u00e4ste:<\/strong><br>Montag bis Freitag von 8:30-12.30 Uhr <br>und 13.00-16.30 Uhr (au\u00dfer am Mittwoch)<\/p>\n<\/div>\n\n\n\n<div class=\"wp-block-column is-layout-flow wp-block-column-is-layout-flow\">\n<div class=\"wpcf7 no-js\" id=\"wpcf7-f113-o1\" lang=\"de-DE\" dir=\"ltr\">\n<div class=\"screen-reader-response\"><p role=\"status\" aria-live=\"polite\" aria-atomic=\"true\"><\/p> <ul><\/ul><\/div>\n<form action=\"\/de\/wp-json\/wp\/v2\/pages\/393#wpcf7-f113-o1\" method=\"post\" class=\"wpcf7-form init\" aria-label=\"Kontaktformular\" novalidate=\"novalidate\" data-status=\"init\">\n<div style=\"display: none;\">\n<input type=\"hidden\" name=\"_wpcf7\" value=\"113\" \/>\n<input type=\"hidden\" name=\"_wpcf7_version\" value=\"5.9.6\" \/>\n<input type=\"hidden\" name=\"_wpcf7_locale\" value=\"de_DE\" \/>\n<input type=\"hidden\" name=\"_wpcf7_unit_tag\" value=\"wpcf7-f113-o1\" \/>\n<input type=\"hidden\" name=\"_wpcf7_container_post\" value=\"0\" \/>\n<input type=\"hidden\" name=\"_wpcf7_posted_data_hash\" value=\"\" \/>\n<\/div>\n<div class=\"c-card\">\n\t<div class=\"c-form-row\">\n\t\t<div class=\"c-form-group col-md-6\">\n\t\t\t<p><label for=\"firstname\">Vorname*<\/label><span class=\"wpcf7-form-control-wrap\" data-name=\"firstname\"><input size=\"40\" maxlength=\"80\" class=\"wpcf7-form-control wpcf7-text wpcf7-validates-as-required input-text form-control\" aria-required=\"true\" aria-invalid=\"false\" value=\"\" type=\"text\" name=\"firstname\" \/><\/span>\n\t\t\t<\/p>\n\t\t<\/div>\n\t\t<div class=\"c-form-group col-md-6\">\n\t\t\t<p><label for=\"lastname\">Nachname*<\/label><span class=\"wpcf7-form-control-wrap\" data-name=\"lastname\"><input size=\"40\" maxlength=\"80\" class=\"wpcf7-form-control wpcf7-text wpcf7-validates-as-required input-text form-control\" aria-required=\"true\" aria-invalid=\"false\" value=\"\" type=\"text\" name=\"lastname\" \/><\/span>\n\t\t\t<\/p>\n\t\t<\/div>\n\t<\/div>\n\t<div class=\"c-form-row\">\n\t\t<div class=\"c-form-group col-md-6\">\n\t\t\t<p><label for=\"email\">E-Mail*<\/label><span class=\"wpcf7-form-control-wrap\" data-name=\"email\"><input size=\"40\" maxlength=\"80\" class=\"wpcf7-form-control wpcf7-email wpcf7-validates-as-required wpcf7-text wpcf7-validates-as-email input-text form-control\" aria-required=\"true\" aria-invalid=\"false\" value=\"\" type=\"email\" name=\"email\" \/><\/span>\n\t\t\t<\/p>\n\t\t<\/div>\n\t\t<div class=\"c-form-group col-md-6\">\n\t\t\t<p><label for=\"phone\">Telefon<\/label><span class=\"wpcf7-form-control-wrap\" data-name=\"phone\"><input size=\"40\" maxlength=\"80\" class=\"wpcf7-form-control wpcf7-text input-text form-control\" aria-invalid=\"false\" value=\"\" type=\"text\" name=\"phone\" \/><\/span>\n\t\t\t<\/p>\n\t\t<\/div>\n\t<\/div>\n\t<div class=\"c-form-group\">\n\t\t<p><label for=\"Betreff\">Betreff<\/label><span class=\"wpcf7-form-control-wrap\" data-name=\"Betreff\"><select class=\"wpcf7-form-control wpcf7-select\" aria-invalid=\"false\" name=\"Betreff\"><option value=\"Kontaktanfrage\">Kontaktanfrage<\/option><option value=\"R\u00fcckruf\">R\u00fcckruf<\/option><option value=\"Terminanfrage\">Terminanfrage<\/option><\/select><\/span>\n\t\t<\/p>\n\t<\/div>\n\t<div class=\"c-form-group\">\n\t\t<p><label for=\"nachricht\">Nachricht<\/label><span class=\"wpcf7-form-control-wrap\" data-name=\"nachricht\"><textarea cols=\"1\" rows=\"3\" maxlength=\"400\" class=\"wpcf7-form-control wpcf7-textarea input-text form-control\" aria-invalid=\"false\" name=\"nachricht\"><\/textarea><\/span>\n\t\t<\/p>\n\t<\/div>\n\t<div class=\"c-form-group\">\n\t\t<div class=\"form-check\">\n\t\t\t<p><span class=\"wpcf7-form-control-wrap\" data-name=\"acceptance-344\"><span class=\"wpcf7-form-control wpcf7-acceptance\"><span class=\"wpcf7-list-item\"><label><input type=\"checkbox\" name=\"acceptance-344\" value=\"1\" aria-invalid=\"false\" \/><span class=\"wpcf7-list-item-label\">Ich habe die Datenschutzerkl\u00e4rung zur Kenntnis genommen. Ich stimme zu, dass meine Angaben und Daten zur Beantwortung meiner Anfrage elektronisch erhoben und gespeichert werden. Wir werden Ihre Daten ausschlie\u00dflich zur Kommunikation mit Ihnen verwenden und danach umgehend l\u00f6schen. Eine weitere oder l\u00e4ngerfristige Speicherung findet nicht statt. Ihre Daten werden nicht an Dritte weitergegeben. Weitere Informationen hierzu finden Sie in unserer <a href=\"#datenschutz\/\" target=\"_blank\">Datenschutzerkl\u00e4rung<\/a>.<\/span><\/label><\/span><\/span><\/span>\n\t\t\t<\/p>\n\t\t<\/div>\n\t<\/div>\n\t<p class=\"has-small-font-size\">*Pflichtangaben\n\t<\/p>\n\t<div class=\"d-flex my-1\">\n\t\t<p><input class=\"wpcf7-form-control wpcf7-submit has-spinner o-button\" type=\"submit\" value=\"Jetzt abschicken!\" \/>\n\t\t<\/p>\n\t<\/div>\n<\/div><div class=\"wpcf7-response-output\" aria-hidden=\"true\"><\/div>\n<\/form>\n<\/div>\n\n<\/div>\n<\/div>\n<\/div><\/div>\n","protected":false},"excerpt":{"rendered":"<p>Krebs-Diagnose und diagnostische Verfahren Bevor wir Krebspatienten in der Arcadia Praxisklinik individuell medizinisch beraten k\u00f6nnen, ben\u00f6tigen wir alle bisherigen Unterlagen,&hellip;<\/p>\n","protected":false},"author":2,"featured_media":0,"parent":38,"menu_order":0,"comment_status":"closed","ping_status":"closed","template":"","meta":{"_acf_changed":false,"footnotes":""},"acf":[],"_links":{"self":[{"href":"https:\/\/arcadia.denkanross.de\/de\/wp-json\/wp\/v2\/pages\/393"}],"collection":[{"href":"https:\/\/arcadia.denkanross.de\/de\/wp-json\/wp\/v2\/pages"}],"about":[{"href":"https:\/\/arcadia.denkanross.de\/de\/wp-json\/wp\/v2\/types\/page"}],"author":[{"embeddable":true,"href":"https:\/\/arcadia.denkanross.de\/de\/wp-json\/wp\/v2\/users\/2"}],"replies":[{"embeddable":true,"href":"https:\/\/arcadia.denkanross.de\/de\/wp-json\/wp\/v2\/comments?post=393"}],"version-history":[{"count":31,"href":"https:\/\/arcadia.denkanross.de\/de\/wp-json\/wp\/v2\/pages\/393\/revisions"}],"predecessor-version":[{"id":1711,"href":"https:\/\/arcadia.denkanross.de\/de\/wp-json\/wp\/v2\/pages\/393\/revisions\/1711"}],"up":[{"embeddable":true,"href":"https:\/\/arcadia.denkanross.de\/de\/wp-json\/wp\/v2\/pages\/38"}],"wp:attachment":[{"href":"https:\/\/arcadia.denkanross.de\/de\/wp-json\/wp\/v2\/media?parent=393"}],"curies":[{"name":"wp","href":"https:\/\/api.w.org\/{rel}","templated":true}]}}