{"id":447,"date":"2020-08-18T12:26:32","date_gmt":"2020-08-18T10:26:32","guid":{"rendered":"https:\/\/arcadia.denkanross.de\/?page_id=447"},"modified":"2020-12-14T14:27:04","modified_gmt":"2020-12-14T13:27:04","slug":"therapie-team","status":"publish","type":"page","link":"https:\/\/arcadia.denkanross.de\/de\/therapie-team\/","title":{"rendered":"Therapie-Team"},"content":{"rendered":"\n<div class=\"wp-block-group\"><div class=\"wp-block-group__inner-container is-layout-flow wp-block-group-is-layout-flow\">\n<h2 class=\"has-text-align-center wp-block-heading\">Das Arcadia-Team f\u00fcr Ihre Gesundheit<\/h2>\n\n\n\n<p class=\"has-text-align-center\">Wer sich f\u00fcr eine Krebstherapie nach dem  &#8222;Arcadia way to health&#8220; entscheidet, wird schnell merken, was diese Behandlungsphilosophie neben den medizinischen Anwendungen so besonders macht. Die Arcadia Mitarbeiter \u2013 vom Reinigungspersonal bis zum Chefarzt \u2013 haben es sich zur Mission gemacht, alle Patienten mit ganzer Kraft auf dem Weg zur Genesung zu unterst\u00fctzen. Alle gemeinsam, wie eine gro\u00dfe Familie \u2013 in guten und auch in schlechte Momenten \u2013 tragen dazu bei, dass sich unsere Patienten auf den Weg zur pers\u00f6nlichen Gesundheit machen k\u00f6nnen.<\/p>\n\n\n\n<p><\/p>\n<\/div><\/div>\n\n\n\n<div class=\"wp-block-group alignfull has-gray-background-color has-background\"><div class=\"wp-block-group__inner-container is-layout-flow wp-block-group-is-layout-flow\">\n<div class=\"wp-block-columns are-vertically-aligned-top is-layout-flex wp-container-core-columns-is-layout-1 wp-block-columns-is-layout-flex\">\n<div class=\"wp-block-column is-vertically-aligned-top is-layout-flow wp-block-column-is-layout-flow\">\n<h3 class=\"wp-block-heading\">Fachlich und menschlich gut zu behandeln ist unsere Mission<\/h3>\n\n\n\n<figure class=\"wp-block-image size-full\"><img loading=\"lazy\" decoding=\"async\" width=\"550\" height=\"309\" src=\"https:\/\/arcadia.denkanross.de\/wp-content\/uploads\/2020\/10\/1_Dr-Saupe-Portrait-550x309-1.jpg\" alt=\"\" class=\"wp-image-1270\" srcset=\"https:\/\/arcadia.denkanross.de\/wp-content\/uploads\/2020\/10\/1_Dr-Saupe-Portrait-550x309-1.jpg 550w, https:\/\/arcadia.denkanross.de\/wp-content\/uploads\/2020\/10\/1_Dr-Saupe-Portrait-550x309-1-300x169.jpg 300w\" sizes=\"(max-width: 550px) 100vw, 550px\" \/><figcaption>Dr. med. Henning Saupe, \u00c4rztlicher Leiter<\/figcaption><\/figure>\n<\/div>\n\n\n\n<div class=\"wp-block-column is-vertically-aligned-top is-layout-flow wp-block-column-is-layout-flow\">\n<p>F\u00fcr die Behandlung von Krebs und chronischen Erkrankungen in der Arcadia Praxisklinik steht allen Patienten ein erfahrenes Team an \u00c4rzten, Therapeuten und Pflegepersonal zur Seite. Seit 2005 behandelt <a href=\"https:\/\/www.faim.org\/dr-henning-saupe\">Dr. med. Henning Saupe<\/a> Krebs integrativ nach dem &#8222;Arcadia Way to health&#8220; und wei\u00df, wie wichtig eine intensive Zusammenarbeit ist. Die Behandlung ist daher immer echte Teamarbeit mit dem gemeinsamen Ziel: Sie fachlich und menschlich jederzeit aufs Beste zu betreuen. <\/p>\n<\/div>\n<\/div>\n<\/div><\/div>\n\n\n\n<div class=\"wp-block-group\"><div class=\"wp-block-group__inner-container is-layout-flow wp-block-group-is-layout-flow\">\n<div class=\"wp-block-columns is-layout-flex wp-container-core-columns-is-layout-2 wp-block-columns-is-layout-flex\">\n<div class=\"wp-block-column is-layout-flow wp-block-column-is-layout-flow\">\n<h3 class=\"wp-block-heading\">Ein besonderer Service macht vieles einfacher<\/h3>\n\n\n\n<figure class=\"wp-block-image size-full\"><img loading=\"lazy\" decoding=\"async\" width=\"550\" height=\"309\" src=\"https:\/\/arcadia.denkanross.de\/wp-content\/uploads\/2020\/10\/2_Arcadia-Patient-Care-550x309-1.jpg\" alt=\"\" class=\"wp-image-1210\" srcset=\"https:\/\/arcadia.denkanross.de\/wp-content\/uploads\/2020\/10\/2_Arcadia-Patient-Care-550x309-1.jpg 550w, https:\/\/arcadia.denkanross.de\/wp-content\/uploads\/2020\/10\/2_Arcadia-Patient-Care-550x309-1-300x169.jpg 300w\" sizes=\"(max-width: 550px) 100vw, 550px\" \/><\/figure>\n<\/div>\n\n\n\n<div class=\"wp-block-column is-layout-flow wp-block-column-is-layout-flow\">\n<p>Der Service in der Arcadia Praxisklinik geht weit \u00fcber bekannte Standards hinaus. Wer zu uns kommt, braucht sich um fast nichts zu k\u00fcmmern \u2013  au\u00dfer um sich selbst. Wir holen unsere Patienten vom Flughafen, planen Ausfl\u00fcge und \u00fcbernehmen Besorgungen u.v.m. Unsere Mitarbeiterinnen im Patientenservice \u00fcbernehmen ihre Aufgaben genauso engagiert wie unsere \u00c4rzte und das Pflegeteam w\u00e4hrend der Therapie. Ob am Telefon oder per E-Mail: Alle Fragen zu Anreise und Aufenthalt, aber auch zu pers\u00f6nliche Anliegen beantwortet das Arcadia Serviceteam ausf\u00fchrlich und nimmt sich gerne Zeit daf\u00fcr. <\/p>\n<\/div>\n<\/div>\n<\/div><\/div>\n\n\n\n<div class=\"wp-block-group alignfull has-gray-background-color has-background\"><div class=\"wp-block-group__inner-container is-layout-flow wp-block-group-is-layout-flow\">\n<div class=\"wp-block-columns is-layout-flex wp-container-core-columns-is-layout-3 wp-block-columns-is-layout-flex\">\n<div class=\"wp-block-column is-layout-flow wp-block-column-is-layout-flow\">\n<h3 class=\"wp-block-heading\">Unsere Patienten sollen sich rundum wohlf\u00fchlen<\/h3>\n\n\n\n<figure class=\"wp-block-image size-full\"><img loading=\"lazy\" decoding=\"async\" width=\"550\" height=\"309\" src=\"https:\/\/arcadia.denkanross.de\/wp-content\/uploads\/2020\/10\/3_Arcadia-Shuttle-Service-550x309-1.jpg\" alt=\"\" class=\"wp-image-1272\" srcset=\"https:\/\/arcadia.denkanross.de\/wp-content\/uploads\/2020\/10\/3_Arcadia-Shuttle-Service-550x309-1.jpg 550w, https:\/\/arcadia.denkanross.de\/wp-content\/uploads\/2020\/10\/3_Arcadia-Shuttle-Service-550x309-1-300x169.jpg 300w\" sizes=\"(max-width: 550px) 100vw, 550px\" \/><figcaption>David Brown, Norbert Pfannkuch<\/figcaption><\/figure>\n<\/div>\n\n\n\n<div class=\"wp-block-column is-layout-flow wp-block-column-is-layout-flow\">\n<p>Wir legen nicht nur Wert auf ausgezeichneten Service, sondern auch auf eine zuvorkommende, behagliche Atmosph\u00e4re. Eine Krebserkrankung, aber auch eine konventionelle Therapie schw\u00e4chen den K\u00f6rper enorm: Selbst einfache Dinge fallen schwer. Damit sich die Patienten in der Arcadia Praxisklinik vollkommen auf ihre Genesung konzentrieren k\u00f6nnen, k\u00fcmmert sich unser Wohlf\u00fchl-Team zuvorkommend im Hintergrund. Dazu geh\u00f6ren unsere Reinigungskr\u00e4fte, die Bistro-Mitarbeiter, aber auch Hausmeister, G\u00e4rtner und unser Fahr-Personal.<\/p>\n<\/div>\n<\/div>\n<\/div><\/div>\n\n\n\n<figure class=\"wp-block-gallery alignfull columns-3 is-cropped wp-block-gallery-1 is-layout-flex wp-block-gallery-is-layout-flex\"><ul class=\"blocks-gallery-grid\"><li class=\"blocks-gallery-item\"><figure><img loading=\"lazy\" decoding=\"async\" width=\"960\" height=\"540\" src=\"https:\/\/arcadia.denkanross.de\/wp-content\/uploads\/2020\/10\/4_Arcadia-Backoffice-960x540-1.jpg\" alt=\"\" data-id=\"738\" data-full-url=\"https:\/\/arcadia.denkanross.de\/wp-content\/uploads\/2020\/10\/4_Arcadia-Backoffice-960x540-1.jpg\" data-link=\"https:\/\/arcadia.denkanross.de\/arcadia-backoffice\/\" class=\"wp-image-738\" srcset=\"https:\/\/arcadia.denkanross.de\/wp-content\/uploads\/2020\/10\/4_Arcadia-Backoffice-960x540-1.jpg 960w, https:\/\/arcadia.denkanross.de\/wp-content\/uploads\/2020\/10\/4_Arcadia-Backoffice-960x540-1-300x169.jpg 300w, https:\/\/arcadia.denkanross.de\/wp-content\/uploads\/2020\/10\/4_Arcadia-Backoffice-960x540-1-768x432.jpg 768w\" sizes=\"(max-width: 960px) 100vw, 960px\" \/><\/figure><\/li><li class=\"blocks-gallery-item\"><figure><img loading=\"lazy\" decoding=\"async\" width=\"960\" height=\"540\" src=\"https:\/\/arcadia.denkanross.de\/wp-content\/uploads\/2020\/10\/5_Room-Service-960x540-1.jpg\" alt=\"\" data-id=\"890\" data-full-url=\"https:\/\/arcadia.denkanross.de\/wp-content\/uploads\/2020\/10\/5_Room-Service-960x540-1.jpg\" data-link=\"https:\/\/arcadia.denkanross.de\/room-service\/\" class=\"wp-image-890\" srcset=\"https:\/\/arcadia.denkanross.de\/wp-content\/uploads\/2020\/10\/5_Room-Service-960x540-1.jpg 960w, https:\/\/arcadia.denkanross.de\/wp-content\/uploads\/2020\/10\/5_Room-Service-960x540-1-300x169.jpg 300w, https:\/\/arcadia.denkanross.de\/wp-content\/uploads\/2020\/10\/5_Room-Service-960x540-1-768x432.jpg 768w\" sizes=\"(max-width: 960px) 100vw, 960px\" \/><\/figure><\/li><li class=\"blocks-gallery-item\"><figure><img loading=\"lazy\" decoding=\"async\" width=\"960\" height=\"540\" src=\"https:\/\/arcadia.denkanross.de\/wp-content\/uploads\/2020\/10\/5_Coordination-960x540-1.jpg\" alt=\"\" data-id=\"822\" data-full-url=\"https:\/\/arcadia.denkanross.de\/wp-content\/uploads\/2020\/10\/5_Coordination-960x540-1.jpg\" data-link=\"https:\/\/arcadia.denkanross.de\/coordination-2\/\" class=\"wp-image-822\" srcset=\"https:\/\/arcadia.denkanross.de\/wp-content\/uploads\/2020\/10\/5_Coordination-960x540-1.jpg 960w, https:\/\/arcadia.denkanross.de\/wp-content\/uploads\/2020\/10\/5_Coordination-960x540-1-300x169.jpg 300w, https:\/\/arcadia.denkanross.de\/wp-content\/uploads\/2020\/10\/5_Coordination-960x540-1-768x432.jpg 768w\" sizes=\"(max-width: 960px) 100vw, 960px\" \/><\/figure><\/li><li class=\"blocks-gallery-item\"><figure><img loading=\"lazy\" decoding=\"async\" width=\"960\" height=\"540\" src=\"https:\/\/arcadia.denkanross.de\/wp-content\/uploads\/2020\/10\/7_Labor-Nina-960x540-1.jpg\" alt=\"\" data-id=\"872\" data-full-url=\"https:\/\/arcadia.denkanross.de\/wp-content\/uploads\/2020\/10\/7_Labor-Nina-960x540-1.jpg\" data-link=\"https:\/\/arcadia.denkanross.de\/labor-nina-2\/\" class=\"wp-image-872\" srcset=\"https:\/\/arcadia.denkanross.de\/wp-content\/uploads\/2020\/10\/7_Labor-Nina-960x540-1.jpg 960w, https:\/\/arcadia.denkanross.de\/wp-content\/uploads\/2020\/10\/7_Labor-Nina-960x540-1-300x169.jpg 300w, https:\/\/arcadia.denkanross.de\/wp-content\/uploads\/2020\/10\/7_Labor-Nina-960x540-1-768x432.jpg 768w\" sizes=\"(max-width: 960px) 100vw, 960px\" \/><\/figure><\/li><li class=\"blocks-gallery-item\"><figure><img loading=\"lazy\" decoding=\"async\" width=\"960\" height=\"540\" src=\"https:\/\/arcadia.denkanross.de\/wp-content\/uploads\/2020\/10\/8_Status-Meeting-960x540-1.jpg\" alt=\"\" data-id=\"904\" data-full-url=\"https:\/\/arcadia.denkanross.de\/wp-content\/uploads\/2020\/10\/8_Status-Meeting-960x540-1.jpg\" data-link=\"https:\/\/arcadia.denkanross.de\/status-meeting\/\" class=\"wp-image-904\" srcset=\"https:\/\/arcadia.denkanross.de\/wp-content\/uploads\/2020\/10\/8_Status-Meeting-960x540-1.jpg 960w, https:\/\/arcadia.denkanross.de\/wp-content\/uploads\/2020\/10\/8_Status-Meeting-960x540-1-300x169.jpg 300w, https:\/\/arcadia.denkanross.de\/wp-content\/uploads\/2020\/10\/8_Status-Meeting-960x540-1-768x432.jpg 768w\" sizes=\"(max-width: 960px) 100vw, 960px\" \/><\/figure><\/li><\/ul><\/figure>\n\n\n\n<div class=\"wp-block-group alignfull has-gray-background-color has-background\"><div class=\"wp-block-group__inner-container is-layout-flow wp-block-group-is-layout-flow\">\n<h2 class=\"has-text-align-center wp-block-heading\">Das sagen unsere Patienten \u00fcber ihren Aufenthalt<\/h2>\n\n\n\n<p class=\"has-text-align-center\">Erfahren Sie, was unsere Patienten und auch ihre Angeh\u00f6rigen \u00fcber Arcadia und ihren &#8222;way to health&#8220; denken und sagen. Sie teilen ihre Erfahrungen gerne mit anderen Krebskranken und Angeh\u00f6rigen.<\/p>\n\n\n\n<figure class=\"wp-block-embed-youtube wp-block-embed is-type-video is-provider-youtube wp-embed-aspect-16-9 wp-has-aspect-ratio\"><div class=\"wp-block-embed__wrapper\">\n<div class=\"BorlabsCookie _brlbs-cb-youtube\"><div class=\"_brlbs-content-blocker\"> <div class=\"_brlbs-embed _brlbs-video-youtube\"> <img decoding=\"async\" class=\"_brlbs-thumbnail\" src=\"https:\/\/arcadia.denkanross.de\/wp-content\/plugins\/borlabs-cookie\/assets\/images\/cb-no-thumbnail.png\" alt=\"YouTube\"> <div class=\"_brlbs-caption\"> <p>Mit dem Laden des Videos akzeptieren Sie die Datenschutzerkl\u00e4rung von YouTube.<br><a href=\"https:\/\/policies.google.com\/privacy\" target=\"_blank\" rel=\"nofollow noopener noreferrer\">Mehr erfahren<\/a><\/p> <p><a class=\"_brlbs-btn _brlbs-icon-play-white\" href=\"#\" data-borlabs-cookie-unblock role=\"button\">Video laden<\/a><\/p> <p><label><input type=\"checkbox\" name=\"unblockAll\" value=\"1\" checked> <small>YouTube immer entsperren<\/small><\/label><\/p> <\/div> <\/div> <\/div><div class=\"borlabs-hide\" data-borlabs-cookie-type=\"content-blocker\" data-borlabs-cookie-id=\"youtube\"><script type=\"text\/template\">PGlmcmFtZSB0aXRsZT0iUklUQSBTT01FUlMgLSBhIHBhdGllbnQmIzAzOTtzIHN0b3J5IGF0IEFyY2FkaWEgUHJheGlza2xpbmlrIiB3aWR0aD0iOTYwIiBoZWlnaHQ9IjU0MCIgc3JjPSJodHRwczovL3d3dy55b3V0dWJlLW5vY29va2llLmNvbS9lbWJlZC9FSDJiTUh1WGJrST9mZWF0dXJlPW9lbWJlZCIgZnJhbWVib3JkZXI9IjAiIGFsbG93PSJhY2NlbGVyb21ldGVyOyBhdXRvcGxheTsgY2xpcGJvYXJkLXdyaXRlOyBlbmNyeXB0ZWQtbWVkaWE7IGd5cm9zY29wZTsgcGljdHVyZS1pbi1waWN0dXJlIiBhbGxvd2Z1bGxzY3JlZW4+PC9pZnJhbWU+<\/script><\/div><\/div>\n<\/div><\/figure>\n<\/div><\/div>\n\n\n\n<div class=\"wp-block-group alignfull\"><div class=\"wp-block-group__inner-container is-layout-flow wp-block-group-is-layout-flow\">\n<div class=\"wp-block-columns alignwide is-layout-flex wp-container-core-columns-is-layout-4 wp-block-columns-is-layout-flex\">\n<div class=\"wp-block-column is-layout-flow wp-block-column-is-layout-flow\">\n<h2 class=\"wp-block-heading\">Sie haben Interesse an einer Behandlung in unserem Haus? <\/h2>\n\n\n\n<p>Sie haben Fragen zu unserer Behandlungsphilosophie oder m\u00f6chten einen Termin mit unseren \u00c4rzten vereinbaren? Wir nehmen uns Zeit f\u00fcr eine <strong>individuelle Arztberatung \u2013 per Telefon, Video<\/strong> oder auch bei uns direkt in Bad Emstal. Bitte reservieren Sie einen Termin \u00fcber das Kontaktformular. Wir melden uns umgehend zur\u00fcck.<\/p>\n\n\n\n<p><strong>Telefon-Service f\u00fcr unsere G\u00e4ste:<\/strong><br>Montag bis Freitag von 8:30-12.30 Uhr <br>und 13.00-16.30 Uhr (au\u00dfer am Mittwoch)<\/p>\n<\/div>\n\n\n\n<div class=\"wp-block-column is-layout-flow wp-block-column-is-layout-flow\">\n<div class=\"wpcf7 no-js\" id=\"wpcf7-f113-o1\" lang=\"de-DE\" dir=\"ltr\">\n<div class=\"screen-reader-response\"><p role=\"status\" aria-live=\"polite\" aria-atomic=\"true\"><\/p> <ul><\/ul><\/div>\n<form action=\"\/de\/wp-json\/wp\/v2\/pages\/447#wpcf7-f113-o1\" method=\"post\" class=\"wpcf7-form init\" aria-label=\"Kontaktformular\" novalidate=\"novalidate\" data-status=\"init\">\n<div style=\"display: none;\">\n<input type=\"hidden\" name=\"_wpcf7\" value=\"113\" \/>\n<input type=\"hidden\" name=\"_wpcf7_version\" value=\"5.9.6\" \/>\n<input type=\"hidden\" name=\"_wpcf7_locale\" value=\"de_DE\" \/>\n<input type=\"hidden\" name=\"_wpcf7_unit_tag\" value=\"wpcf7-f113-o1\" \/>\n<input type=\"hidden\" name=\"_wpcf7_container_post\" value=\"0\" \/>\n<input type=\"hidden\" name=\"_wpcf7_posted_data_hash\" value=\"\" \/>\n<\/div>\n<div class=\"c-card\">\n\t<div class=\"c-form-row\">\n\t\t<div class=\"c-form-group col-md-6\">\n\t\t\t<p><label for=\"firstname\">Vorname*<\/label><span class=\"wpcf7-form-control-wrap\" data-name=\"firstname\"><input size=\"40\" maxlength=\"80\" class=\"wpcf7-form-control wpcf7-text wpcf7-validates-as-required input-text form-control\" aria-required=\"true\" aria-invalid=\"false\" value=\"\" type=\"text\" name=\"firstname\" \/><\/span>\n\t\t\t<\/p>\n\t\t<\/div>\n\t\t<div class=\"c-form-group col-md-6\">\n\t\t\t<p><label for=\"lastname\">Nachname*<\/label><span class=\"wpcf7-form-control-wrap\" data-name=\"lastname\"><input size=\"40\" maxlength=\"80\" class=\"wpcf7-form-control wpcf7-text wpcf7-validates-as-required input-text form-control\" aria-required=\"true\" aria-invalid=\"false\" value=\"\" type=\"text\" name=\"lastname\" \/><\/span>\n\t\t\t<\/p>\n\t\t<\/div>\n\t<\/div>\n\t<div class=\"c-form-row\">\n\t\t<div class=\"c-form-group col-md-6\">\n\t\t\t<p><label for=\"email\">E-Mail*<\/label><span class=\"wpcf7-form-control-wrap\" data-name=\"email\"><input size=\"40\" maxlength=\"80\" class=\"wpcf7-form-control wpcf7-email wpcf7-validates-as-required wpcf7-text wpcf7-validates-as-email input-text form-control\" aria-required=\"true\" aria-invalid=\"false\" value=\"\" type=\"email\" name=\"email\" \/><\/span>\n\t\t\t<\/p>\n\t\t<\/div>\n\t\t<div class=\"c-form-group col-md-6\">\n\t\t\t<p><label for=\"phone\">Telefon<\/label><span class=\"wpcf7-form-control-wrap\" data-name=\"phone\"><input size=\"40\" maxlength=\"80\" class=\"wpcf7-form-control wpcf7-text input-text form-control\" aria-invalid=\"false\" value=\"\" type=\"text\" name=\"phone\" \/><\/span>\n\t\t\t<\/p>\n\t\t<\/div>\n\t<\/div>\n\t<div class=\"c-form-group\">\n\t\t<p><label for=\"Betreff\">Betreff<\/label><span class=\"wpcf7-form-control-wrap\" data-name=\"Betreff\"><select class=\"wpcf7-form-control wpcf7-select\" aria-invalid=\"false\" name=\"Betreff\"><option value=\"Kontaktanfrage\">Kontaktanfrage<\/option><option value=\"R\u00fcckruf\">R\u00fcckruf<\/option><option value=\"Terminanfrage\">Terminanfrage<\/option><\/select><\/span>\n\t\t<\/p>\n\t<\/div>\n\t<div class=\"c-form-group\">\n\t\t<p><label for=\"nachricht\">Nachricht<\/label><span class=\"wpcf7-form-control-wrap\" data-name=\"nachricht\"><textarea cols=\"1\" rows=\"3\" maxlength=\"400\" class=\"wpcf7-form-control wpcf7-textarea input-text form-control\" aria-invalid=\"false\" name=\"nachricht\"><\/textarea><\/span>\n\t\t<\/p>\n\t<\/div>\n\t<div class=\"c-form-group\">\n\t\t<div class=\"form-check\">\n\t\t\t<p><span class=\"wpcf7-form-control-wrap\" data-name=\"acceptance-344\"><span class=\"wpcf7-form-control wpcf7-acceptance\"><span class=\"wpcf7-list-item\"><label><input type=\"checkbox\" name=\"acceptance-344\" value=\"1\" aria-invalid=\"false\" \/><span class=\"wpcf7-list-item-label\">Ich habe die Datenschutzerkl\u00e4rung zur Kenntnis genommen. Ich stimme zu, dass meine Angaben und Daten zur Beantwortung meiner Anfrage elektronisch erhoben und gespeichert werden. Wir werden Ihre Daten ausschlie\u00dflich zur Kommunikation mit Ihnen verwenden und danach umgehend l\u00f6schen. Eine weitere oder l\u00e4ngerfristige Speicherung findet nicht statt. Ihre Daten werden nicht an Dritte weitergegeben. Weitere Informationen hierzu finden Sie in unserer <a href=\"#datenschutz\/\" target=\"_blank\">Datenschutzerkl\u00e4rung<\/a>.<\/span><\/label><\/span><\/span><\/span>\n\t\t\t<\/p>\n\t\t<\/div>\n\t<\/div>\n\t<p class=\"has-small-font-size\">*Pflichtangaben\n\t<\/p>\n\t<div class=\"d-flex my-1\">\n\t\t<p><input class=\"wpcf7-form-control wpcf7-submit has-spinner o-button\" type=\"submit\" value=\"Jetzt abschicken!\" \/>\n\t\t<\/p>\n\t<\/div>\n<\/div><div class=\"wpcf7-response-output\" aria-hidden=\"true\"><\/div>\n<\/form>\n<\/div>\n\n<\/div>\n<\/div>\n<\/div><\/div>\n","protected":false},"excerpt":{"rendered":"<p>Das Arcadia-Team f\u00fcr Ihre Gesundheit Wer sich f\u00fcr eine Krebstherapie nach dem &#8222;Arcadia way to health&#8220; entscheidet, wird schnell merken,&hellip;<\/p>\n","protected":false},"author":2,"featured_media":0,"parent":0,"menu_order":0,"comment_status":"closed","ping_status":"closed","template":"","meta":{"_acf_changed":false,"footnotes":""},"acf":[],"_links":{"self":[{"href":"https:\/\/arcadia.denkanross.de\/de\/wp-json\/wp\/v2\/pages\/447"}],"collection":[{"href":"https:\/\/arcadia.denkanross.de\/de\/wp-json\/wp\/v2\/pages"}],"about":[{"href":"https:\/\/arcadia.denkanross.de\/de\/wp-json\/wp\/v2\/types\/page"}],"author":[{"embeddable":true,"href":"https:\/\/arcadia.denkanross.de\/de\/wp-json\/wp\/v2\/users\/2"}],"replies":[{"embeddable":true,"href":"https:\/\/arcadia.denkanross.de\/de\/wp-json\/wp\/v2\/comments?post=447"}],"version-history":[{"count":49,"href":"https:\/\/arcadia.denkanross.de\/de\/wp-json\/wp\/v2\/pages\/447\/revisions"}],"predecessor-version":[{"id":1716,"href":"https:\/\/arcadia.denkanross.de\/de\/wp-json\/wp\/v2\/pages\/447\/revisions\/1716"}],"wp:attachment":[{"href":"https:\/\/arcadia.denkanross.de\/de\/wp-json\/wp\/v2\/media?parent=447"}],"curies":[{"name":"wp","href":"https:\/\/api.w.org\/{rel}","templated":true}]}}