{"id":488,"date":"2020-08-22T07:31:01","date_gmt":"2020-08-22T05:31:01","guid":{"rendered":"https:\/\/arcadia.denkanross.de\/?page_id=488"},"modified":"2020-12-14T14:24:17","modified_gmt":"2020-12-14T13:24:17","slug":"behandlungsablauf","status":"publish","type":"page","link":"https:\/\/arcadia.denkanross.de\/de\/krebs-therapie\/behandlungsablauf\/","title":{"rendered":"Behandlungsablauf"},"content":{"rendered":"\n<div class=\"wp-block-group\"><div class=\"wp-block-group__inner-container is-layout-flow wp-block-group-is-layout-flow\">\n<h2 class=\"has-text-align-center wp-block-heading\">Behandlungsablauf bei Krebs oder chronischen Erkrankungen<\/h2>\n\n\n\n<p class=\"has-text-align-center\">Die Behandlung in der Arcadia Praxisklinik beginnt mit einer umfassenden Beurteilung des aktuellen Gesundheitszustandes anhand der medizinischen Unterlagen und erg\u00e4nzender Diagnostik. F\u00fcr den Behandlungszeitraum wird ein pers\u00f6nlicher Therapieplan erstellt, der auf den Ergebnissen der Untersuchungs- und Diagnoseverfahren basiert.<\/p>\n<\/div><\/div>\n\n\n\n<div class=\"wp-block-group alignfull has-gray-background-color has-background\"><div class=\"wp-block-group__inner-container is-layout-flow wp-block-group-is-layout-flow\">\n<div class=\"wp-block-columns are-vertically-aligned-top is-layout-flex wp-container-core-columns-is-layout-1 wp-block-columns-is-layout-flex\">\n<div class=\"wp-block-column is-vertically-aligned-top is-layout-flow wp-block-column-is-layout-flow\">\n<h3 class=\"wp-block-heading\">Von der ausf\u00fchrlichen Diagnose zum pers\u00f6nlichen Therapieplan <\/h3>\n\n\n\n<figure class=\"wp-block-image size-full\"><img loading=\"lazy\" decoding=\"async\" width=\"550\" height=\"309\" src=\"https:\/\/arcadia.denkanross.de\/wp-content\/uploads\/2020\/10\/Second-Opinion-550x309-2.jpg\" alt=\"\" class=\"wp-image-984\" srcset=\"https:\/\/arcadia.denkanross.de\/wp-content\/uploads\/2020\/10\/Second-Opinion-550x309-2.jpg 550w, https:\/\/arcadia.denkanross.de\/wp-content\/uploads\/2020\/10\/Second-Opinion-550x309-2-300x169.jpg 300w\" sizes=\"(max-width: 550px) 100vw, 550px\" \/><\/figure>\n<\/div>\n\n\n\n<div class=\"wp-block-column is-vertically-aligned-top is-layout-flow wp-block-column-is-layout-flow\">\n<p>Zu Beginn der Behandlung in der Arcadia Praxisklinik f\u00fchren wir eine Reihe umfassender medizinischer Tests und Untersuchungen durch, die eine Aussage \u00fcber Ihren aktuellen Gesundheitszustand erm\u00f6glichen. Neben vielen anderen Testverfahren, setzen wir dabei auch die Lebendblutanalyse durch Dunkelfeldmikroskopie ein. Sollten f\u00fcr die exakte Ermittlung Ihres Behandlungsbedarfs und Zustandes noch aktuelle CT- oder MRT-Scans ben\u00f6tigt werden, k\u00f6nnen diese bei einem Radiologen vor Ort erstellt werden. Der pers\u00f6nliche Therapieplan f\u00fcr den Aufenthalt wird anhand der Krankengeschichte, CT, MRT-Befunden und den aktuellen Testergebnissen erstellt und im Gespr\u00e4ch mit Ihnen abgestimmt.<\/p>\n<\/div>\n<\/div>\n<\/div><\/div>\n\n\n\n<div class=\"wp-block-group\"><div class=\"wp-block-group__inner-container is-layout-flow wp-block-group-is-layout-flow\">\n<div class=\"wp-block-columns is-layout-flex wp-container-core-columns-is-layout-2 wp-block-columns-is-layout-flex\">\n<div class=\"wp-block-column is-layout-flow wp-block-column-is-layout-flow\">\n<h3 class=\"wp-block-heading\">Ganzheitliche Anwendungen mit einer ganzheitlichen Betreuung<\/h3>\n\n\n\n<figure class=\"wp-block-image size-full\"><img loading=\"lazy\" decoding=\"async\" width=\"550\" height=\"309\" src=\"https:\/\/arcadia.denkanross.de\/wp-content\/uploads\/2020\/10\/AdobeStock_158928583_550x309-1.jpg\" alt=\"\" class=\"wp-image-996\" srcset=\"https:\/\/arcadia.denkanross.de\/wp-content\/uploads\/2020\/10\/AdobeStock_158928583_550x309-1.jpg 550w, https:\/\/arcadia.denkanross.de\/wp-content\/uploads\/2020\/10\/AdobeStock_158928583_550x309-1-300x169.jpg 300w\" sizes=\"(max-width: 550px) 100vw, 550px\" \/><\/figure>\n<\/div>\n\n\n\n<div class=\"wp-block-column is-layout-flow wp-block-column-is-layout-flow\">\n<p>Die Behandlung in der Arcadia Praxisklinik ist individuell, abh\u00e4ngig von der Krebserkrankung und dem Gesundheitszustand. Zum Beispiel kann Hyperthermie mit Infusionen, Sauerstoff- und Magnetfeldtherapie kombiniert eingesetzt werden. Anwendungen wie Massagen, aber auch Vortr\u00e4ge und individuelles Coaching sowie eine spezielle Ern\u00e4hrung erg\u00e4nzen die Krebstherapie und unterst\u00fctzen den Heilungsprozess. \u00c4rzte, Therapeuten und das Pflege-Team sind regelm\u00e4\u00dfig mit den Patienten im pers\u00f6nlichen Kontakt und begleiten Schritt f\u00fcr Schritt den Behandlungsverlauf.<\/p>\n<\/div>\n<\/div>\n<\/div><\/div>\n\n\n\n<div class=\"wp-block-group alignfull has-gray-background-color has-background\"><div class=\"wp-block-group__inner-container is-layout-flow wp-block-group-is-layout-flow\">\n<div class=\"wp-block-columns are-vertically-aligned-top is-layout-flex wp-container-core-columns-is-layout-3 wp-block-columns-is-layout-flex\">\n<div class=\"wp-block-column is-vertically-aligned-top is-layout-flow wp-block-column-is-layout-flow\">\n<h3 class=\"wp-block-heading\">Gut behandelt auch nach dem Aufenthalt bei Arcadia<\/h3>\n\n\n\n<figure class=\"wp-block-image size-full\"><img loading=\"lazy\" decoding=\"async\" width=\"550\" height=\"309\" src=\"https:\/\/arcadia.denkanross.de\/wp-content\/uploads\/2020\/10\/AdobeStock_332969670_550x309.jpg\" alt=\"\" class=\"wp-image-999\" srcset=\"https:\/\/arcadia.denkanross.de\/wp-content\/uploads\/2020\/10\/AdobeStock_332969670_550x309.jpg 550w, https:\/\/arcadia.denkanross.de\/wp-content\/uploads\/2020\/10\/AdobeStock_332969670_550x309-300x169.jpg 300w\" sizes=\"(max-width: 550px) 100vw, 550px\" \/><\/figure>\n<\/div>\n\n\n\n<div class=\"wp-block-column is-vertically-aligned-top is-layout-flow wp-block-column-is-layout-flow\">\n<p>Der &#8222;Arcadia way to health&#8220; endet nicht mit dem Aufenthalt und den Anwendungen in der Arcadia Praxisklinik. Am Ende des Therapiezyklus erfolgt eine Abschlussuntersuchung u.a. auch des Blutes mit Dunkelfeldmikroskopie, um den Therapieerfolg auszuwerten und zu dokumentieren. Das Arcadia-Behandlungspaket enth\u00e4lt auch die Nachbetreuung nach der Abreise. Wir stellen ein pers\u00f6nliches Programm mit Empfehlungen f\u00fcr Zuhause zusammen und bieten \u00e4rztliche Beratung und Coaching &#8211; \u00fcber Skype oder Telefon &#8211; f\u00fcr die ersten Wochen nach der Abreise. <\/p>\n\n\n\n<p><\/p>\n<\/div>\n<\/div>\n<\/div><\/div>\n\n\n\n<div class=\"wp-block-group\"><div class=\"wp-block-group__inner-container is-layout-flow wp-block-group-is-layout-flow\">\n<h2 class=\"has-text-align-center wp-block-heading\">Individuelle Krebsbehandlung in der Arcadia Praxisklinik<\/h2>\n\n\n\n<p class=\"has-text-align-center\">Jede Behandlung in der Arcadia Praxisklinik ist \u2013 genauso wie die Erkrankung \u2013 individuell. Sie folgt dabei auch einigen standardisierten, spezifischen Behandlungsprotokollen, die an den individuellen Patienten angepasst werden. In der Regel bleiben unsere Patienten drei bis vier Wochen in der Arcadia Praxisklinik. Abh\u00e4ngig von den pers\u00f6nlichen Bed\u00fcrfnissen und dem Grad der Erkrankung, k\u00f6nnen unsere Patienten auf Wunsch auch l\u00e4nger in der Arcadia Praxisklinik bleiben.<\/p>\n<\/div><\/div>\n\n\n\n<div class=\"wp-block-group alignfull\"><div class=\"wp-block-group__inner-container is-layout-flow wp-block-group-is-layout-flow\">\n<figure class=\"wp-block-gallery alignfull columns-3 is-cropped wp-block-gallery-1 is-layout-flex wp-block-gallery-is-layout-flex\"><ul class=\"blocks-gallery-grid\"><li class=\"blocks-gallery-item\"><figure><img loading=\"lazy\" decoding=\"async\" width=\"960\" height=\"540\" src=\"https:\/\/arcadia.denkanross.de\/wp-content\/uploads\/2020\/10\/Arcadia-Medicine-960x540-1.jpg\" alt=\"\" data-id=\"764\" data-full-url=\"https:\/\/arcadia.denkanross.de\/wp-content\/uploads\/2020\/10\/Arcadia-Medicine-960x540-1.jpg\" data-link=\"https:\/\/arcadia.denkanross.de\/arcadia-medicine\/\" class=\"wp-image-764\" srcset=\"https:\/\/arcadia.denkanross.de\/wp-content\/uploads\/2020\/10\/Arcadia-Medicine-960x540-1.jpg 960w, https:\/\/arcadia.denkanross.de\/wp-content\/uploads\/2020\/10\/Arcadia-Medicine-960x540-1-300x169.jpg 300w, https:\/\/arcadia.denkanross.de\/wp-content\/uploads\/2020\/10\/Arcadia-Medicine-960x540-1-768x432.jpg 768w\" sizes=\"(max-width: 960px) 100vw, 960px\" \/><\/figure><\/li><li class=\"blocks-gallery-item\"><figure><img loading=\"lazy\" decoding=\"async\" width=\"960\" height=\"540\" src=\"https:\/\/arcadia.denkanross.de\/wp-content\/uploads\/2020\/10\/Infusion-960x540-1.jpg\" alt=\"\" data-id=\"856\" data-full-url=\"https:\/\/arcadia.denkanross.de\/wp-content\/uploads\/2020\/10\/Infusion-960x540-1.jpg\" data-link=\"https:\/\/arcadia.denkanross.de\/infusion\/\" class=\"wp-image-856\" srcset=\"https:\/\/arcadia.denkanross.de\/wp-content\/uploads\/2020\/10\/Infusion-960x540-1.jpg 960w, https:\/\/arcadia.denkanross.de\/wp-content\/uploads\/2020\/10\/Infusion-960x540-1-300x169.jpg 300w, https:\/\/arcadia.denkanross.de\/wp-content\/uploads\/2020\/10\/Infusion-960x540-1-768x432.jpg 768w\" sizes=\"(max-width: 960px) 100vw, 960px\" \/><\/figure><\/li><li class=\"blocks-gallery-item\"><figure><img loading=\"lazy\" decoding=\"async\" width=\"960\" height=\"540\" src=\"https:\/\/arcadia.denkanross.de\/wp-content\/uploads\/2020\/10\/Labor-Carmen-960x540-1.jpg\" alt=\"\" data-id=\"868\" data-full-url=\"https:\/\/arcadia.denkanross.de\/wp-content\/uploads\/2020\/10\/Labor-Carmen-960x540-1.jpg\" data-link=\"https:\/\/arcadia.denkanross.de\/labor-carmen-2\/\" class=\"wp-image-868\" srcset=\"https:\/\/arcadia.denkanross.de\/wp-content\/uploads\/2020\/10\/Labor-Carmen-960x540-1.jpg 960w, https:\/\/arcadia.denkanross.de\/wp-content\/uploads\/2020\/10\/Labor-Carmen-960x540-1-300x169.jpg 300w, https:\/\/arcadia.denkanross.de\/wp-content\/uploads\/2020\/10\/Labor-Carmen-960x540-1-768x432.jpg 768w\" sizes=\"(max-width: 960px) 100vw, 960px\" \/><\/figure><\/li><\/ul><\/figure>\n\n\n\n<p><\/p>\n<\/div><\/div>\n\n\n\n<div class=\"wp-block-group alignfull\"><div class=\"wp-block-group__inner-container is-layout-flow wp-block-group-is-layout-flow\">\n<h2 class=\"has-text-align-center wp-block-heading\">Wissenswertes zur Behandlung in der Arcadia Praxisklinik<\/h2>\n\n\n\n<div id=\"content-block-block_5f32f3b5f63b0\" class=\"content-block block-accordion js-accordion\">\n<div class=\"c-accordion\">\n\t\n\t\n\t\t<div class=\"c-accordion-title\" >\n\t\t\tWas ist Borreliose und wie kann sie behandelt werden?\t\t\t<span class=\"toggle\"><\/span>\n\t\t<\/div>\n\t\t<div class=\"c-accordion-content\"><p>Borreliose beschreibt eine Gruppe von Infektionskrankheiten, die durch bestimmte Bakterien, die Borrelien, ausgel\u00f6st werden. Diese ben\u00f6tigen als \u00dcbertr\u00e4ger Zecken oder L\u00e4use, wodurch gerade Menschen, die sich viel in der Natur bewegen, gef\u00e4hrdet sind.<\/p>\n<p>Die Borrelieninfektion wird in 3 Stadien eingeteilt. Als erstes wird nach Zeckenbiss eine wandernde Hautr\u00f6tung, das \u201eErythema migrans\u201c wahrgenommen. Ohne ausreichende Behandlung entsteht die zweite Phase mit grippe\u00e4hnlichen Symptomen, Gelenkentz\u00fcndungen und Schmerzen. Wird auch diese nicht wirksam behandelt, kann sich eine Neuroborreliose einstellen. Diffuse neurologische Symptome wie ungew\u00f6hnliche M\u00fcdigkeit, Konzentrationsschw\u00e4che und Schmerzen sind dann typische Symptome, die oft auch mit Depressivit\u00e4t einhergehen.<\/p>\n<p>Von chronischer Borreliose sprechen wir, wenn die Symptome \u00fcber viele Monate bis zu vielen Jahren anhalten. Hier beginnen wir mit spezialisierten Laboruntersuchungen, die Symptome einer treffenden Diagnose zuzuordnen.<\/p>\n<p>Nach Sicherstellung der Borrelia-Diagnose und des Stadiums behandeln wir diese mit folgenden Verfahren: spezifische Antibiotikatherapie, sowohl intraven\u00f6s als Kurzinfusion als auch oral, mit sowohl traditionellen Antibiotika als auch mit nat\u00fcrlichen Anti-Borrelia Stoffen aus der Natur, verst\u00e4rkt durch Ganzk\u00f6rper-Hyperthermie oder Teilk\u00f6rper-Hyperthermie, im Wechsel mit Immuntherapie und nat\u00fcrlichen antientz\u00fcndlichen Naturstoffen.<\/p>\n<p>F\u00fcr Patienten im Stadium 2 oder 3 hat sich eine Kombination von intraven\u00f6ser Antibiotikatherapie mit moderater Ganzk\u00f6rperhyperthermie als effektiv erwiesen. Dabei wird der Patient mittels Infrarotlicht in einen Fieberzustand versetzt, mit einer K\u00f6rperkerntemperatur von ca 39.5\u00b0C, also wie bei einer Grippe. Neben der Anwendung der klassischen Antibiotika behandeln wir auch mit eine Reihe von antibiotisch wirkenden biologischen Stoffen, wie z.B. dem Artesunat, einem Extrakt aus dem chinesischen Beifu\u00df.<\/p>\n<p>Die Intensit\u00e4t der von uns verabreichten Therapien richtet sich sehr individuell nach dem Symptombild, den Laborbefunden, der Schwere der Symptome und dem Grad der Chronifizierung. Sie reicht von einzelnen ambulanten Behandlungen bis hin zu 3 w\u00f6chigen Intensiv-Therapien f\u00fcr Patienten, die daf\u00fcr in unserem Patientenhotel untergebracht werden.<\/p>\n<p>Das w\u00e4hrend der Ganzk\u00f6rperhyperthermie (Fiebertherapie) parallel per Infusion gegebene Antibiotikum wirkt tiefer und st\u00e4rker, weil die Durchblutung im Fieberzustand effektiver ist und das Immunsystem durch das Fieber zus\u00e4tzlich aktiviert ist. Auch lassen die Zellw\u00e4nde und Gewebe im Fieberzustand die Antibiotika tiefer und schneller eindringen, was bei der chronischen Borreliose einen entscheidenden Vorteil bringt. Den gr\u00f6\u00dften Vorteil unserer Kombinations-Behandlung mit Hyperthermie sehen wir im Behandlungserfolg der Patienten, die vorher schon zahlreiche und ausgiebige Versuche mit antibiotischer Behandlung erlebt haben und nach unserer Behandlung eine tiefergreifende und lang anhaltende Befundverbesserung erleben.<\/p>\n<p>Wenn n\u00f6tig, geben wir weitere Anti-Borrelia-Medikamente dem Patienten nach dem Aufenthalt bei uns mit, zur Fortf\u00fchrung der Behandlung zu Hause.<\/p>\n<\/div>\n\n\t\n\t\t<div class=\"c-accordion-title\" >\n\t\t\tKann ich einen Angeh\u00f6rigen w\u00e4hrend des Aufenthalts mitbringen?\t\t\t<span class=\"toggle\"><\/span>\n\t\t<\/div>\n\t\t<div class=\"c-accordion-content\"><p>Viele unserer Patienten bringen eine Begleitperson mit, die w\u00e4hrend des Aufenthaltes als wichtige Unterst\u00fctzung und Hilfe f\u00fcr den Heilungsverlauf gesch\u00e4tzt wird. Wir sind daf\u00fcr bestens ausger\u00fcstet und bieten Doppelzimmer und Apartments, sowie auch, auf individuellen Wunsch, ein Gesundheitsprogramm f\u00fcr die Begleitperson an.<\/p>\n<p>W\u00e4hrend der medizinischen Behandlungen sorgt unser medizinisches Fachpersonal f\u00fcr Ihr Wohl und die professionelle und sichere Durchf\u00fchrung Ihrer Behandlungen. In der Regel werden die Behandlungen ohne die Angeh\u00f6rigen durchgef\u00fchrt. In Einzelf\u00e4llen kann, nach vorheriger Absprache mit dem Arzt, ein naher Angeh\u00f6riger bei einer Behandlung mit dabei sein.<\/p>\n<\/div>\n\n\t\n\t\t<div class=\"c-accordion-title\" >\n\t\t\tWie schnell kann ich mit einer Krebsbehandlung beginnen?\t\t\t<span class=\"toggle\"><\/span>\n\t\t<\/div>\n\t\t<div class=\"c-accordion-content\"><p>In der Regel liegen unsere Wartezeiten f\u00fcr die Aufnahme neuer Patienten im Bereich von wenigen Wochen. Vorab studieren unsere \u00c4rzte gr\u00fcndlich Ihre medizinische Dokumentation mit allen aktuellen Befunden. Stufen wir Ihr Erkrankungsstadium als behandelbar ein, unterbreiten wir Ihnen ein Behandlungsangebot.<\/p>\n<p>Wir sind immer bem\u00fcht, Ihnen einen fr\u00fchst m\u00f6glichen Behandlungstermin anzubieten. Stehen Sie auf unserer Warteliste, kontaktieren wir Sie im Falle einer Absage eines bereits gebuchten Patienten umgehend, um Ihre Behandlung fr\u00fcher zu beginnen. In der Regel beginnt die Therapie montags um 8.30 Uhr, die Anreise sollte am Sonntag sp\u00e4testens gegen Abend erfolgen.<\/p>\n<\/div>\n\n\t\n\t<\/div>\n<\/div>\n<\/div><\/div>\n\n\n\n<div class=\"wp-block-group alignfull has-gray-background-color has-background\"><div class=\"wp-block-group__inner-container is-layout-flow wp-block-group-is-layout-flow\">\n<div class=\"wp-block-columns alignwide is-layout-flex wp-container-core-columns-is-layout-4 wp-block-columns-is-layout-flex\">\n<div class=\"wp-block-column is-layout-flow wp-block-column-is-layout-flow\">\n<h2 class=\"wp-block-heading\">Sie haben Interesse an einer Behandlung in unserem Haus?<\/h2>\n\n\n\n<p>Sie haben Fragen zur Krebstherapie in unserer Praxisklinik oder m\u00f6chten einen Termin mit unseren \u00c4rzten vereinbaren? Wir nehmen uns Zeit f\u00fcr eine <strong>individuelle Arztberatung \u2013 per Telefon, Video<\/strong> oder auch bei uns direkt in Bad Emstal. Bitte reservieren Sie einen Termin \u00fcber das Kontaktformular. Wir melden uns umgehend zur\u00fcck.<\/p>\n\n\n\n<p><strong><strong>Telefon-Service f\u00fcr unsere G\u00e4ste:<\/strong><\/strong><br>Montag bis Freitag von 8:30-12.30 Uhr<br>und 13.00-16.30 Uhr (au\u00dfer am Mittwoch)<\/p>\n<\/div>\n\n\n\n<div class=\"wp-block-column is-layout-flow wp-block-column-is-layout-flow\">\n<div class=\"wpcf7 no-js\" id=\"wpcf7-f113-o1\" lang=\"de-DE\" dir=\"ltr\">\n<div class=\"screen-reader-response\"><p role=\"status\" aria-live=\"polite\" aria-atomic=\"true\"><\/p> <ul><\/ul><\/div>\n<form action=\"\/de\/wp-json\/wp\/v2\/pages\/488#wpcf7-f113-o1\" method=\"post\" class=\"wpcf7-form init\" aria-label=\"Kontaktformular\" novalidate=\"novalidate\" data-status=\"init\">\n<div style=\"display: none;\">\n<input type=\"hidden\" name=\"_wpcf7\" value=\"113\" \/>\n<input type=\"hidden\" name=\"_wpcf7_version\" value=\"5.9.6\" \/>\n<input type=\"hidden\" name=\"_wpcf7_locale\" value=\"de_DE\" \/>\n<input type=\"hidden\" name=\"_wpcf7_unit_tag\" value=\"wpcf7-f113-o1\" \/>\n<input type=\"hidden\" name=\"_wpcf7_container_post\" value=\"0\" \/>\n<input type=\"hidden\" name=\"_wpcf7_posted_data_hash\" value=\"\" \/>\n<\/div>\n<div class=\"c-card\">\n\t<div class=\"c-form-row\">\n\t\t<div class=\"c-form-group col-md-6\">\n\t\t\t<p><label for=\"firstname\">Vorname*<\/label><span class=\"wpcf7-form-control-wrap\" data-name=\"firstname\"><input size=\"40\" maxlength=\"80\" class=\"wpcf7-form-control wpcf7-text wpcf7-validates-as-required input-text form-control\" aria-required=\"true\" aria-invalid=\"false\" value=\"\" type=\"text\" name=\"firstname\" \/><\/span>\n\t\t\t<\/p>\n\t\t<\/div>\n\t\t<div class=\"c-form-group col-md-6\">\n\t\t\t<p><label for=\"lastname\">Nachname*<\/label><span class=\"wpcf7-form-control-wrap\" data-name=\"lastname\"><input size=\"40\" maxlength=\"80\" class=\"wpcf7-form-control wpcf7-text wpcf7-validates-as-required input-text form-control\" aria-required=\"true\" aria-invalid=\"false\" value=\"\" type=\"text\" name=\"lastname\" \/><\/span>\n\t\t\t<\/p>\n\t\t<\/div>\n\t<\/div>\n\t<div class=\"c-form-row\">\n\t\t<div class=\"c-form-group col-md-6\">\n\t\t\t<p><label for=\"email\">E-Mail*<\/label><span class=\"wpcf7-form-control-wrap\" data-name=\"email\"><input size=\"40\" maxlength=\"80\" class=\"wpcf7-form-control wpcf7-email wpcf7-validates-as-required wpcf7-text wpcf7-validates-as-email input-text form-control\" aria-required=\"true\" aria-invalid=\"false\" value=\"\" type=\"email\" name=\"email\" \/><\/span>\n\t\t\t<\/p>\n\t\t<\/div>\n\t\t<div class=\"c-form-group col-md-6\">\n\t\t\t<p><label for=\"phone\">Telefon<\/label><span class=\"wpcf7-form-control-wrap\" data-name=\"phone\"><input size=\"40\" maxlength=\"80\" class=\"wpcf7-form-control wpcf7-text input-text form-control\" aria-invalid=\"false\" value=\"\" type=\"text\" name=\"phone\" \/><\/span>\n\t\t\t<\/p>\n\t\t<\/div>\n\t<\/div>\n\t<div class=\"c-form-group\">\n\t\t<p><label for=\"Betreff\">Betreff<\/label><span class=\"wpcf7-form-control-wrap\" data-name=\"Betreff\"><select class=\"wpcf7-form-control wpcf7-select\" aria-invalid=\"false\" name=\"Betreff\"><option value=\"Kontaktanfrage\">Kontaktanfrage<\/option><option value=\"R\u00fcckruf\">R\u00fcckruf<\/option><option value=\"Terminanfrage\">Terminanfrage<\/option><\/select><\/span>\n\t\t<\/p>\n\t<\/div>\n\t<div class=\"c-form-group\">\n\t\t<p><label for=\"nachricht\">Nachricht<\/label><span class=\"wpcf7-form-control-wrap\" data-name=\"nachricht\"><textarea cols=\"1\" rows=\"3\" maxlength=\"400\" class=\"wpcf7-form-control wpcf7-textarea input-text form-control\" aria-invalid=\"false\" name=\"nachricht\"><\/textarea><\/span>\n\t\t<\/p>\n\t<\/div>\n\t<div class=\"c-form-group\">\n\t\t<div class=\"form-check\">\n\t\t\t<p><span class=\"wpcf7-form-control-wrap\" data-name=\"acceptance-344\"><span class=\"wpcf7-form-control wpcf7-acceptance\"><span class=\"wpcf7-list-item\"><label><input type=\"checkbox\" name=\"acceptance-344\" value=\"1\" aria-invalid=\"false\" \/><span class=\"wpcf7-list-item-label\">Ich habe die Datenschutzerkl\u00e4rung zur Kenntnis genommen. Ich stimme zu, dass meine Angaben und Daten zur Beantwortung meiner Anfrage elektronisch erhoben und gespeichert werden. Wir werden Ihre Daten ausschlie\u00dflich zur Kommunikation mit Ihnen verwenden und danach umgehend l\u00f6schen. Eine weitere oder l\u00e4ngerfristige Speicherung findet nicht statt. Ihre Daten werden nicht an Dritte weitergegeben. Weitere Informationen hierzu finden Sie in unserer <a href=\"#datenschutz\/\" target=\"_blank\">Datenschutzerkl\u00e4rung<\/a>.<\/span><\/label><\/span><\/span><\/span>\n\t\t\t<\/p>\n\t\t<\/div>\n\t<\/div>\n\t<p class=\"has-small-font-size\">*Pflichtangaben\n\t<\/p>\n\t<div class=\"d-flex my-1\">\n\t\t<p><input class=\"wpcf7-form-control wpcf7-submit has-spinner o-button\" type=\"submit\" value=\"Jetzt abschicken!\" \/>\n\t\t<\/p>\n\t<\/div>\n<\/div><div class=\"wpcf7-response-output\" aria-hidden=\"true\"><\/div>\n<\/form>\n<\/div>\n\n<\/div>\n<\/div>\n<\/div><\/div>\n","protected":false},"excerpt":{"rendered":"<p>Behandlungsablauf bei Krebs oder chronischen Erkrankungen Die Behandlung in der Arcadia Praxisklinik beginnt mit einer umfassenden Beurteilung des aktuellen Gesundheitszustandes&hellip;<\/p>\n","protected":false},"author":2,"featured_media":0,"parent":40,"menu_order":0,"comment_status":"closed","ping_status":"closed","template":"","meta":{"_acf_changed":false,"footnotes":""},"acf":[],"_links":{"self":[{"href":"https:\/\/arcadia.denkanross.de\/de\/wp-json\/wp\/v2\/pages\/488"}],"collection":[{"href":"https:\/\/arcadia.denkanross.de\/de\/wp-json\/wp\/v2\/pages"}],"about":[{"href":"https:\/\/arcadia.denkanross.de\/de\/wp-json\/wp\/v2\/types\/page"}],"author":[{"embeddable":true,"href":"https:\/\/arcadia.denkanross.de\/de\/wp-json\/wp\/v2\/users\/2"}],"replies":[{"embeddable":true,"href":"https:\/\/arcadia.denkanross.de\/de\/wp-json\/wp\/v2\/comments?post=488"}],"version-history":[{"count":49,"href":"https:\/\/arcadia.denkanross.de\/de\/wp-json\/wp\/v2\/pages\/488\/revisions"}],"predecessor-version":[{"id":1714,"href":"https:\/\/arcadia.denkanross.de\/de\/wp-json\/wp\/v2\/pages\/488\/revisions\/1714"}],"up":[{"embeddable":true,"href":"https:\/\/arcadia.denkanross.de\/de\/wp-json\/wp\/v2\/pages\/40"}],"wp:attachment":[{"href":"https:\/\/arcadia.denkanross.de\/de\/wp-json\/wp\/v2\/media?parent=488"}],"curies":[{"name":"wp","href":"https:\/\/api.w.org\/{rel}","templated":true}]}}